{"id":10991,"date":"2025-08-13T13:06:17","date_gmt":"2025-08-13T11:06:17","guid":{"rendered":"https:\/\/hotel-tante.dk\/event-aufenthalt\/"},"modified":"2026-03-03T11:43:57","modified_gmt":"2026-03-03T10:43:57","slug":"event-aufenthalt","status":"publish","type":"page","link":"https:\/\/hotel-tante.dk\/de\/bleiben-sie\/event-aufenthalt\/","title":{"rendered":"Event-Aufenthalt"},"content":{"rendered":"\t\t<div data-elementor-type=\"wp-page\" data-elementor-id=\"10991\" class=\"elementor elementor-10991 elementor-10189\" data-elementor-post-type=\"page\">\n\t\t\t\t<div class=\"elementor-element elementor-element-35412ef e-flex e-con-boxed e-con e-parent\" data-id=\"35412ef\" data-element_type=\"container\" data-e-type=\"container\">\n\t\t\t\t\t<div class=\"e-con-inner\">\n\t\t<div class=\"elementor-element elementor-element-75124f5 e-con-full e-flex e-con e-child\" data-id=\"75124f5\" data-element_type=\"container\" data-e-type=\"container\">\n\t\t\t\t<div class=\"elementor-element elementor-element-16c8f7b elementor-widget elementor-widget-image\" data-id=\"16c8f7b\" data-element_type=\"widget\" data-e-type=\"widget\" data-widget_type=\"image.default\">\n\t\t\t\t<div class=\"elementor-widget-container\">\n\t\t\t\t\t\t\t\t\t\t\t\t\t\t\t<img fetchpriority=\"high\" decoding=\"async\" width=\"1000\" height=\"667\" src=\"https:\/\/hotel-tante.dk\/wp-content\/uploads\/2025\/05\/DSC00308-1000x667.jpg\" class=\"attachment-large size-large wp-image-10889\" alt=\"\" srcset=\"https:\/\/hotel-tante.dk\/wp-content\/uploads\/2025\/05\/DSC00308-1000x667.jpg 1000w, https:\/\/hotel-tante.dk\/wp-content\/uploads\/2025\/05\/DSC00308-500x333.jpg 500w, https:\/\/hotel-tante.dk\/wp-content\/uploads\/2025\/05\/DSC00308-768x512.jpg 768w, https:\/\/hotel-tante.dk\/wp-content\/uploads\/2025\/05\/DSC00308-1536x1024.jpg 1536w, https:\/\/hotel-tante.dk\/wp-content\/uploads\/2025\/05\/DSC00308-scaled.jpg 2048w\" sizes=\"(max-width: 1000px) 100vw, 1000px\" \/>\t\t\t\t\t\t\t\t\t\t\t\t\t\t\t<\/div>\n\t\t\t\t<\/div>\n\t\t\t\t<\/div>\n\t\t<div class=\"elementor-element elementor-element-ac9e37d e-con-full e-flex e-con e-child\" data-id=\"ac9e37d\" data-element_type=\"container\" data-e-type=\"container\">\n\t\t\t\t<div class=\"elementor-element elementor-element-7ad65201 white elementor-widget elementor-widget-text-editor\" data-id=\"7ad65201\" data-element_type=\"widget\" data-e-type=\"widget\" data-widget_type=\"text-editor.default\">\n\t\t\t\t<div class=\"elementor-widget-container\">\n\t\t\t\t\t\t\t\t\t<h2 data-start=\"20\" data-end=\"277\">Besuchen Sie ein Konzert im TANTE Hotel &amp; Events?<\/h2>\n<p><\/p>\n<p data-start=\"20\" data-end=\"277\">Machen Sie es sich besonders bequem und verbessern Sie Ihr Erlebnis mit einer \u00dcbernachtung. Checken Sie am Nachmittag ein und genie\u00dfen Sie den Tag, ohne sich um Transport oder Zeitdruck sorgen zu m\u00fcssen.<\/p>\n<p><\/p>\n<p data-start=\"279\" data-end=\"502\">Nach einem spannenden Tag k\u00f6nnen Sie sich in unseren komfortablen Zimmern entspannen, eine erholsame Nacht in hochwertigen Betten von Auping genie\u00dfen und am Morgen mit einem k\u00f6stlichen Fr\u00fchst\u00fccksbuffet in den Tag starten.<\/p>\n<p><\/p>\n<p data-start=\"504\" data-end=\"547\">Als Gast unserer Events bieten wir Ihnen:<\/p>\n<ul data-start=\"549\" data-end=\"731\">\n<li data-start=\"549\" data-end=\"603\">\n<p data-start=\"551\" data-end=\"603\">Optionale Kombination mit Abendessen im Restaurant<\/p>\n<\/li>\n<li data-start=\"604\" data-end=\"640\">\n<p data-start=\"606\" data-end=\"640\">Sonderrabatte auf \u00dcbernachtungen<\/p>\n<\/li>\n<li data-start=\"641\" data-end=\"696\">\n<p data-start=\"643\" data-end=\"696\">Sp\u00e4ter Check-out, damit Sie sich Zeit lassen k\u00f6nnen<\/p>\n<\/li>\n<li data-start=\"697\" data-end=\"731\">\n<p data-start=\"699\" data-end=\"731\">Kostenlose Parkpl\u00e4tze und WLAN<\/p>\n<\/li>\n<\/ul>\n<p><\/p>\n<p data-start=\"733\" data-end=\"894\">Buchen Sie Ihren Aufenthalt zusammen mit den Tickets f\u00fcr das Event und verbinden Sie Ihr Erlebnis mit Entspannung und Verw\u00f6hnung \u2013 das haben Sie sich verdient.<\/p>\n\t\t\t\t\t\t\t\t<\/div>\n\t\t\t\t<\/div>\n\t\t<div class=\"elementor-element elementor-element-13dc518 e-con-full no-padding e-flex e-con e-child\" data-id=\"13dc518\" data-element_type=\"container\" data-e-type=\"container\">\n\t\t\t\t<div class=\"elementor-element elementor-element-717c4a6 cta elementor-widget elementor-widget-button\" data-id=\"717c4a6\" data-element_type=\"widget\" data-e-type=\"widget\" data-widget_type=\"button.default\">\n\t\t\t\t<div class=\"elementor-widget-container\">\n\t\t\t\t\t\t\t\t\t<div class=\"elementor-button-wrapper\">\n\t\t\t\t\t<a class=\"elementor-button elementor-button-link elementor-size-sm\" href=\"https:\/\/hotel-tante.dk\/de\/veranstaltungen\/\">\n\t\t\t\t\t\t<span class=\"elementor-button-content-wrapper\">\n\t\t\t\t\t\t\t\t\t<span class=\"elementor-button-text\">Kommende Events ansehen<\/span>\n\t\t\t\t\t<\/span>\n\t\t\t\t\t<\/a>\n\t\t\t\t<\/div>\n\t\t\t\t\t\t\t\t<\/div>\n\t\t\t\t<\/div>\n\t\t\t\t<div class=\"elementor-element elementor-element-a8531d4 cta elementor-widget elementor-widget-button\" data-id=\"a8531d4\" data-element_type=\"widget\" data-e-type=\"widget\" data-widget_type=\"button.default\">\n\t\t\t\t<div class=\"elementor-widget-container\">\n\t\t\t\t\t\t\t\t\t<div class=\"elementor-button-wrapper\">\n\t\t\t\t\t<a class=\"elementor-button elementor-button-link elementor-size-sm\" href=\"https:\/\/hotel-tante.dk\/de\/buchen\/\">\n\t\t\t\t\t\t<span class=\"elementor-button-content-wrapper\">\n\t\t\t\t\t\t\t\t\t<span class=\"elementor-button-text\">Aufenthalt buchen<\/span>\n\t\t\t\t\t<\/span>\n\t\t\t\t\t<\/a>\n\t\t\t\t<\/div>\n\t\t\t\t\t\t\t\t<\/div>\n\t\t\t\t<\/div>\n\t\t\t\t<\/div>\n\t\t\t\t<\/div>\n\t\t\t\t\t<\/div>\n\t\t\t\t<\/div>\n\t\t\t\t<\/div>\n\t\t","protected":false},"excerpt":{"rendered":"<p>Besuchen Sie ein Konzert im TANTE Hotel &amp; Events? Machen Sie es sich besonders bequem und verbessern Sie Ihr Erlebnis mit einer \u00dcbernachtung. Checken Sie am Nachmittag ein und genie\u00dfen Sie den Tag, ohne sich um Transport oder Zeitdruck sorgen zu m\u00fcssen. Nach einem spannenden Tag k\u00f6nnen Sie sich in unseren komfortablen Zimmern entspannen, eine &#8230; <a title=\"Event-Aufenthalt\" class=\"read-more\" href=\"https:\/\/hotel-tante.dk\/de\/bleiben-sie\/event-aufenthalt\/\" aria-label=\"Mehr Informationen \u00fcber Event-Aufenthalt\">Weiterlesen &#8230;<\/a><\/p>\n","protected":false},"author":6,"featured_media":0,"parent":12053,"menu_order":0,"comment_status":"closed","ping_status":"closed","template":"","meta":{"_acf_changed":false,"footnotes":""},"categories":[],"class_list":["post-10991","page","type-page","status-publish"],"acf":[],"yoast_head":"<!-- This site is optimized with the Yoast SEO plugin v27.4 - https:\/\/yoast.com\/product\/yoast-seo-wordpress\/ -->\n<title>Event-Aufenthalt | TANTE Hotel &amp; Events<\/title>\n<meta name=\"robots\" content=\"index, follow, max-snippet:-1, max-image-preview:large, max-video-preview:-1\" \/>\n<link rel=\"canonical\" href=\"https:\/\/hotel-tante.dk\/de\/bleiben-sie\/event-aufenthalt\/\" \/>\n<meta property=\"og:locale\" content=\"de_DE\" \/>\n<meta property=\"og:type\" content=\"article\" \/>\n<meta property=\"og:title\" content=\"Event-Aufenthalt | TANTE Hotel &amp; Events\" \/>\n<meta property=\"og:description\" content=\"Besuchen Sie ein Konzert im TANTE Hotel &amp; Events? Machen Sie es sich besonders bequem und verbessern Sie Ihr Erlebnis mit einer \u00dcbernachtung. Checken Sie am Nachmittag ein und genie\u00dfen Sie den Tag, ohne sich um Transport oder Zeitdruck sorgen zu m\u00fcssen. Nach einem spannenden Tag k\u00f6nnen Sie sich in unseren komfortablen Zimmern entspannen, eine ... Weiterlesen ...\" \/>\n<meta property=\"og:url\" content=\"https:\/\/hotel-tante.dk\/de\/bleiben-sie\/event-aufenthalt\/\" \/>\n<meta property=\"og:site_name\" content=\"TANTE Hotel &amp; Events\" \/>\n<meta property=\"article:modified_time\" content=\"2026-03-03T10:43:57+00:00\" \/>\n<meta property=\"og:image\" content=\"https:\/\/hotel-tante.dk\/wp-content\/uploads\/2025\/05\/DSC00308-scaled.jpg\" \/>\n\t<meta property=\"og:image:width\" content=\"2048\" \/>\n\t<meta property=\"og:image:height\" content=\"1365\" \/>\n\t<meta property=\"og:image:type\" content=\"image\/jpeg\" \/>\n<meta name=\"twitter:card\" content=\"summary_large_image\" \/>\n<meta name=\"twitter:label1\" content=\"Gesch\u00e4tzte Lesezeit\" \/>\n\t<meta name=\"twitter:data1\" content=\"1\u00a0Minute\" \/>\n<script type=\"application\/ld+json\" class=\"yoast-schema-graph\">{\"@context\":\"https:\\\/\\\/schema.org\",\"@graph\":[{\"@type\":\"WebPage\",\"@id\":\"https:\\\/\\\/hotel-tante.dk\\\/de\\\/bleiben-sie\\\/event-aufenthalt\\\/\",\"url\":\"https:\\\/\\\/hotel-tante.dk\\\/de\\\/bleiben-sie\\\/event-aufenthalt\\\/\",\"name\":\"Event-Aufenthalt | TANTE Hotel &amp; Events\",\"isPartOf\":{\"@id\":\"https:\\\/\\\/hotel-tante.dk\\\/de\\\/#website\"},\"primaryImageOfPage\":{\"@id\":\"https:\\\/\\\/hotel-tante.dk\\\/de\\\/bleiben-sie\\\/event-aufenthalt\\\/#primaryimage\"},\"image\":{\"@id\":\"https:\\\/\\\/hotel-tante.dk\\\/de\\\/bleiben-sie\\\/event-aufenthalt\\\/#primaryimage\"},\"thumbnailUrl\":\"https:\\\/\\\/hotel-tante.dk\\\/wp-content\\\/uploads\\\/2025\\\/05\\\/DSC00308-1000x667.jpg\",\"datePublished\":\"2025-08-13T11:06:17+00:00\",\"dateModified\":\"2026-03-03T10:43:57+00:00\",\"breadcrumb\":{\"@id\":\"https:\\\/\\\/hotel-tante.dk\\\/de\\\/bleiben-sie\\\/event-aufenthalt\\\/#breadcrumb\"},\"inLanguage\":\"de\",\"potentialAction\":[{\"@type\":\"ReadAction\",\"target\":[\"https:\\\/\\\/hotel-tante.dk\\\/de\\\/bleiben-sie\\\/event-aufenthalt\\\/\"]}]},{\"@type\":\"ImageObject\",\"inLanguage\":\"de\",\"@id\":\"https:\\\/\\\/hotel-tante.dk\\\/de\\\/bleiben-sie\\\/event-aufenthalt\\\/#primaryimage\",\"url\":\"https:\\\/\\\/hotel-tante.dk\\\/wp-content\\\/uploads\\\/2025\\\/05\\\/DSC00308-1000x667.jpg\",\"contentUrl\":\"https:\\\/\\\/hotel-tante.dk\\\/wp-content\\\/uploads\\\/2025\\\/05\\\/DSC00308-1000x667.jpg\"},{\"@type\":\"BreadcrumbList\",\"@id\":\"https:\\\/\\\/hotel-tante.dk\\\/de\\\/bleiben-sie\\\/event-aufenthalt\\\/#breadcrumb\",\"itemListElement\":[{\"@type\":\"ListItem\",\"position\":1,\"name\":\"Forside\",\"item\":\"https:\\\/\\\/hotel-tante.dk\\\/de\\\/start\\\/\"},{\"@type\":\"ListItem\",\"position\":2,\"name\":\"Bleiben Sie\",\"item\":\"https:\\\/\\\/hotel-tante.dk\\\/de\\\/bleiben-sie\\\/\"},{\"@type\":\"ListItem\",\"position\":3,\"name\":\"Event-Aufenthalt\"}]},{\"@type\":\"WebSite\",\"@id\":\"https:\\\/\\\/hotel-tante.dk\\\/de\\\/#website\",\"url\":\"https:\\\/\\\/hotel-tante.dk\\\/de\\\/\",\"name\":\"TANTE Hotel &amp; Events\",\"description\":\"3-stjernet hotel i hjertet af Lemvig\",\"publisher\":{\"@id\":\"https:\\\/\\\/hotel-tante.dk\\\/de\\\/#organization\"},\"potentialAction\":[{\"@type\":\"SearchAction\",\"target\":{\"@type\":\"EntryPoint\",\"urlTemplate\":\"https:\\\/\\\/hotel-tante.dk\\\/de\\\/?s={search_term_string}\"},\"query-input\":{\"@type\":\"PropertyValueSpecification\",\"valueRequired\":true,\"valueName\":\"search_term_string\"}}],\"inLanguage\":\"de\"},{\"@type\":\"Organization\",\"@id\":\"https:\\\/\\\/hotel-tante.dk\\\/de\\\/#organization\",\"name\":\"TANTE Hotel &amp; Events\",\"url\":\"https:\\\/\\\/hotel-tante.dk\\\/de\\\/\",\"logo\":{\"@type\":\"ImageObject\",\"inLanguage\":\"de\",\"@id\":\"https:\\\/\\\/hotel-tante.dk\\\/de\\\/#\\\/schema\\\/logo\\\/image\\\/\",\"url\":\"https:\\\/\\\/hotel-tante.dk\\\/wp-content\\\/uploads\\\/2025\\\/09\\\/cropped-tante-logo_whitegold_CMYK-2-scaled-1.jpg\",\"contentUrl\":\"https:\\\/\\\/hotel-tante.dk\\\/wp-content\\\/uploads\\\/2025\\\/09\\\/cropped-tante-logo_whitegold_CMYK-2-scaled-1.jpg\",\"width\":2047,\"height\":829,\"caption\":\"TANTE Hotel &amp; Events\"},\"image\":{\"@id\":\"https:\\\/\\\/hotel-tante.dk\\\/de\\\/#\\\/schema\\\/logo\\\/image\\\/\"}}]}<\/script>\n<!-- \/ Yoast SEO plugin. -->","yoast_head_json":{"title":"Event-Aufenthalt | TANTE Hotel &amp; Events","robots":{"index":"index","follow":"follow","max-snippet":"max-snippet:-1","max-image-preview":"max-image-preview:large","max-video-preview":"max-video-preview:-1"},"canonical":"https:\/\/hotel-tante.dk\/de\/bleiben-sie\/event-aufenthalt\/","og_locale":"de_DE","og_type":"article","og_title":"Event-Aufenthalt | TANTE Hotel &amp; Events","og_description":"Besuchen Sie ein Konzert im TANTE Hotel &amp; Events? Machen Sie es sich besonders bequem und verbessern Sie Ihr Erlebnis mit einer \u00dcbernachtung. Checken Sie am Nachmittag ein und genie\u00dfen Sie den Tag, ohne sich um Transport oder Zeitdruck sorgen zu m\u00fcssen. Nach einem spannenden Tag k\u00f6nnen Sie sich in unseren komfortablen Zimmern entspannen, eine ... Weiterlesen ...","og_url":"https:\/\/hotel-tante.dk\/de\/bleiben-sie\/event-aufenthalt\/","og_site_name":"TANTE Hotel &amp; Events","article_modified_time":"2026-03-03T10:43:57+00:00","og_image":[{"width":2048,"height":1365,"url":"https:\/\/hotel-tante.dk\/wp-content\/uploads\/2025\/05\/DSC00308-scaled.jpg","type":"image\/jpeg"}],"twitter_card":"summary_large_image","twitter_misc":{"Gesch\u00e4tzte Lesezeit":"1\u00a0Minute"},"schema":{"@context":"https:\/\/schema.org","@graph":[{"@type":"WebPage","@id":"https:\/\/hotel-tante.dk\/de\/bleiben-sie\/event-aufenthalt\/","url":"https:\/\/hotel-tante.dk\/de\/bleiben-sie\/event-aufenthalt\/","name":"Event-Aufenthalt | TANTE Hotel &amp; Events","isPartOf":{"@id":"https:\/\/hotel-tante.dk\/de\/#website"},"primaryImageOfPage":{"@id":"https:\/\/hotel-tante.dk\/de\/bleiben-sie\/event-aufenthalt\/#primaryimage"},"image":{"@id":"https:\/\/hotel-tante.dk\/de\/bleiben-sie\/event-aufenthalt\/#primaryimage"},"thumbnailUrl":"https:\/\/hotel-tante.dk\/wp-content\/uploads\/2025\/05\/DSC00308-1000x667.jpg","datePublished":"2025-08-13T11:06:17+00:00","dateModified":"2026-03-03T10:43:57+00:00","breadcrumb":{"@id":"https:\/\/hotel-tante.dk\/de\/bleiben-sie\/event-aufenthalt\/#breadcrumb"},"inLanguage":"de","potentialAction":[{"@type":"ReadAction","target":["https:\/\/hotel-tante.dk\/de\/bleiben-sie\/event-aufenthalt\/"]}]},{"@type":"ImageObject","inLanguage":"de","@id":"https:\/\/hotel-tante.dk\/de\/bleiben-sie\/event-aufenthalt\/#primaryimage","url":"https:\/\/hotel-tante.dk\/wp-content\/uploads\/2025\/05\/DSC00308-1000x667.jpg","contentUrl":"https:\/\/hotel-tante.dk\/wp-content\/uploads\/2025\/05\/DSC00308-1000x667.jpg"},{"@type":"BreadcrumbList","@id":"https:\/\/hotel-tante.dk\/de\/bleiben-sie\/event-aufenthalt\/#breadcrumb","itemListElement":[{"@type":"ListItem","position":1,"name":"Forside","item":"https:\/\/hotel-tante.dk\/de\/start\/"},{"@type":"ListItem","position":2,"name":"Bleiben Sie","item":"https:\/\/hotel-tante.dk\/de\/bleiben-sie\/"},{"@type":"ListItem","position":3,"name":"Event-Aufenthalt"}]},{"@type":"WebSite","@id":"https:\/\/hotel-tante.dk\/de\/#website","url":"https:\/\/hotel-tante.dk\/de\/","name":"TANTE Hotel &amp; Events","description":"3-stjernet hotel i hjertet af Lemvig","publisher":{"@id":"https:\/\/hotel-tante.dk\/de\/#organization"},"potentialAction":[{"@type":"SearchAction","target":{"@type":"EntryPoint","urlTemplate":"https:\/\/hotel-tante.dk\/de\/?s={search_term_string}"},"query-input":{"@type":"PropertyValueSpecification","valueRequired":true,"valueName":"search_term_string"}}],"inLanguage":"de"},{"@type":"Organization","@id":"https:\/\/hotel-tante.dk\/de\/#organization","name":"TANTE Hotel &amp; Events","url":"https:\/\/hotel-tante.dk\/de\/","logo":{"@type":"ImageObject","inLanguage":"de","@id":"https:\/\/hotel-tante.dk\/de\/#\/schema\/logo\/image\/","url":"https:\/\/hotel-tante.dk\/wp-content\/uploads\/2025\/09\/cropped-tante-logo_whitegold_CMYK-2-scaled-1.jpg","contentUrl":"https:\/\/hotel-tante.dk\/wp-content\/uploads\/2025\/09\/cropped-tante-logo_whitegold_CMYK-2-scaled-1.jpg","width":2047,"height":829,"caption":"TANTE Hotel &amp; Events"},"image":{"@id":"https:\/\/hotel-tante.dk\/de\/#\/schema\/logo\/image\/"}}]}},"_links":{"self":[{"href":"https:\/\/hotel-tante.dk\/de\/wp-json\/wp\/v2\/pages\/10991","targetHints":{"allow":["GET"]}}],"collection":[{"href":"https:\/\/hotel-tante.dk\/de\/wp-json\/wp\/v2\/pages"}],"about":[{"href":"https:\/\/hotel-tante.dk\/de\/wp-json\/wp\/v2\/types\/page"}],"author":[{"embeddable":true,"href":"https:\/\/hotel-tante.dk\/de\/wp-json\/wp\/v2\/users\/6"}],"replies":[{"embeddable":true,"href":"https:\/\/hotel-tante.dk\/de\/wp-json\/wp\/v2\/comments?post=10991"}],"version-history":[{"count":1,"href":"https:\/\/hotel-tante.dk\/de\/wp-json\/wp\/v2\/pages\/10991\/revisions"}],"predecessor-version":[{"id":10992,"href":"https:\/\/hotel-tante.dk\/de\/wp-json\/wp\/v2\/pages\/10991\/revisions\/10992"}],"up":[{"embeddable":true,"href":"https:\/\/hotel-tante.dk\/de\/wp-json\/wp\/v2\/pages\/12053"}],"wp:attachment":[{"href":"https:\/\/hotel-tante.dk\/de\/wp-json\/wp\/v2\/media?parent=10991"}],"wp:term":[{"taxonomy":"category","embeddable":true,"href":"https:\/\/hotel-tante.dk\/de\/wp-json\/wp\/v2\/categories?post=10991"}],"curies":[{"name":"wp","href":"https:\/\/api.w.org\/{rel}","templated":true}]}}