{"id":11004,"date":"2025-08-14T19:55:30","date_gmt":"2025-08-14T17:55:30","guid":{"rendered":"https:\/\/hotel-tante.dk\/wochenendaufenthalt\/"},"modified":"2026-03-03T11:44:59","modified_gmt":"2026-03-03T10:44:59","slug":"wochenendaufenthalt","status":"publish","type":"page","link":"https:\/\/hotel-tante.dk\/de\/bleiben-sie\/wochenendaufenthalt\/","title":{"rendered":"Wochenendaufenthalte"},"content":{"rendered":"\t\t<div data-elementor-type=\"wp-page\" data-elementor-id=\"11004\" class=\"elementor elementor-11004 elementor-10331\" data-elementor-post-type=\"page\">\n\t\t\t\t<div class=\"elementor-element elementor-element-69ad162 e-flex e-con-boxed e-con e-parent\" data-id=\"69ad162\" data-element_type=\"container\" data-e-type=\"container\">\n\t\t\t\t\t<div class=\"e-con-inner\">\n\t\t<div class=\"elementor-element elementor-element-1ae37d5 e-con-full e-flex e-con e-child\" data-id=\"1ae37d5\" data-element_type=\"container\" data-e-type=\"container\">\n\t\t\t\t<div class=\"elementor-element elementor-element-6cb6142 elementor-widget elementor-widget-image\" data-id=\"6cb6142\" data-element_type=\"widget\" data-e-type=\"widget\" data-widget_type=\"image.default\">\n\t\t\t\t<div class=\"elementor-widget-container\">\n\t\t\t\t\t\t\t\t\t\t\t\t\t\t\t<img fetchpriority=\"high\" decoding=\"async\" width=\"1000\" height=\"667\" src=\"https:\/\/hotel-tante.dk\/wp-content\/uploads\/2025\/05\/DSC00760-1000x667.jpg\" class=\"attachment-large size-large wp-image-10895\" alt=\"\" srcset=\"https:\/\/hotel-tante.dk\/wp-content\/uploads\/2025\/05\/DSC00760-1000x667.jpg 1000w, https:\/\/hotel-tante.dk\/wp-content\/uploads\/2025\/05\/DSC00760-500x333.jpg 500w, https:\/\/hotel-tante.dk\/wp-content\/uploads\/2025\/05\/DSC00760-768x512.jpg 768w, https:\/\/hotel-tante.dk\/wp-content\/uploads\/2025\/05\/DSC00760-1536x1024.jpg 1536w, https:\/\/hotel-tante.dk\/wp-content\/uploads\/2025\/05\/DSC00760-scaled.jpg 2048w\" sizes=\"(max-width: 1000px) 100vw, 1000px\" \/>\t\t\t\t\t\t\t\t\t\t\t\t\t\t\t<\/div>\n\t\t\t\t<\/div>\n\t\t\t\t<\/div>\n\t\t<div class=\"elementor-element elementor-element-54ff184 e-con-full e-flex e-con e-child\" data-id=\"54ff184\" data-element_type=\"container\" data-e-type=\"container\">\n\t\t\t\t<div class=\"elementor-element elementor-element-57afc88 white elementor-widget elementor-widget-heading\" data-id=\"57afc88\" data-element_type=\"widget\" data-e-type=\"widget\" data-widget_type=\"heading.default\">\n\t\t\t\t<div class=\"elementor-widget-container\">\n\t\t\t\t\t<h1 class=\"elementor-heading-title elementor-size-default\">Wochenendaufenthalte<\/h1>\t\t\t\t<\/div>\n\t\t\t\t<\/div>\n\t\t\t\t<div class=\"elementor-element elementor-element-db3f6d4 cta elementor-widget elementor-widget-button\" data-id=\"db3f6d4\" data-element_type=\"widget\" data-e-type=\"widget\" data-widget_type=\"button.default\">\n\t\t\t\t<div class=\"elementor-widget-container\">\n\t\t\t\t\t\t\t\t\t<div class=\"elementor-button-wrapper\">\n\t\t\t\t\t<a class=\"elementor-button elementor-button-link elementor-size-sm\" href=\"https:\/\/hotel-tante.dk\/de\/buchen\/\">\n\t\t\t\t\t\t<span class=\"elementor-button-content-wrapper\">\n\t\t\t\t\t\t<span class=\"elementor-button-icon\">\n\t\t\t\t<i aria-hidden=\"true\" class=\"fal fa-bed-alt\"><\/i>\t\t\t<\/span>\n\t\t\t\t\t\t\t\t\t<span class=\"elementor-button-text\">Jetzt buchen<\/span>\n\t\t\t\t\t<\/span>\n\t\t\t\t\t<\/a>\n\t\t\t\t<\/div>\n\t\t\t\t\t\t\t\t<\/div>\n\t\t\t\t<\/div>\n\t\t\t\t<div class=\"elementor-element elementor-element-381f8d07 elementor-widget elementor-widget-text-editor\" data-id=\"381f8d07\" data-element_type=\"widget\" data-e-type=\"widget\" data-widget_type=\"text-editor.default\">\n\t\t\t\t<div class=\"elementor-widget-container\">\n\t\t\t\t\t\t\t\t\t<p data-start=\"100\" data-end=\"177\"><strong data-start=\"100\" data-end=\"175\">G\u00f6nnen Sie sich ein gem\u00fctliches Wochenende im TANTE Hotel &amp; Events<\/strong><\/p><p data-start=\"179\" data-end=\"389\">Nehmen Sie sich eine Auszeit vom Alltag und genie\u00dfen Sie einen erholsamen Aufenthalt in reizvoller Umgebung. Unser Wochenendpaket beinhaltet die Unterbringung in einem komfortablen Doppelzimmer f\u00fcr zwei Personen, wo Sie sich entspannen und die Ruhe genie\u00dfen k\u00f6nnen. <\/p><p data-start=\"391\" data-end=\"631\">Nach einer erholsamen Nacht stehen wir mit einem einladenden Fr\u00fchst\u00fccksbuffet bereit, um Ihren Tag optimal zu beginnen.<\/p><p data-start=\"633\" data-end=\"767\">Ob Sie nun auf der Suche nach Romantik, gastronomischen Erlebnissen oder einfach nur nach einem gem\u00fctlichen Ausflug sind, wir schaffen den Rahmen f\u00fcr ein unvergessliches Wochenende.<\/p>\t\t\t\t\t\t\t\t<\/div>\n\t\t\t\t<\/div>\n\t\t\t\t<\/div>\n\t\t\t\t\t<\/div>\n\t\t\t\t<\/div>\n\t\t\t\t<\/div>\n\t\t","protected":false},"excerpt":{"rendered":"<p>Wochenendaufenthalte Jetzt buchen G\u00f6nnen Sie sich ein gem\u00fctliches Wochenende im TANTE Hotel &amp; Events Nehmen Sie sich eine Auszeit vom Alltag und genie\u00dfen Sie einen erholsamen Aufenthalt in reizvoller Umgebung. Unser Wochenendpaket beinhaltet die Unterbringung in einem komfortablen Doppelzimmer f\u00fcr zwei Personen, wo Sie sich entspannen und die Ruhe genie\u00dfen k\u00f6nnen. Nach einer erholsamen Nacht &#8230; <a title=\"Wochenendaufenthalte\" class=\"read-more\" href=\"https:\/\/hotel-tante.dk\/de\/bleiben-sie\/wochenendaufenthalt\/\" aria-label=\"Mehr Informationen \u00fcber Wochenendaufenthalte\">Weiterlesen &#8230;<\/a><\/p>\n","protected":false},"author":6,"featured_media":10895,"parent":12053,"menu_order":0,"comment_status":"closed","ping_status":"closed","template":"","meta":{"_acf_changed":false,"footnotes":""},"categories":[],"class_list":["post-11004","page","type-page","status-publish","has-post-thumbnail"],"acf":[],"yoast_head":"<!-- This site is optimized with the Yoast SEO plugin v27.4 - https:\/\/yoast.com\/product\/yoast-seo-wordpress\/ -->\n<title>Wochenendaufenthalte | TANTE Hotel &amp; Events<\/title>\n<meta name=\"robots\" content=\"index, follow, max-snippet:-1, max-image-preview:large, max-video-preview:-1\" \/>\n<link rel=\"canonical\" href=\"https:\/\/hotel-tante.dk\/de\/bleiben-sie\/wochenendaufenthalt\/\" \/>\n<meta property=\"og:locale\" content=\"de_DE\" \/>\n<meta property=\"og:type\" content=\"article\" \/>\n<meta property=\"og:title\" content=\"Wochenendaufenthalte | TANTE Hotel &amp; Events\" \/>\n<meta property=\"og:description\" content=\"Wochenendaufenthalte Jetzt buchen G\u00f6nnen Sie sich ein gem\u00fctliches Wochenende im TANTE Hotel &amp; Events Nehmen Sie sich eine Auszeit vom Alltag und genie\u00dfen Sie einen erholsamen Aufenthalt in reizvoller Umgebung. Unser Wochenendpaket beinhaltet die Unterbringung in einem komfortablen Doppelzimmer f\u00fcr zwei Personen, wo Sie sich entspannen und die Ruhe genie\u00dfen k\u00f6nnen. Nach einer erholsamen Nacht ... Weiterlesen ...\" \/>\n<meta property=\"og:url\" content=\"https:\/\/hotel-tante.dk\/de\/bleiben-sie\/wochenendaufenthalt\/\" \/>\n<meta property=\"og:site_name\" content=\"TANTE Hotel &amp; Events\" \/>\n<meta property=\"article:modified_time\" content=\"2026-03-03T10:44:59+00:00\" \/>\n<meta property=\"og:image\" content=\"https:\/\/hotel-tante.dk\/wp-content\/uploads\/2025\/05\/DSC00760-scaled.jpg\" \/>\n\t<meta property=\"og:image:width\" content=\"2048\" \/>\n\t<meta property=\"og:image:height\" content=\"1365\" \/>\n\t<meta property=\"og:image:type\" content=\"image\/jpeg\" \/>\n<meta name=\"twitter:card\" content=\"summary_large_image\" \/>\n<meta name=\"twitter:label1\" content=\"Gesch\u00e4tzte Lesezeit\" \/>\n\t<meta name=\"twitter:data1\" content=\"1\u00a0Minute\" \/>\n<script type=\"application\/ld+json\" class=\"yoast-schema-graph\">{\"@context\":\"https:\\\/\\\/schema.org\",\"@graph\":[{\"@type\":\"WebPage\",\"@id\":\"https:\\\/\\\/hotel-tante.dk\\\/de\\\/bleiben-sie\\\/wochenendaufenthalt\\\/\",\"url\":\"https:\\\/\\\/hotel-tante.dk\\\/de\\\/bleiben-sie\\\/wochenendaufenthalt\\\/\",\"name\":\"Wochenendaufenthalte | TANTE Hotel &amp; Events\",\"isPartOf\":{\"@id\":\"https:\\\/\\\/hotel-tante.dk\\\/de\\\/#website\"},\"primaryImageOfPage\":{\"@id\":\"https:\\\/\\\/hotel-tante.dk\\\/de\\\/bleiben-sie\\\/wochenendaufenthalt\\\/#primaryimage\"},\"image\":{\"@id\":\"https:\\\/\\\/hotel-tante.dk\\\/de\\\/bleiben-sie\\\/wochenendaufenthalt\\\/#primaryimage\"},\"thumbnailUrl\":\"https:\\\/\\\/hotel-tante.dk\\\/wp-content\\\/uploads\\\/2025\\\/05\\\/DSC00760-scaled.jpg\",\"datePublished\":\"2025-08-14T17:55:30+00:00\",\"dateModified\":\"2026-03-03T10:44:59+00:00\",\"breadcrumb\":{\"@id\":\"https:\\\/\\\/hotel-tante.dk\\\/de\\\/bleiben-sie\\\/wochenendaufenthalt\\\/#breadcrumb\"},\"inLanguage\":\"de\",\"potentialAction\":[{\"@type\":\"ReadAction\",\"target\":[\"https:\\\/\\\/hotel-tante.dk\\\/de\\\/bleiben-sie\\\/wochenendaufenthalt\\\/\"]}]},{\"@type\":\"ImageObject\",\"inLanguage\":\"de\",\"@id\":\"https:\\\/\\\/hotel-tante.dk\\\/de\\\/bleiben-sie\\\/wochenendaufenthalt\\\/#primaryimage\",\"url\":\"https:\\\/\\\/hotel-tante.dk\\\/wp-content\\\/uploads\\\/2025\\\/05\\\/DSC00760-scaled.jpg\",\"contentUrl\":\"https:\\\/\\\/hotel-tante.dk\\\/wp-content\\\/uploads\\\/2025\\\/05\\\/DSC00760-scaled.jpg\",\"width\":2048,\"height\":1365},{\"@type\":\"BreadcrumbList\",\"@id\":\"https:\\\/\\\/hotel-tante.dk\\\/de\\\/bleiben-sie\\\/wochenendaufenthalt\\\/#breadcrumb\",\"itemListElement\":[{\"@type\":\"ListItem\",\"position\":1,\"name\":\"Forside\",\"item\":\"https:\\\/\\\/hotel-tante.dk\\\/de\\\/start\\\/\"},{\"@type\":\"ListItem\",\"position\":2,\"name\":\"Bleiben Sie\",\"item\":\"https:\\\/\\\/hotel-tante.dk\\\/de\\\/bleiben-sie\\\/\"},{\"@type\":\"ListItem\",\"position\":3,\"name\":\"Wochenendaufenthalte\"}]},{\"@type\":\"WebSite\",\"@id\":\"https:\\\/\\\/hotel-tante.dk\\\/de\\\/#website\",\"url\":\"https:\\\/\\\/hotel-tante.dk\\\/de\\\/\",\"name\":\"TANTE Hotel &amp; Events\",\"description\":\"3-stjernet hotel i hjertet af Lemvig\",\"publisher\":{\"@id\":\"https:\\\/\\\/hotel-tante.dk\\\/de\\\/#organization\"},\"potentialAction\":[{\"@type\":\"SearchAction\",\"target\":{\"@type\":\"EntryPoint\",\"urlTemplate\":\"https:\\\/\\\/hotel-tante.dk\\\/de\\\/?s={search_term_string}\"},\"query-input\":{\"@type\":\"PropertyValueSpecification\",\"valueRequired\":true,\"valueName\":\"search_term_string\"}}],\"inLanguage\":\"de\"},{\"@type\":\"Organization\",\"@id\":\"https:\\\/\\\/hotel-tante.dk\\\/de\\\/#organization\",\"name\":\"TANTE Hotel &amp; Events\",\"url\":\"https:\\\/\\\/hotel-tante.dk\\\/de\\\/\",\"logo\":{\"@type\":\"ImageObject\",\"inLanguage\":\"de\",\"@id\":\"https:\\\/\\\/hotel-tante.dk\\\/de\\\/#\\\/schema\\\/logo\\\/image\\\/\",\"url\":\"https:\\\/\\\/hotel-tante.dk\\\/wp-content\\\/uploads\\\/2025\\\/09\\\/cropped-tante-logo_whitegold_CMYK-2-scaled-1.jpg\",\"contentUrl\":\"https:\\\/\\\/hotel-tante.dk\\\/wp-content\\\/uploads\\\/2025\\\/09\\\/cropped-tante-logo_whitegold_CMYK-2-scaled-1.jpg\",\"width\":2047,\"height\":829,\"caption\":\"TANTE Hotel &amp; Events\"},\"image\":{\"@id\":\"https:\\\/\\\/hotel-tante.dk\\\/de\\\/#\\\/schema\\\/logo\\\/image\\\/\"}}]}<\/script>\n<!-- \/ Yoast SEO plugin. -->","yoast_head_json":{"title":"Wochenendaufenthalte | TANTE Hotel &amp; Events","robots":{"index":"index","follow":"follow","max-snippet":"max-snippet:-1","max-image-preview":"max-image-preview:large","max-video-preview":"max-video-preview:-1"},"canonical":"https:\/\/hotel-tante.dk\/de\/bleiben-sie\/wochenendaufenthalt\/","og_locale":"de_DE","og_type":"article","og_title":"Wochenendaufenthalte | TANTE Hotel &amp; Events","og_description":"Wochenendaufenthalte Jetzt buchen G\u00f6nnen Sie sich ein gem\u00fctliches Wochenende im TANTE Hotel &amp; Events Nehmen Sie sich eine Auszeit vom Alltag und genie\u00dfen Sie einen erholsamen Aufenthalt in reizvoller Umgebung. Unser Wochenendpaket beinhaltet die Unterbringung in einem komfortablen Doppelzimmer f\u00fcr zwei Personen, wo Sie sich entspannen und die Ruhe genie\u00dfen k\u00f6nnen. Nach einer erholsamen Nacht ... Weiterlesen ...","og_url":"https:\/\/hotel-tante.dk\/de\/bleiben-sie\/wochenendaufenthalt\/","og_site_name":"TANTE Hotel &amp; Events","article_modified_time":"2026-03-03T10:44:59+00:00","og_image":[{"width":2048,"height":1365,"url":"https:\/\/hotel-tante.dk\/wp-content\/uploads\/2025\/05\/DSC00760-scaled.jpg","type":"image\/jpeg"}],"twitter_card":"summary_large_image","twitter_misc":{"Gesch\u00e4tzte Lesezeit":"1\u00a0Minute"},"schema":{"@context":"https:\/\/schema.org","@graph":[{"@type":"WebPage","@id":"https:\/\/hotel-tante.dk\/de\/bleiben-sie\/wochenendaufenthalt\/","url":"https:\/\/hotel-tante.dk\/de\/bleiben-sie\/wochenendaufenthalt\/","name":"Wochenendaufenthalte | TANTE Hotel &amp; Events","isPartOf":{"@id":"https:\/\/hotel-tante.dk\/de\/#website"},"primaryImageOfPage":{"@id":"https:\/\/hotel-tante.dk\/de\/bleiben-sie\/wochenendaufenthalt\/#primaryimage"},"image":{"@id":"https:\/\/hotel-tante.dk\/de\/bleiben-sie\/wochenendaufenthalt\/#primaryimage"},"thumbnailUrl":"https:\/\/hotel-tante.dk\/wp-content\/uploads\/2025\/05\/DSC00760-scaled.jpg","datePublished":"2025-08-14T17:55:30+00:00","dateModified":"2026-03-03T10:44:59+00:00","breadcrumb":{"@id":"https:\/\/hotel-tante.dk\/de\/bleiben-sie\/wochenendaufenthalt\/#breadcrumb"},"inLanguage":"de","potentialAction":[{"@type":"ReadAction","target":["https:\/\/hotel-tante.dk\/de\/bleiben-sie\/wochenendaufenthalt\/"]}]},{"@type":"ImageObject","inLanguage":"de","@id":"https:\/\/hotel-tante.dk\/de\/bleiben-sie\/wochenendaufenthalt\/#primaryimage","url":"https:\/\/hotel-tante.dk\/wp-content\/uploads\/2025\/05\/DSC00760-scaled.jpg","contentUrl":"https:\/\/hotel-tante.dk\/wp-content\/uploads\/2025\/05\/DSC00760-scaled.jpg","width":2048,"height":1365},{"@type":"BreadcrumbList","@id":"https:\/\/hotel-tante.dk\/de\/bleiben-sie\/wochenendaufenthalt\/#breadcrumb","itemListElement":[{"@type":"ListItem","position":1,"name":"Forside","item":"https:\/\/hotel-tante.dk\/de\/start\/"},{"@type":"ListItem","position":2,"name":"Bleiben Sie","item":"https:\/\/hotel-tante.dk\/de\/bleiben-sie\/"},{"@type":"ListItem","position":3,"name":"Wochenendaufenthalte"}]},{"@type":"WebSite","@id":"https:\/\/hotel-tante.dk\/de\/#website","url":"https:\/\/hotel-tante.dk\/de\/","name":"TANTE Hotel &amp; Events","description":"3-stjernet hotel i hjertet af Lemvig","publisher":{"@id":"https:\/\/hotel-tante.dk\/de\/#organization"},"potentialAction":[{"@type":"SearchAction","target":{"@type":"EntryPoint","urlTemplate":"https:\/\/hotel-tante.dk\/de\/?s={search_term_string}"},"query-input":{"@type":"PropertyValueSpecification","valueRequired":true,"valueName":"search_term_string"}}],"inLanguage":"de"},{"@type":"Organization","@id":"https:\/\/hotel-tante.dk\/de\/#organization","name":"TANTE Hotel &amp; Events","url":"https:\/\/hotel-tante.dk\/de\/","logo":{"@type":"ImageObject","inLanguage":"de","@id":"https:\/\/hotel-tante.dk\/de\/#\/schema\/logo\/image\/","url":"https:\/\/hotel-tante.dk\/wp-content\/uploads\/2025\/09\/cropped-tante-logo_whitegold_CMYK-2-scaled-1.jpg","contentUrl":"https:\/\/hotel-tante.dk\/wp-content\/uploads\/2025\/09\/cropped-tante-logo_whitegold_CMYK-2-scaled-1.jpg","width":2047,"height":829,"caption":"TANTE Hotel &amp; Events"},"image":{"@id":"https:\/\/hotel-tante.dk\/de\/#\/schema\/logo\/image\/"}}]}},"_links":{"self":[{"href":"https:\/\/hotel-tante.dk\/de\/wp-json\/wp\/v2\/pages\/11004","targetHints":{"allow":["GET"]}}],"collection":[{"href":"https:\/\/hotel-tante.dk\/de\/wp-json\/wp\/v2\/pages"}],"about":[{"href":"https:\/\/hotel-tante.dk\/de\/wp-json\/wp\/v2\/types\/page"}],"author":[{"embeddable":true,"href":"https:\/\/hotel-tante.dk\/de\/wp-json\/wp\/v2\/users\/6"}],"replies":[{"embeddable":true,"href":"https:\/\/hotel-tante.dk\/de\/wp-json\/wp\/v2\/comments?post=11004"}],"version-history":[{"count":3,"href":"https:\/\/hotel-tante.dk\/de\/wp-json\/wp\/v2\/pages\/11004\/revisions"}],"predecessor-version":[{"id":12074,"href":"https:\/\/hotel-tante.dk\/de\/wp-json\/wp\/v2\/pages\/11004\/revisions\/12074"}],"up":[{"embeddable":true,"href":"https:\/\/hotel-tante.dk\/de\/wp-json\/wp\/v2\/pages\/12053"}],"wp:featuredmedia":[{"embeddable":true,"href":"https:\/\/hotel-tante.dk\/de\/wp-json\/wp\/v2\/media\/10895"}],"wp:attachment":[{"href":"https:\/\/hotel-tante.dk\/de\/wp-json\/wp\/v2\/media?parent=11004"}],"wp:term":[{"taxonomy":"category","embeddable":true,"href":"https:\/\/hotel-tante.dk\/de\/wp-json\/wp\/v2\/categories?post=11004"}],"curies":[{"name":"wp","href":"https:\/\/api.w.org\/{rel}","templated":true}]}}