{"id":11316,"date":"2026-02-11T18:16:23","date_gmt":"2026-02-11T17:16:23","guid":{"rendered":"https:\/\/hotel-tante.dk\/?page_id=11316"},"modified":"2026-03-03T11:43:58","modified_gmt":"2026-03-03T10:43:58","slug":"event-aufenthalt-4","status":"publish","type":"page","link":"https:\/\/hotel-tante.dk\/de\/bleiben-sie\/event-aufenthalt-4\/","title":{"rendered":"Kulturelle Aufenthalte"},"content":{"rendered":"\t\t<div data-elementor-type=\"wp-page\" data-elementor-id=\"11316\" class=\"elementor elementor-11316 elementor-11315\" data-elementor-post-type=\"page\">\n\t\t\t\t<div class=\"elementor-element elementor-element-35412ef e-flex e-con-boxed e-con e-parent\" data-id=\"35412ef\" data-element_type=\"container\" data-e-type=\"container\">\n\t\t\t\t\t<div class=\"e-con-inner\">\n\t\t<div class=\"elementor-element elementor-element-75124f5 e-con-full e-flex e-con e-child\" data-id=\"75124f5\" data-element_type=\"container\" data-e-type=\"container\">\n\t\t\t\t<div class=\"elementor-element elementor-element-16c8f7b elementor-widget elementor-widget-image\" data-id=\"16c8f7b\" data-element_type=\"widget\" data-e-type=\"widget\" data-widget_type=\"image.default\">\n\t\t\t\t<div class=\"elementor-widget-container\">\n\t\t\t\t\t\t\t\t\t\t\t\t\t\t\t<img fetchpriority=\"high\" decoding=\"async\" width=\"480\" height=\"360\" src=\"https:\/\/hotel-tante.dk\/wp-content\/uploads\/2026\/02\/jens-s-museum.webp\" class=\"attachment-large size-large wp-image-11323\" alt=\"\" \/>\t\t\t\t\t\t\t\t\t\t\t\t\t\t\t<\/div>\n\t\t\t\t<\/div>\n\t\t\t\t<\/div>\n\t\t<div class=\"elementor-element elementor-element-ac9e37d e-con-full e-flex e-con e-child\" data-id=\"ac9e37d\" data-element_type=\"container\" data-e-type=\"container\">\n\t\t\t\t<div class=\"elementor-element elementor-element-7ad65201 white elementor-widget elementor-widget-text-editor\" data-id=\"7ad65201\" data-element_type=\"widget\" data-e-type=\"widget\" data-widget_type=\"text-editor.default\">\n\t\t\t\t<div class=\"elementor-widget-container\">\n\t\t\t\t\t\t\t\t\t<h3 data-start=\"127\" data-end=\"167\">Kultureller Aufenthalt in Lemvig<\/h3><p data-start=\"169\" data-end=\"472\">Geben Sie Ihrem n\u00e4chsten Ausflug eine k\u00fcnstlerische Note mit einem <strong data-start=\"219\" data-end=\"259\">kulturellen Aufenthalt im TANTE Hotel &amp; Events<\/strong> im Herzen von Lemvig. Unser Paket kombiniert komfortable Unterkunft und Fr\u00fchst\u00fcck mit <strong data-start=\"345\" data-end=\"405\">Eintrittskarten f\u00fcr drei der aufregendsten Museen der Region<\/strong>, so dass Sie Kultur, Kreativit\u00e4t und lokale Geschichte in einem Aufenthalt erleben. <\/p><p data-start=\"474\" data-end=\"501\">Als Gast erhalten Sie Zugang zu:<\/p><ul data-start=\"503\" data-end=\"1275\"><li data-start=\"503\" data-end=\"798\"><p data-start=\"505\" data-end=\"798\"><strong data-start=\"505\" data-end=\"546\"><span class=\"\" data-state=\"closed\"><span class=\"hover:entity-accent entity-underline inline cursor-pointer align-baseline\"><span class=\"whitespace-normal\">Lemvig Museum<\/span><\/span><\/span><\/strong> &#8211; Ein Museum, das die Geschichte des Lebens in Westj\u00fctland im Laufe der Jahrhunderte erz\u00e4hlt, mit Ausstellungen \u00fcber die lokale Industrie, Fischerei und Kunst, darunter Werke von lokalen K\u00fcnstlern wie Niels Bjerre, Kristen Bjerre und Th\u00f8ger Larsen.<\/p><\/li><li data-start=\"799\" data-end=\"1033\"><p data-start=\"801\" data-end=\"1033\"><strong data-start=\"801\" data-end=\"842\"><span class=\"\" data-state=\"closed\"><span class=\"hover:entity-accent entity-underline inline cursor-pointer align-baseline\"><span class=\"whitespace-normal\">Jens S\u00f8ndergaard Museum<\/span><\/span><\/span><\/strong> &#8211; Ein wundersch\u00f6nes Kunstmuseum mit Werken des anerkannten d\u00e4nischen Malers Jens S\u00f8ndergaard und einzigartigen Ausblicken auf die Nordsee, die seine Kunst inspirierte.<\/p><\/li><li data-start=\"1034\" data-end=\"1275\"><p data-start=\"1036\" data-end=\"1275\"><strong data-start=\"1036\" data-end=\"1077\"><span class=\"\" data-state=\"closed\"><span class=\"hover:entity-accent entity-underline inline cursor-pointer align-baseline\"><span class=\"whitespace-normal\">Das Museum f\u00fcr religi\u00f6se Kunst<\/span><\/span><\/span><\/strong> &#8211; ein einzigartiges Kunstmuseum am Limfjord, das sowohl st\u00e4ndige Sammlungen als auch Wechselausstellungen zu religi\u00f6sen Themen und k\u00fcnstlerischen Interpretationen zeigt.<\/p><\/li><\/ul><p data-start=\"1277\" data-end=\"1473\">Bei einem Kultururlaub mit uns k\u00f6nnen Sie <strong data-start=\"1318\" data-end=\"1375\">die reichen Geschichten der Museen und spannenden Ausstellungen<\/strong> erleben, die einen Einblick in die lokale Kultur, die Kunstgeschichte und die gro\u00dfen philosophischen Fragen der Menschheit geben.<\/p><p data-start=\"1475\" data-end=\"1618\">Und die kulturellen Erlebnisse beschr\u00e4nken sich nicht auf die Museen. <strong data-start=\"1524\" data-end=\"1579\">Die Region Lemvig bietet auch viele andere Erlebnisse<\/strong>, die Sie in Ihren Aufenthalt einbauen k\u00f6nnen:<\/p><ul data-start=\"1619\" data-end=\"1946\"><li data-start=\"1619\" data-end=\"1786\"><p data-start=\"1621\" data-end=\"1786\">Machen Sie einen Ausflug nach Bovbjerg und erleben Sie die dramatische Natur und den ikonischen Bovbjerg-Leuchtturm &#8211; ein perfekter Tagesausflug in die westj\u00fctl\u00e4ndische Landschaft.<\/p><\/li><li data-start=\"1787\" data-end=\"1946\"><p data-start=\"1789\" data-end=\"1946\">Schlendern Sie durch das gem\u00fctliche Stadtzentrum, erkunden Sie die lokalen Galerien, Caf\u00e9s und Boutiquen &#8211; oder genie\u00dfen Sie einen entspannten Spaziergang entlang des Limfjords, der die Stadt umgibt.<\/p><\/li><\/ul><p data-start=\"1948\" data-end=\"2156\">Ob Sie nun Kunstliebhaber, Kulturenthusiast oder einfach nur auf der Suche nach einer erlebnisreichen Auszeit vom Alltag sind, unsere Kulturreisen bieten Ihnen <strong data-start=\"2088\" data-end=\"2155\">eine sch\u00f6ne und inspirierende Kombination aus Kultur, Kunst und Komfort<\/strong>.<\/p>\t\t\t\t\t\t\t\t<\/div>\n\t\t\t\t<\/div>\n\t\t<div class=\"elementor-element elementor-element-13dc518 e-con-full no-padding e-flex e-con e-child\" data-id=\"13dc518\" data-element_type=\"container\" data-e-type=\"container\">\n\t\t\t\t<div class=\"elementor-element elementor-element-a8531d4 cta elementor-widget elementor-widget-button\" data-id=\"a8531d4\" data-element_type=\"widget\" data-e-type=\"widget\" data-widget_type=\"button.default\">\n\t\t\t\t<div class=\"elementor-widget-container\">\n\t\t\t\t\t\t\t\t\t<div class=\"elementor-button-wrapper\">\n\t\t\t\t\t<a class=\"elementor-button elementor-button-link elementor-size-sm\" href=\"https:\/\/hotel-tante.dk\/de\/buchen\/\">\n\t\t\t\t\t\t<span class=\"elementor-button-content-wrapper\">\n\t\t\t\t\t\t\t\t\t<span class=\"elementor-button-text\">Buchen Sie Ihren Aufenthalt<\/span>\n\t\t\t\t\t<\/span>\n\t\t\t\t\t<\/a>\n\t\t\t\t<\/div>\n\t\t\t\t\t\t\t\t<\/div>\n\t\t\t\t<\/div>\n\t\t\t\t<\/div>\n\t\t\t\t<\/div>\n\t\t\t\t\t<\/div>\n\t\t\t\t<\/div>\n\t\t\t\t<\/div>\n\t\t","protected":false},"excerpt":{"rendered":"<p>Kultureller Aufenthalt in Lemvig Geben Sie Ihrem n\u00e4chsten Ausflug eine k\u00fcnstlerische Note mit einem kulturellen Aufenthalt im TANTE Hotel &amp; Events im Herzen von Lemvig. Unser Paket kombiniert komfortable Unterkunft und Fr\u00fchst\u00fcck mit Eintrittskarten f\u00fcr drei der aufregendsten Museen der Region, so dass Sie Kultur, Kreativit\u00e4t und lokale Geschichte in einem Aufenthalt erleben. Als Gast &#8230; <a title=\"Kulturelle Aufenthalte\" class=\"read-more\" href=\"https:\/\/hotel-tante.dk\/de\/bleiben-sie\/event-aufenthalt-4\/\" aria-label=\"Mehr Informationen \u00fcber Kulturelle Aufenthalte\">Weiterlesen &#8230;<\/a><\/p>\n","protected":false},"author":6,"featured_media":0,"parent":12053,"menu_order":0,"comment_status":"closed","ping_status":"closed","template":"","meta":{"_acf_changed":false,"footnotes":""},"categories":[],"class_list":["post-11316","page","type-page","status-publish"],"acf":[],"yoast_head":"<!-- This site is optimized with the Yoast SEO plugin v27.4 - https:\/\/yoast.com\/product\/yoast-seo-wordpress\/ -->\n<title>Kulturelle Aufenthalte | TANTE Hotel &amp; Events<\/title>\n<meta name=\"robots\" content=\"index, follow, max-snippet:-1, max-image-preview:large, max-video-preview:-1\" \/>\n<link rel=\"canonical\" href=\"https:\/\/hotel-tante.dk\/de\/bleiben-sie\/event-aufenthalt-4\/\" \/>\n<meta property=\"og:locale\" content=\"de_DE\" \/>\n<meta property=\"og:type\" content=\"article\" \/>\n<meta property=\"og:title\" content=\"Kulturelle Aufenthalte | TANTE Hotel &amp; Events\" \/>\n<meta property=\"og:description\" content=\"Kultureller Aufenthalt in Lemvig Geben Sie Ihrem n\u00e4chsten Ausflug eine k\u00fcnstlerische Note mit einem kulturellen Aufenthalt im TANTE Hotel &amp; Events im Herzen von Lemvig. Unser Paket kombiniert komfortable Unterkunft und Fr\u00fchst\u00fcck mit Eintrittskarten f\u00fcr drei der aufregendsten Museen der Region, so dass Sie Kultur, Kreativit\u00e4t und lokale Geschichte in einem Aufenthalt erleben. Als Gast ... Weiterlesen ...\" \/>\n<meta property=\"og:url\" content=\"https:\/\/hotel-tante.dk\/de\/bleiben-sie\/event-aufenthalt-4\/\" \/>\n<meta property=\"og:site_name\" content=\"TANTE Hotel &amp; Events\" \/>\n<meta property=\"article:modified_time\" content=\"2026-03-03T10:43:58+00:00\" \/>\n<meta property=\"og:image\" content=\"https:\/\/hotel-tante.dk\/wp-content\/uploads\/2026\/02\/jens-s-museum.webp\" \/>\n\t<meta property=\"og:image:width\" content=\"480\" \/>\n\t<meta property=\"og:image:height\" content=\"360\" \/>\n\t<meta property=\"og:image:type\" content=\"image\/webp\" \/>\n<meta name=\"twitter:card\" content=\"summary_large_image\" \/>\n<meta name=\"twitter:label1\" content=\"Gesch\u00e4tzte Lesezeit\" \/>\n\t<meta name=\"twitter:data1\" content=\"2\u00a0Minuten\" \/>\n<script type=\"application\/ld+json\" class=\"yoast-schema-graph\">{\"@context\":\"https:\\\/\\\/schema.org\",\"@graph\":[{\"@type\":\"WebPage\",\"@id\":\"https:\\\/\\\/hotel-tante.dk\\\/de\\\/bleiben-sie\\\/event-aufenthalt-4\\\/\",\"url\":\"https:\\\/\\\/hotel-tante.dk\\\/de\\\/bleiben-sie\\\/event-aufenthalt-4\\\/\",\"name\":\"Kulturelle Aufenthalte | TANTE Hotel &amp; Events\",\"isPartOf\":{\"@id\":\"https:\\\/\\\/hotel-tante.dk\\\/de\\\/#website\"},\"primaryImageOfPage\":{\"@id\":\"https:\\\/\\\/hotel-tante.dk\\\/de\\\/bleiben-sie\\\/event-aufenthalt-4\\\/#primaryimage\"},\"image\":{\"@id\":\"https:\\\/\\\/hotel-tante.dk\\\/de\\\/bleiben-sie\\\/event-aufenthalt-4\\\/#primaryimage\"},\"thumbnailUrl\":\"https:\\\/\\\/hotel-tante.dk\\\/wp-content\\\/uploads\\\/2026\\\/02\\\/jens-s-museum.webp\",\"datePublished\":\"2026-02-11T17:16:23+00:00\",\"dateModified\":\"2026-03-03T10:43:58+00:00\",\"breadcrumb\":{\"@id\":\"https:\\\/\\\/hotel-tante.dk\\\/de\\\/bleiben-sie\\\/event-aufenthalt-4\\\/#breadcrumb\"},\"inLanguage\":\"de\",\"potentialAction\":[{\"@type\":\"ReadAction\",\"target\":[\"https:\\\/\\\/hotel-tante.dk\\\/de\\\/bleiben-sie\\\/event-aufenthalt-4\\\/\"]}]},{\"@type\":\"ImageObject\",\"inLanguage\":\"de\",\"@id\":\"https:\\\/\\\/hotel-tante.dk\\\/de\\\/bleiben-sie\\\/event-aufenthalt-4\\\/#primaryimage\",\"url\":\"https:\\\/\\\/hotel-tante.dk\\\/wp-content\\\/uploads\\\/2026\\\/02\\\/jens-s-museum.webp\",\"contentUrl\":\"https:\\\/\\\/hotel-tante.dk\\\/wp-content\\\/uploads\\\/2026\\\/02\\\/jens-s-museum.webp\"},{\"@type\":\"BreadcrumbList\",\"@id\":\"https:\\\/\\\/hotel-tante.dk\\\/de\\\/bleiben-sie\\\/event-aufenthalt-4\\\/#breadcrumb\",\"itemListElement\":[{\"@type\":\"ListItem\",\"position\":1,\"name\":\"Forside\",\"item\":\"https:\\\/\\\/hotel-tante.dk\\\/de\\\/start\\\/\"},{\"@type\":\"ListItem\",\"position\":2,\"name\":\"Bleiben Sie\",\"item\":\"https:\\\/\\\/hotel-tante.dk\\\/de\\\/bleiben-sie\\\/\"},{\"@type\":\"ListItem\",\"position\":3,\"name\":\"Kulturelle Aufenthalte\"}]},{\"@type\":\"WebSite\",\"@id\":\"https:\\\/\\\/hotel-tante.dk\\\/de\\\/#website\",\"url\":\"https:\\\/\\\/hotel-tante.dk\\\/de\\\/\",\"name\":\"TANTE Hotel &amp; Events\",\"description\":\"3-stjernet hotel i hjertet af Lemvig\",\"publisher\":{\"@id\":\"https:\\\/\\\/hotel-tante.dk\\\/de\\\/#organization\"},\"potentialAction\":[{\"@type\":\"SearchAction\",\"target\":{\"@type\":\"EntryPoint\",\"urlTemplate\":\"https:\\\/\\\/hotel-tante.dk\\\/de\\\/?s={search_term_string}\"},\"query-input\":{\"@type\":\"PropertyValueSpecification\",\"valueRequired\":true,\"valueName\":\"search_term_string\"}}],\"inLanguage\":\"de\"},{\"@type\":\"Organization\",\"@id\":\"https:\\\/\\\/hotel-tante.dk\\\/de\\\/#organization\",\"name\":\"TANTE Hotel &amp; Events\",\"url\":\"https:\\\/\\\/hotel-tante.dk\\\/de\\\/\",\"logo\":{\"@type\":\"ImageObject\",\"inLanguage\":\"de\",\"@id\":\"https:\\\/\\\/hotel-tante.dk\\\/de\\\/#\\\/schema\\\/logo\\\/image\\\/\",\"url\":\"https:\\\/\\\/hotel-tante.dk\\\/wp-content\\\/uploads\\\/2025\\\/09\\\/cropped-tante-logo_whitegold_CMYK-2-scaled-1.jpg\",\"contentUrl\":\"https:\\\/\\\/hotel-tante.dk\\\/wp-content\\\/uploads\\\/2025\\\/09\\\/cropped-tante-logo_whitegold_CMYK-2-scaled-1.jpg\",\"width\":2047,\"height\":829,\"caption\":\"TANTE Hotel &amp; Events\"},\"image\":{\"@id\":\"https:\\\/\\\/hotel-tante.dk\\\/de\\\/#\\\/schema\\\/logo\\\/image\\\/\"}}]}<\/script>\n<!-- \/ Yoast SEO plugin. -->","yoast_head_json":{"title":"Kulturelle Aufenthalte | TANTE Hotel &amp; Events","robots":{"index":"index","follow":"follow","max-snippet":"max-snippet:-1","max-image-preview":"max-image-preview:large","max-video-preview":"max-video-preview:-1"},"canonical":"https:\/\/hotel-tante.dk\/de\/bleiben-sie\/event-aufenthalt-4\/","og_locale":"de_DE","og_type":"article","og_title":"Kulturelle Aufenthalte | TANTE Hotel &amp; Events","og_description":"Kultureller Aufenthalt in Lemvig Geben Sie Ihrem n\u00e4chsten Ausflug eine k\u00fcnstlerische Note mit einem kulturellen Aufenthalt im TANTE Hotel &amp; Events im Herzen von Lemvig. Unser Paket kombiniert komfortable Unterkunft und Fr\u00fchst\u00fcck mit Eintrittskarten f\u00fcr drei der aufregendsten Museen der Region, so dass Sie Kultur, Kreativit\u00e4t und lokale Geschichte in einem Aufenthalt erleben. Als Gast ... Weiterlesen ...","og_url":"https:\/\/hotel-tante.dk\/de\/bleiben-sie\/event-aufenthalt-4\/","og_site_name":"TANTE Hotel &amp; Events","article_modified_time":"2026-03-03T10:43:58+00:00","og_image":[{"width":480,"height":360,"url":"https:\/\/hotel-tante.dk\/wp-content\/uploads\/2026\/02\/jens-s-museum.webp","type":"image\/webp"}],"twitter_card":"summary_large_image","twitter_misc":{"Gesch\u00e4tzte Lesezeit":"2\u00a0Minuten"},"schema":{"@context":"https:\/\/schema.org","@graph":[{"@type":"WebPage","@id":"https:\/\/hotel-tante.dk\/de\/bleiben-sie\/event-aufenthalt-4\/","url":"https:\/\/hotel-tante.dk\/de\/bleiben-sie\/event-aufenthalt-4\/","name":"Kulturelle Aufenthalte | TANTE Hotel &amp; Events","isPartOf":{"@id":"https:\/\/hotel-tante.dk\/de\/#website"},"primaryImageOfPage":{"@id":"https:\/\/hotel-tante.dk\/de\/bleiben-sie\/event-aufenthalt-4\/#primaryimage"},"image":{"@id":"https:\/\/hotel-tante.dk\/de\/bleiben-sie\/event-aufenthalt-4\/#primaryimage"},"thumbnailUrl":"https:\/\/hotel-tante.dk\/wp-content\/uploads\/2026\/02\/jens-s-museum.webp","datePublished":"2026-02-11T17:16:23+00:00","dateModified":"2026-03-03T10:43:58+00:00","breadcrumb":{"@id":"https:\/\/hotel-tante.dk\/de\/bleiben-sie\/event-aufenthalt-4\/#breadcrumb"},"inLanguage":"de","potentialAction":[{"@type":"ReadAction","target":["https:\/\/hotel-tante.dk\/de\/bleiben-sie\/event-aufenthalt-4\/"]}]},{"@type":"ImageObject","inLanguage":"de","@id":"https:\/\/hotel-tante.dk\/de\/bleiben-sie\/event-aufenthalt-4\/#primaryimage","url":"https:\/\/hotel-tante.dk\/wp-content\/uploads\/2026\/02\/jens-s-museum.webp","contentUrl":"https:\/\/hotel-tante.dk\/wp-content\/uploads\/2026\/02\/jens-s-museum.webp"},{"@type":"BreadcrumbList","@id":"https:\/\/hotel-tante.dk\/de\/bleiben-sie\/event-aufenthalt-4\/#breadcrumb","itemListElement":[{"@type":"ListItem","position":1,"name":"Forside","item":"https:\/\/hotel-tante.dk\/de\/start\/"},{"@type":"ListItem","position":2,"name":"Bleiben Sie","item":"https:\/\/hotel-tante.dk\/de\/bleiben-sie\/"},{"@type":"ListItem","position":3,"name":"Kulturelle Aufenthalte"}]},{"@type":"WebSite","@id":"https:\/\/hotel-tante.dk\/de\/#website","url":"https:\/\/hotel-tante.dk\/de\/","name":"TANTE Hotel &amp; Events","description":"3-stjernet hotel i hjertet af Lemvig","publisher":{"@id":"https:\/\/hotel-tante.dk\/de\/#organization"},"potentialAction":[{"@type":"SearchAction","target":{"@type":"EntryPoint","urlTemplate":"https:\/\/hotel-tante.dk\/de\/?s={search_term_string}"},"query-input":{"@type":"PropertyValueSpecification","valueRequired":true,"valueName":"search_term_string"}}],"inLanguage":"de"},{"@type":"Organization","@id":"https:\/\/hotel-tante.dk\/de\/#organization","name":"TANTE Hotel &amp; Events","url":"https:\/\/hotel-tante.dk\/de\/","logo":{"@type":"ImageObject","inLanguage":"de","@id":"https:\/\/hotel-tante.dk\/de\/#\/schema\/logo\/image\/","url":"https:\/\/hotel-tante.dk\/wp-content\/uploads\/2025\/09\/cropped-tante-logo_whitegold_CMYK-2-scaled-1.jpg","contentUrl":"https:\/\/hotel-tante.dk\/wp-content\/uploads\/2025\/09\/cropped-tante-logo_whitegold_CMYK-2-scaled-1.jpg","width":2047,"height":829,"caption":"TANTE Hotel &amp; Events"},"image":{"@id":"https:\/\/hotel-tante.dk\/de\/#\/schema\/logo\/image\/"}}]}},"_links":{"self":[{"href":"https:\/\/hotel-tante.dk\/de\/wp-json\/wp\/v2\/pages\/11316","targetHints":{"allow":["GET"]}}],"collection":[{"href":"https:\/\/hotel-tante.dk\/de\/wp-json\/wp\/v2\/pages"}],"about":[{"href":"https:\/\/hotel-tante.dk\/de\/wp-json\/wp\/v2\/types\/page"}],"author":[{"embeddable":true,"href":"https:\/\/hotel-tante.dk\/de\/wp-json\/wp\/v2\/users\/6"}],"replies":[{"embeddable":true,"href":"https:\/\/hotel-tante.dk\/de\/wp-json\/wp\/v2\/comments?post=11316"}],"version-history":[{"count":4,"href":"https:\/\/hotel-tante.dk\/de\/wp-json\/wp\/v2\/pages\/11316\/revisions"}],"predecessor-version":[{"id":12028,"href":"https:\/\/hotel-tante.dk\/de\/wp-json\/wp\/v2\/pages\/11316\/revisions\/12028"}],"up":[{"embeddable":true,"href":"https:\/\/hotel-tante.dk\/de\/wp-json\/wp\/v2\/pages\/12053"}],"wp:attachment":[{"href":"https:\/\/hotel-tante.dk\/de\/wp-json\/wp\/v2\/media?parent=11316"}],"wp:term":[{"taxonomy":"category","embeddable":true,"href":"https:\/\/hotel-tante.dk\/de\/wp-json\/wp\/v2\/categories?post=11316"}],"curies":[{"name":"wp","href":"https:\/\/api.w.org\/{rel}","templated":true}]}}