{"id":11328,"date":"2026-02-19T14:42:05","date_gmt":"2026-02-19T13:42:05","guid":{"rendered":"https:\/\/hotel-tante.dk\/?page_id=11328"},"modified":"2026-03-03T11:49:11","modified_gmt":"2026-03-03T10:49:11","slug":"event-aufenthalt-2","status":"publish","type":"page","link":"https:\/\/hotel-tante.dk\/de\/bleiben-sie\/event-aufenthalt-2\/","title":{"rendered":"Gesch\u00e4ftliche Aufenthalte"},"content":{"rendered":"\t\t<div data-elementor-type=\"wp-page\" data-elementor-id=\"11328\" class=\"elementor elementor-11328 elementor-11327\" data-elementor-post-type=\"page\">\n\t\t\t\t<div class=\"elementor-element elementor-element-35412ef e-flex e-con-boxed e-con e-parent\" data-id=\"35412ef\" data-element_type=\"container\" data-e-type=\"container\">\n\t\t\t\t\t<div class=\"e-con-inner\">\n\t\t<div class=\"elementor-element elementor-element-75124f5 e-con-full e-flex e-con e-child\" data-id=\"75124f5\" data-element_type=\"container\" data-e-type=\"container\">\n\t\t\t\t<div class=\"elementor-element elementor-element-16c8f7b elementor-widget elementor-widget-image\" data-id=\"16c8f7b\" data-element_type=\"widget\" data-e-type=\"widget\" data-widget_type=\"image.default\">\n\t\t\t\t<div class=\"elementor-widget-container\">\n\t\t\t\t\t\t\t\t\t\t\t\t\t\t\t<img fetchpriority=\"high\" decoding=\"async\" width=\"1000\" height=\"611\" src=\"https:\/\/hotel-tante.dk\/wp-content\/uploads\/2026\/02\/pexels-notebook-1850613_1920-1000x611.jpg\" class=\"attachment-large size-large wp-image-11729\" alt=\"\" srcset=\"https:\/\/hotel-tante.dk\/wp-content\/uploads\/2026\/02\/pexels-notebook-1850613_1920-1000x611.jpg 1000w, https:\/\/hotel-tante.dk\/wp-content\/uploads\/2026\/02\/pexels-notebook-1850613_1920-500x306.jpg 500w, https:\/\/hotel-tante.dk\/wp-content\/uploads\/2026\/02\/pexels-notebook-1850613_1920-768x470.jpg 768w, https:\/\/hotel-tante.dk\/wp-content\/uploads\/2026\/02\/pexels-notebook-1850613_1920-1536x939.jpg 1536w, https:\/\/hotel-tante.dk\/wp-content\/uploads\/2026\/02\/pexels-notebook-1850613_1920.jpg 1920w\" sizes=\"(max-width: 1000px) 100vw, 1000px\" \/>\t\t\t\t\t\t\t\t\t\t\t\t\t\t\t<\/div>\n\t\t\t\t<\/div>\n\t\t\t\t<\/div>\n\t\t<div class=\"elementor-element elementor-element-ac9e37d e-con-full e-flex e-con e-child\" data-id=\"ac9e37d\" data-element_type=\"container\" data-e-type=\"container\">\n\t\t\t\t<div class=\"elementor-element elementor-element-a79326b elementor-widget elementor-widget-heading\" data-id=\"a79326b\" data-element_type=\"widget\" data-e-type=\"widget\" data-widget_type=\"heading.default\">\n\t\t\t\t<div class=\"elementor-widget-container\">\n\t\t\t\t\t<h2 class=\"elementor-heading-title elementor-size-default\">Gesch\u00e4ftliche Aufenthalte<\/h2>\t\t\t\t<\/div>\n\t\t\t\t<\/div>\n\t\t\t\t<div class=\"elementor-element elementor-element-7ad65201 white elementor-widget elementor-widget-text-editor\" data-id=\"7ad65201\" data-element_type=\"widget\" data-e-type=\"widget\" data-widget_type=\"text-editor.default\">\n\t\t\t\t<div class=\"elementor-widget-container\">\n\t\t\t\t\t\t\t\t\t<p data-start=\"177\" data-end=\"256\"><strong>Handwerkeraufenthalt in Lemvig &#8211; Festes Handwerkerangebot im TANTE Hotel<\/strong> &amp; Events<\/p><p data-start=\"257\" data-end=\"320\"><strong data-start=\"257\" data-end=\"320\">Hotelunterkunft f\u00fcr Handwerker und Unternehmen | Montag-Freitag<\/strong><\/p><p data-start=\"322\" data-end=\"618\">Sind Sie auf der Suche nach einer zuverl\u00e4ssigen und g\u00fcnstigen <strong data-start=\"360\" data-end=\"389\">Handwerkerunterkunft in Lemvig<\/strong> &#8211; entweder als reisender Handwerker oder als Unternehmen, das eine Unterkunft f\u00fcr seine Mitarbeiter bucht? Bei <strong data-start=\"490\" data-end=\"514\">TANTE Hotel &amp; Events<\/strong> bieten wir Ihnen ein komplettes <strong data-start=\"541\" data-end=\"561\">Handwerkerangebot<\/strong>, bei dem Komfort, Verpflegung und ein Festpreis Hand in Hand gehen. <\/p><p data-start=\"620\" data-end=\"780\">Unsere Handwerkeraufenthalte sind ideal f\u00fcr Montagearbeiten, Projektarbeiten und Gesch\u00e4ftsaufenthalte in Lemvig und Umgebung und richten sich sowohl an <strong data-start=\"745\" data-end=\"779\">Privatpersonen als auch an Unternehmen<\/strong>.<\/p><h3 data-start=\"782\" data-end=\"816\">Der Handwerkeraufenthalt umfasst:<\/h3><ul data-start=\"817\" data-end=\"1010\"><li data-start=\"817\" data-end=\"850\"><p data-start=\"819\" data-end=\"850\">Unterkunft in <strong data-start=\"833\" data-end=\"850\">einem Einzelzimmer<\/strong><\/p><\/li><li data-start=\"851\" data-end=\"902\"><p data-start=\"853\" data-end=\"902\"><strong data-start=\"853\" data-end=\"873\">Leckeres Fr\u00fchst\u00fcck<\/strong>, serviert <strong data-start=\"888\" data-end=\"902\">von 6.30-10.00 Uhr<\/strong><\/p><\/li><li data-start=\"903\" data-end=\"972\"><p data-start=\"905\" data-end=\"972\"><strong data-start=\"905\" data-end=\"942\">Gericht des Tages im Hotelrestaurant<\/strong>, serviert von <strong data-start=\"957\" data-end=\"972\">17.00-20.00 Uhr<\/strong><\/p><\/li><li data-start=\"973\" data-end=\"1010\"><p data-start=\"975\" data-end=\"1010\"><strong data-start=\"975\" data-end=\"994\">1 Bier oder Wasser<\/strong> zum Abendessen<\/p><\/li><\/ul><p data-start=\"1012\" data-end=\"1148\">Nach einem langen Arbeitstag k\u00f6nnen Sie oder Ihre Mitarbeiter in ruhiger Umgebung entspannen und eine herzhafte Mahlzeit genie\u00dfen &#8211; ohne zus\u00e4tzliche Planung.<\/p><h3 data-start=\"1150\" data-end=\"1182\">Festpreis &#8211; einfache Budgetierung<\/h3><p data-start=\"1183\" data-end=\"1252\"><strong data-start=\"1183\" data-end=\"1210\">Preis pro Nacht: DKK 995,-<\/strong><br data-start=\"1210\" data-end=\"1213\">Das Angebot ist g\u00fcltig <strong data-start=\"1230\" data-end=\"1251\">von Montag bis Freitag<\/strong>.<\/p><p data-start=\"1254\" data-end=\"1431\">Das macht es ideal f\u00fcr Unternehmen, die <strong data-start=\"1307\" data-end=\"1357\">eine klare Preisstruktur und eine einfache Verwaltung<\/strong> suchen, und f\u00fcr Handwerker, die einen tollen All-inclusive-Hotelaufenthalt suchen.<\/p><h3 data-start=\"1433\" data-end=\"1464\">Buchen Sie einen Handwerkeraufenthalt<\/h3><p data-start=\"1465\" data-end=\"1563\">Handwerkeraufenthalte k\u00f6nnen <strong data-start=\"1494\" data-end=\"1518\">direkt beim Hotel<\/strong> per E-Mail oder Telefon gebucht werden: +45 23 44 80 88<\/p><p data-start=\"1465\" data-end=\"1563\">Das TANTE Hotel &amp; Events ist zentral gelegen und eine beliebte Wahl f\u00fcr die <strong data-start=\"1633\" data-end=\"1678\">Unterbringung von Handwerkern in Westj\u00fctland<\/strong>, ob f\u00fcr Kurzaufenthalte oder Wiederholungsbuchungen.<\/p>\t\t\t\t\t\t\t\t<\/div>\n\t\t\t\t<\/div>\n\t\t<div class=\"elementor-element elementor-element-13dc518 e-con-full no-padding e-flex e-con e-child\" data-id=\"13dc518\" data-element_type=\"container\" data-e-type=\"container\">\n\t\t\t\t<div class=\"elementor-element elementor-element-a8531d4 cta elementor-widget elementor-widget-button\" data-id=\"a8531d4\" data-element_type=\"widget\" data-e-type=\"widget\" data-widget_type=\"button.default\">\n\t\t\t\t<div class=\"elementor-widget-container\">\n\t\t\t\t\t\t\t\t\t<div class=\"elementor-button-wrapper\">\n\t\t\t\t\t<a class=\"elementor-button elementor-button-link elementor-size-sm\" href=\"https:\/\/hotel-tante.dk\/de\/buchen\/\">\n\t\t\t\t\t\t<span class=\"elementor-button-content-wrapper\">\n\t\t\t\t\t\t\t\t\t<span class=\"elementor-button-text\">Buchen Sie Ihren Aufenthalt<\/span>\n\t\t\t\t\t<\/span>\n\t\t\t\t\t<\/a>\n\t\t\t\t<\/div>\n\t\t\t\t\t\t\t\t<\/div>\n\t\t\t\t<\/div>\n\t\t\t\t<\/div>\n\t\t\t\t<\/div>\n\t\t\t\t\t<\/div>\n\t\t\t\t<\/div>\n\t\t\t\t<\/div>\n\t\t","protected":false},"excerpt":{"rendered":"<p>Handwerkeraufenthalt in Lemvig &#8211; Festes Handwerkerangebot im TANTE Hotel &amp; Events Hotelunterkunft f\u00fcr Handwerker und Unternehmen | Montag-Freitag Sind Sie auf der Suche nach einer zuverl\u00e4ssigen und g\u00fcnstigen Handwerkerunterkunft in Lemvig &#8211; entweder als reisender Handwerker oder als Unternehmen, das eine Unterkunft f\u00fcr seine Mitarbeiter bucht? Bei TANTE Hotel &amp; Events bieten wir Ihnen ein &#8230; <a title=\"Gesch\u00e4ftliche Aufenthalte\" class=\"read-more\" href=\"https:\/\/hotel-tante.dk\/de\/bleiben-sie\/event-aufenthalt-2\/\" aria-label=\"Mehr Informationen \u00fcber Gesch\u00e4ftliche Aufenthalte\">Weiterlesen &#8230;<\/a><\/p>\n","protected":false},"author":6,"featured_media":11729,"parent":12053,"menu_order":0,"comment_status":"closed","ping_status":"closed","template":"","meta":{"_acf_changed":false,"footnotes":""},"categories":[],"class_list":["post-11328","page","type-page","status-publish","has-post-thumbnail"],"acf":[],"yoast_head":"<!-- This site is optimized with the Yoast SEO plugin v27.4 - https:\/\/yoast.com\/product\/yoast-seo-wordpress\/ -->\n<title>Gesch\u00e4ftliche Aufenthalte | TANTE Hotel &amp; Events<\/title>\n<meta name=\"robots\" content=\"index, follow, max-snippet:-1, max-image-preview:large, max-video-preview:-1\" \/>\n<link rel=\"canonical\" href=\"https:\/\/hotel-tante.dk\/de\/bleiben-sie\/event-aufenthalt-2\/\" \/>\n<meta property=\"og:locale\" content=\"de_DE\" \/>\n<meta property=\"og:type\" content=\"article\" \/>\n<meta property=\"og:title\" content=\"Gesch\u00e4ftliche Aufenthalte | TANTE Hotel &amp; Events\" \/>\n<meta property=\"og:description\" content=\"Handwerkeraufenthalt in Lemvig &#8211; Festes Handwerkerangebot im TANTE Hotel &amp; Events Hotelunterkunft f\u00fcr Handwerker und Unternehmen | Montag-Freitag Sind Sie auf der Suche nach einer zuverl\u00e4ssigen und g\u00fcnstigen Handwerkerunterkunft in Lemvig &#8211; entweder als reisender Handwerker oder als Unternehmen, das eine Unterkunft f\u00fcr seine Mitarbeiter bucht? Bei TANTE Hotel &amp; Events bieten wir Ihnen ein ... Weiterlesen ...\" \/>\n<meta property=\"og:url\" content=\"https:\/\/hotel-tante.dk\/de\/bleiben-sie\/event-aufenthalt-2\/\" \/>\n<meta property=\"og:site_name\" content=\"TANTE Hotel &amp; Events\" \/>\n<meta property=\"article:modified_time\" content=\"2026-03-03T10:49:11+00:00\" \/>\n<meta property=\"og:image\" content=\"https:\/\/hotel-tante.dk\/wp-content\/uploads\/2026\/02\/pexels-notebook-1850613_1920.jpg\" \/>\n\t<meta property=\"og:image:width\" content=\"1920\" \/>\n\t<meta property=\"og:image:height\" content=\"1174\" \/>\n\t<meta property=\"og:image:type\" content=\"image\/jpeg\" \/>\n<meta name=\"twitter:card\" content=\"summary_large_image\" \/>\n<meta name=\"twitter:label1\" content=\"Gesch\u00e4tzte Lesezeit\" \/>\n\t<meta name=\"twitter:data1\" content=\"1\u00a0Minute\" \/>\n<script type=\"application\/ld+json\" class=\"yoast-schema-graph\">{\"@context\":\"https:\\\/\\\/schema.org\",\"@graph\":[{\"@type\":\"WebPage\",\"@id\":\"https:\\\/\\\/hotel-tante.dk\\\/de\\\/bleiben-sie\\\/event-aufenthalt-2\\\/\",\"url\":\"https:\\\/\\\/hotel-tante.dk\\\/de\\\/bleiben-sie\\\/event-aufenthalt-2\\\/\",\"name\":\"Gesch\u00e4ftliche Aufenthalte | TANTE Hotel &amp; Events\",\"isPartOf\":{\"@id\":\"https:\\\/\\\/hotel-tante.dk\\\/de\\\/#website\"},\"primaryImageOfPage\":{\"@id\":\"https:\\\/\\\/hotel-tante.dk\\\/de\\\/bleiben-sie\\\/event-aufenthalt-2\\\/#primaryimage\"},\"image\":{\"@id\":\"https:\\\/\\\/hotel-tante.dk\\\/de\\\/bleiben-sie\\\/event-aufenthalt-2\\\/#primaryimage\"},\"thumbnailUrl\":\"https:\\\/\\\/hotel-tante.dk\\\/wp-content\\\/uploads\\\/2026\\\/02\\\/pexels-notebook-1850613_1920.jpg\",\"datePublished\":\"2026-02-19T13:42:05+00:00\",\"dateModified\":\"2026-03-03T10:49:11+00:00\",\"breadcrumb\":{\"@id\":\"https:\\\/\\\/hotel-tante.dk\\\/de\\\/bleiben-sie\\\/event-aufenthalt-2\\\/#breadcrumb\"},\"inLanguage\":\"de\",\"potentialAction\":[{\"@type\":\"ReadAction\",\"target\":[\"https:\\\/\\\/hotel-tante.dk\\\/de\\\/bleiben-sie\\\/event-aufenthalt-2\\\/\"]}]},{\"@type\":\"ImageObject\",\"inLanguage\":\"de\",\"@id\":\"https:\\\/\\\/hotel-tante.dk\\\/de\\\/bleiben-sie\\\/event-aufenthalt-2\\\/#primaryimage\",\"url\":\"https:\\\/\\\/hotel-tante.dk\\\/wp-content\\\/uploads\\\/2026\\\/02\\\/pexels-notebook-1850613_1920.jpg\",\"contentUrl\":\"https:\\\/\\\/hotel-tante.dk\\\/wp-content\\\/uploads\\\/2026\\\/02\\\/pexels-notebook-1850613_1920.jpg\",\"width\":1920,\"height\":1174},{\"@type\":\"BreadcrumbList\",\"@id\":\"https:\\\/\\\/hotel-tante.dk\\\/de\\\/bleiben-sie\\\/event-aufenthalt-2\\\/#breadcrumb\",\"itemListElement\":[{\"@type\":\"ListItem\",\"position\":1,\"name\":\"Forside\",\"item\":\"https:\\\/\\\/hotel-tante.dk\\\/de\\\/start\\\/\"},{\"@type\":\"ListItem\",\"position\":2,\"name\":\"Bleiben Sie\",\"item\":\"https:\\\/\\\/hotel-tante.dk\\\/de\\\/bleiben-sie\\\/\"},{\"@type\":\"ListItem\",\"position\":3,\"name\":\"Gesch\u00e4ftliche Aufenthalte\"}]},{\"@type\":\"WebSite\",\"@id\":\"https:\\\/\\\/hotel-tante.dk\\\/de\\\/#website\",\"url\":\"https:\\\/\\\/hotel-tante.dk\\\/de\\\/\",\"name\":\"TANTE Hotel &amp; Events\",\"description\":\"3-stjernet hotel i hjertet af Lemvig\",\"publisher\":{\"@id\":\"https:\\\/\\\/hotel-tante.dk\\\/de\\\/#organization\"},\"potentialAction\":[{\"@type\":\"SearchAction\",\"target\":{\"@type\":\"EntryPoint\",\"urlTemplate\":\"https:\\\/\\\/hotel-tante.dk\\\/de\\\/?s={search_term_string}\"},\"query-input\":{\"@type\":\"PropertyValueSpecification\",\"valueRequired\":true,\"valueName\":\"search_term_string\"}}],\"inLanguage\":\"de\"},{\"@type\":\"Organization\",\"@id\":\"https:\\\/\\\/hotel-tante.dk\\\/de\\\/#organization\",\"name\":\"TANTE Hotel &amp; Events\",\"url\":\"https:\\\/\\\/hotel-tante.dk\\\/de\\\/\",\"logo\":{\"@type\":\"ImageObject\",\"inLanguage\":\"de\",\"@id\":\"https:\\\/\\\/hotel-tante.dk\\\/de\\\/#\\\/schema\\\/logo\\\/image\\\/\",\"url\":\"https:\\\/\\\/hotel-tante.dk\\\/wp-content\\\/uploads\\\/2025\\\/09\\\/cropped-tante-logo_whitegold_CMYK-2-scaled-1.jpg\",\"contentUrl\":\"https:\\\/\\\/hotel-tante.dk\\\/wp-content\\\/uploads\\\/2025\\\/09\\\/cropped-tante-logo_whitegold_CMYK-2-scaled-1.jpg\",\"width\":2047,\"height\":829,\"caption\":\"TANTE Hotel &amp; Events\"},\"image\":{\"@id\":\"https:\\\/\\\/hotel-tante.dk\\\/de\\\/#\\\/schema\\\/logo\\\/image\\\/\"}}]}<\/script>\n<!-- \/ Yoast SEO plugin. -->","yoast_head_json":{"title":"Gesch\u00e4ftliche Aufenthalte | TANTE Hotel &amp; Events","robots":{"index":"index","follow":"follow","max-snippet":"max-snippet:-1","max-image-preview":"max-image-preview:large","max-video-preview":"max-video-preview:-1"},"canonical":"https:\/\/hotel-tante.dk\/de\/bleiben-sie\/event-aufenthalt-2\/","og_locale":"de_DE","og_type":"article","og_title":"Gesch\u00e4ftliche Aufenthalte | TANTE Hotel &amp; Events","og_description":"Handwerkeraufenthalt in Lemvig &#8211; Festes Handwerkerangebot im TANTE Hotel &amp; Events Hotelunterkunft f\u00fcr Handwerker und Unternehmen | Montag-Freitag Sind Sie auf der Suche nach einer zuverl\u00e4ssigen und g\u00fcnstigen Handwerkerunterkunft in Lemvig &#8211; entweder als reisender Handwerker oder als Unternehmen, das eine Unterkunft f\u00fcr seine Mitarbeiter bucht? Bei TANTE Hotel &amp; Events bieten wir Ihnen ein ... Weiterlesen ...","og_url":"https:\/\/hotel-tante.dk\/de\/bleiben-sie\/event-aufenthalt-2\/","og_site_name":"TANTE Hotel &amp; Events","article_modified_time":"2026-03-03T10:49:11+00:00","og_image":[{"width":1920,"height":1174,"url":"https:\/\/hotel-tante.dk\/wp-content\/uploads\/2026\/02\/pexels-notebook-1850613_1920.jpg","type":"image\/jpeg"}],"twitter_card":"summary_large_image","twitter_misc":{"Gesch\u00e4tzte Lesezeit":"1\u00a0Minute"},"schema":{"@context":"https:\/\/schema.org","@graph":[{"@type":"WebPage","@id":"https:\/\/hotel-tante.dk\/de\/bleiben-sie\/event-aufenthalt-2\/","url":"https:\/\/hotel-tante.dk\/de\/bleiben-sie\/event-aufenthalt-2\/","name":"Gesch\u00e4ftliche Aufenthalte | TANTE Hotel &amp; Events","isPartOf":{"@id":"https:\/\/hotel-tante.dk\/de\/#website"},"primaryImageOfPage":{"@id":"https:\/\/hotel-tante.dk\/de\/bleiben-sie\/event-aufenthalt-2\/#primaryimage"},"image":{"@id":"https:\/\/hotel-tante.dk\/de\/bleiben-sie\/event-aufenthalt-2\/#primaryimage"},"thumbnailUrl":"https:\/\/hotel-tante.dk\/wp-content\/uploads\/2026\/02\/pexels-notebook-1850613_1920.jpg","datePublished":"2026-02-19T13:42:05+00:00","dateModified":"2026-03-03T10:49:11+00:00","breadcrumb":{"@id":"https:\/\/hotel-tante.dk\/de\/bleiben-sie\/event-aufenthalt-2\/#breadcrumb"},"inLanguage":"de","potentialAction":[{"@type":"ReadAction","target":["https:\/\/hotel-tante.dk\/de\/bleiben-sie\/event-aufenthalt-2\/"]}]},{"@type":"ImageObject","inLanguage":"de","@id":"https:\/\/hotel-tante.dk\/de\/bleiben-sie\/event-aufenthalt-2\/#primaryimage","url":"https:\/\/hotel-tante.dk\/wp-content\/uploads\/2026\/02\/pexels-notebook-1850613_1920.jpg","contentUrl":"https:\/\/hotel-tante.dk\/wp-content\/uploads\/2026\/02\/pexels-notebook-1850613_1920.jpg","width":1920,"height":1174},{"@type":"BreadcrumbList","@id":"https:\/\/hotel-tante.dk\/de\/bleiben-sie\/event-aufenthalt-2\/#breadcrumb","itemListElement":[{"@type":"ListItem","position":1,"name":"Forside","item":"https:\/\/hotel-tante.dk\/de\/start\/"},{"@type":"ListItem","position":2,"name":"Bleiben Sie","item":"https:\/\/hotel-tante.dk\/de\/bleiben-sie\/"},{"@type":"ListItem","position":3,"name":"Gesch\u00e4ftliche Aufenthalte"}]},{"@type":"WebSite","@id":"https:\/\/hotel-tante.dk\/de\/#website","url":"https:\/\/hotel-tante.dk\/de\/","name":"TANTE Hotel &amp; Events","description":"3-stjernet hotel i hjertet af Lemvig","publisher":{"@id":"https:\/\/hotel-tante.dk\/de\/#organization"},"potentialAction":[{"@type":"SearchAction","target":{"@type":"EntryPoint","urlTemplate":"https:\/\/hotel-tante.dk\/de\/?s={search_term_string}"},"query-input":{"@type":"PropertyValueSpecification","valueRequired":true,"valueName":"search_term_string"}}],"inLanguage":"de"},{"@type":"Organization","@id":"https:\/\/hotel-tante.dk\/de\/#organization","name":"TANTE Hotel &amp; Events","url":"https:\/\/hotel-tante.dk\/de\/","logo":{"@type":"ImageObject","inLanguage":"de","@id":"https:\/\/hotel-tante.dk\/de\/#\/schema\/logo\/image\/","url":"https:\/\/hotel-tante.dk\/wp-content\/uploads\/2025\/09\/cropped-tante-logo_whitegold_CMYK-2-scaled-1.jpg","contentUrl":"https:\/\/hotel-tante.dk\/wp-content\/uploads\/2025\/09\/cropped-tante-logo_whitegold_CMYK-2-scaled-1.jpg","width":2047,"height":829,"caption":"TANTE Hotel &amp; Events"},"image":{"@id":"https:\/\/hotel-tante.dk\/de\/#\/schema\/logo\/image\/"}}]}},"_links":{"self":[{"href":"https:\/\/hotel-tante.dk\/de\/wp-json\/wp\/v2\/pages\/11328","targetHints":{"allow":["GET"]}}],"collection":[{"href":"https:\/\/hotel-tante.dk\/de\/wp-json\/wp\/v2\/pages"}],"about":[{"href":"https:\/\/hotel-tante.dk\/de\/wp-json\/wp\/v2\/types\/page"}],"author":[{"embeddable":true,"href":"https:\/\/hotel-tante.dk\/de\/wp-json\/wp\/v2\/users\/6"}],"replies":[{"embeddable":true,"href":"https:\/\/hotel-tante.dk\/de\/wp-json\/wp\/v2\/comments?post=11328"}],"version-history":[{"count":5,"href":"https:\/\/hotel-tante.dk\/de\/wp-json\/wp\/v2\/pages\/11328\/revisions"}],"predecessor-version":[{"id":12242,"href":"https:\/\/hotel-tante.dk\/de\/wp-json\/wp\/v2\/pages\/11328\/revisions\/12242"}],"up":[{"embeddable":true,"href":"https:\/\/hotel-tante.dk\/de\/wp-json\/wp\/v2\/pages\/12053"}],"wp:featuredmedia":[{"embeddable":true,"href":"https:\/\/hotel-tante.dk\/de\/wp-json\/wp\/v2\/media\/11729"}],"wp:attachment":[{"href":"https:\/\/hotel-tante.dk\/de\/wp-json\/wp\/v2\/media?parent=11328"}],"wp:term":[{"taxonomy":"category","embeddable":true,"href":"https:\/\/hotel-tante.dk\/de\/wp-json\/wp\/v2\/categories?post=11328"}],"curies":[{"name":"wp","href":"https:\/\/api.w.org\/{rel}","templated":true}]}}