{"id":11755,"date":"2026-02-19T15:32:15","date_gmt":"2026-02-19T14:32:15","guid":{"rendered":"https:\/\/hotel-tante.dk\/?page_id=11755"},"modified":"2026-03-03T11:48:58","modified_gmt":"2026-03-03T10:48:58","slug":"event-aufenthalt-3","status":"publish","type":"page","link":"https:\/\/hotel-tante.dk\/de\/bleiben-sie\/event-aufenthalt-3\/","title":{"rendered":"Allt\u00e4gliches Leben"},"content":{"rendered":"\t\t<div data-elementor-type=\"wp-page\" data-elementor-id=\"11755\" class=\"elementor elementor-11755 elementor-11754\" data-elementor-post-type=\"page\">\n\t\t\t\t<div class=\"elementor-element elementor-element-35412ef e-flex e-con-boxed e-con e-parent\" data-id=\"35412ef\" data-element_type=\"container\" data-e-type=\"container\">\n\t\t\t\t\t<div class=\"e-con-inner\">\n\t\t<div class=\"elementor-element elementor-element-75124f5 e-con-full e-flex e-con e-child\" data-id=\"75124f5\" data-element_type=\"container\" data-e-type=\"container\">\n\t\t\t\t<div class=\"elementor-element elementor-element-16c8f7b elementor-widget elementor-widget-image\" data-id=\"16c8f7b\" data-element_type=\"widget\" data-e-type=\"widget\" data-widget_type=\"image.default\">\n\t\t\t\t<div class=\"elementor-widget-container\">\n\t\t\t\t\t\t\t\t\t\t\t\t\t\t\t<img fetchpriority=\"high\" decoding=\"async\" width=\"1000\" height=\"667\" src=\"https:\/\/hotel-tante.dk\/wp-content\/uploads\/2026\/02\/Nordvestkysten-sommer-2020\u00a9FlyingOctober-2839-1600px-1000x667.jpg\" class=\"attachment-large size-large wp-image-11761\" alt=\"\" srcset=\"https:\/\/hotel-tante.dk\/wp-content\/uploads\/2026\/02\/Nordvestkysten-sommer-2020\u00a9FlyingOctober-2839-1600px-1000x667.jpg 1000w, https:\/\/hotel-tante.dk\/wp-content\/uploads\/2026\/02\/Nordvestkysten-sommer-2020\u00a9FlyingOctober-2839-1600px-500x333.jpg 500w, https:\/\/hotel-tante.dk\/wp-content\/uploads\/2026\/02\/Nordvestkysten-sommer-2020\u00a9FlyingOctober-2839-1600px-768x512.jpg 768w, https:\/\/hotel-tante.dk\/wp-content\/uploads\/2026\/02\/Nordvestkysten-sommer-2020\u00a9FlyingOctober-2839-1600px-1536x1024.jpg 1536w, https:\/\/hotel-tante.dk\/wp-content\/uploads\/2026\/02\/Nordvestkysten-sommer-2020\u00a9FlyingOctober-2839-1600px.jpg 1600w\" sizes=\"(max-width: 1000px) 100vw, 1000px\" \/>\t\t\t\t\t\t\t\t\t\t\t\t\t\t\t<\/div>\n\t\t\t\t<\/div>\n\t\t\t\t<\/div>\n\t\t<div class=\"elementor-element elementor-element-ac9e37d e-con-full e-flex e-con e-child\" data-id=\"ac9e37d\" data-element_type=\"container\" data-e-type=\"container\">\n\t\t\t\t<div class=\"elementor-element elementor-element-a79326b elementor-widget elementor-widget-heading\" data-id=\"a79326b\" data-element_type=\"widget\" data-e-type=\"widget\" data-widget_type=\"heading.default\">\n\t\t\t\t<div class=\"elementor-widget-container\">\n\t\t\t\t\t<h2 class=\"elementor-heading-title elementor-size-default\">Allt\u00e4gliches Leben<\/h2>\t\t\t\t<\/div>\n\t\t\t\t<\/div>\n\t\t\t\t<div class=\"elementor-element elementor-element-7ad65201 white elementor-widget elementor-widget-text-editor\" data-id=\"7ad65201\" data-element_type=\"widget\" data-e-type=\"widget\" data-widget_type=\"text-editor.default\">\n\t\t\t\t<div class=\"elementor-widget-container\">\n\t\t\t\t\t\t\t\t\t<p>Tr\u00e4umen Sie von einem Wochenendaufenthalt in Westj\u00fctland oder einem gem\u00fctlichen Ausflug an die Nordsee?<\/p><p>Im TANTE Hotel &amp; Events in Lemvig bieten wir Ihnen einen stimmungsvollen Aufenthalt unter der Woche, bei dem Sie das gleiche Erlebnis wie bei einem klassischen Wochenendaufenthalt haben &#8211; nur an Wochentagen und zu einem besonders attraktiven Preis.<\/p><p>Wohnen Sie im Zentrum von Lemvig zwischen Limfjord und Nordsee, umgeben von westj\u00fctl\u00e4ndischer Natur, frischer Seeluft und einer gem\u00fctlichen Marktstadtatmosph\u00e4re. Eine offensichtliche Wahl f\u00fcr Paare und Einzelpersonen, die einen Wochenendaufenthalt in Westj\u00fctland mit Ruhe, Intimit\u00e4t und tollen Erlebnissen suchen. <\/p><h2>Der Aufenthalt umfasst<\/h2><ul><li>Unterkunft in einem Doppelzimmer<\/li><li>Leckeres Fr\u00fchst\u00fcck von 6.30 &#8211; 10.00<\/li><li><a href=\"https:\/\/hotel-tante.dk\/de\/restaurant\/\">Tagesgericht<\/a> im Hotelrestaurant von 17.00 &#8211; 20.00 Uhr<\/li><li>1 Bier oder Wasser pro Person<\/li><\/ul><p>Preis pro Person und Nacht: DKK 695,-<br>Das Angebot ist g\u00fcltig f\u00fcr die Anreise von Montag bis Donnerstag.<\/p><p>W\u00e4hrend Ihres Aufenthalts k\u00f6nnen Sie die gem\u00fctliche Hafenumgebung von Lemvig am Limfjord erleben, einen Ausflug an die Nordsee unternehmen oder die sch\u00f6ne Landschaft Westj\u00fctlands erkunden. Perfekt f\u00fcr einen Kurzurlaub, einen romantischen Ausflug oder einen g\u00fcnstigen Hotelaufenthalt in J\u00fctland. <\/p><p>Buchen Sie Ihren Aufenthalt direkt beim Hotel unter +45 23 44 80 88.<\/p>\t\t\t\t\t\t\t\t<\/div>\n\t\t\t\t<\/div>\n\t\t<div class=\"elementor-element elementor-element-13dc518 e-con-full no-padding e-flex e-con e-child\" data-id=\"13dc518\" data-element_type=\"container\" data-e-type=\"container\">\n\t\t\t\t<div class=\"elementor-element elementor-element-a8531d4 cta elementor-widget elementor-widget-button\" data-id=\"a8531d4\" data-element_type=\"widget\" data-e-type=\"widget\" data-widget_type=\"button.default\">\n\t\t\t\t<div class=\"elementor-widget-container\">\n\t\t\t\t\t\t\t\t\t<div class=\"elementor-button-wrapper\">\n\t\t\t\t\t<a class=\"elementor-button elementor-button-link elementor-size-sm\" href=\"https:\/\/hotel-tante.dk\/de\/buchen\/\">\n\t\t\t\t\t\t<span class=\"elementor-button-content-wrapper\">\n\t\t\t\t\t\t\t\t\t<span class=\"elementor-button-text\">Buchen Sie Ihren Aufenthalt<\/span>\n\t\t\t\t\t<\/span>\n\t\t\t\t\t<\/a>\n\t\t\t\t<\/div>\n\t\t\t\t\t\t\t\t<\/div>\n\t\t\t\t<\/div>\n\t\t\t\t<\/div>\n\t\t\t\t<\/div>\n\t\t\t\t\t<\/div>\n\t\t\t\t<\/div>\n\t\t\t\t<\/div>\n\t\t","protected":false},"excerpt":{"rendered":"<p>Tr\u00e4umen Sie von einem Wochenendaufenthalt in Westj\u00fctland oder einem gem\u00fctlichen Ausflug an die Nordsee? Im TANTE Hotel &amp; Events in Lemvig bieten wir Ihnen einen stimmungsvollen Aufenthalt unter der Woche, bei dem Sie das gleiche Erlebnis wie bei einem klassischen Wochenendaufenthalt haben &#8211; nur an Wochentagen und zu einem besonders attraktiven Preis. Wohnen Sie im &#8230; <a title=\"Allt\u00e4gliches Leben\" class=\"read-more\" href=\"https:\/\/hotel-tante.dk\/de\/bleiben-sie\/event-aufenthalt-3\/\" aria-label=\"Mehr Informationen \u00fcber Allt\u00e4gliches Leben\">Weiterlesen &#8230;<\/a><\/p>\n","protected":false},"author":6,"featured_media":11761,"parent":12053,"menu_order":0,"comment_status":"closed","ping_status":"closed","template":"","meta":{"_acf_changed":false,"footnotes":""},"categories":[],"class_list":["post-11755","page","type-page","status-publish","has-post-thumbnail"],"acf":[],"yoast_head":"<!-- This site is optimized with the Yoast SEO plugin v27.4 - https:\/\/yoast.com\/product\/yoast-seo-wordpress\/ -->\n<title>Allt\u00e4gliches Leben | TANTE Hotel &amp; Events<\/title>\n<meta name=\"robots\" content=\"index, follow, max-snippet:-1, max-image-preview:large, max-video-preview:-1\" \/>\n<link rel=\"canonical\" href=\"https:\/\/hotel-tante.dk\/de\/bleiben-sie\/event-aufenthalt-3\/\" \/>\n<meta property=\"og:locale\" content=\"de_DE\" \/>\n<meta property=\"og:type\" content=\"article\" \/>\n<meta property=\"og:title\" content=\"Allt\u00e4gliches Leben | TANTE Hotel &amp; Events\" \/>\n<meta property=\"og:description\" content=\"Tr\u00e4umen Sie von einem Wochenendaufenthalt in Westj\u00fctland oder einem gem\u00fctlichen Ausflug an die Nordsee? Im TANTE Hotel &amp; Events in Lemvig bieten wir Ihnen einen stimmungsvollen Aufenthalt unter der Woche, bei dem Sie das gleiche Erlebnis wie bei einem klassischen Wochenendaufenthalt haben &#8211; nur an Wochentagen und zu einem besonders attraktiven Preis. Wohnen Sie im ... Weiterlesen ...\" \/>\n<meta property=\"og:url\" content=\"https:\/\/hotel-tante.dk\/de\/bleiben-sie\/event-aufenthalt-3\/\" \/>\n<meta property=\"og:site_name\" content=\"TANTE Hotel &amp; Events\" \/>\n<meta property=\"article:modified_time\" content=\"2026-03-03T10:48:58+00:00\" \/>\n<meta property=\"og:image\" content=\"https:\/\/hotel-tante.dk\/wp-content\/uploads\/2026\/02\/Nordvestkysten-sommer-2020\u00a9FlyingOctober-2839-1600px.jpg\" \/>\n\t<meta property=\"og:image:width\" content=\"1600\" \/>\n\t<meta property=\"og:image:height\" content=\"1067\" \/>\n\t<meta property=\"og:image:type\" content=\"image\/jpeg\" \/>\n<meta name=\"twitter:card\" content=\"summary_large_image\" \/>\n<meta name=\"twitter:label1\" content=\"Gesch\u00e4tzte Lesezeit\" \/>\n\t<meta name=\"twitter:data1\" content=\"1\u00a0Minute\" \/>\n<script type=\"application\/ld+json\" class=\"yoast-schema-graph\">{\"@context\":\"https:\\\/\\\/schema.org\",\"@graph\":[{\"@type\":\"WebPage\",\"@id\":\"https:\\\/\\\/hotel-tante.dk\\\/de\\\/bleiben-sie\\\/event-aufenthalt-3\\\/\",\"url\":\"https:\\\/\\\/hotel-tante.dk\\\/de\\\/bleiben-sie\\\/event-aufenthalt-3\\\/\",\"name\":\"Allt\u00e4gliches Leben | TANTE Hotel &amp; Events\",\"isPartOf\":{\"@id\":\"https:\\\/\\\/hotel-tante.dk\\\/de\\\/#website\"},\"primaryImageOfPage\":{\"@id\":\"https:\\\/\\\/hotel-tante.dk\\\/de\\\/bleiben-sie\\\/event-aufenthalt-3\\\/#primaryimage\"},\"image\":{\"@id\":\"https:\\\/\\\/hotel-tante.dk\\\/de\\\/bleiben-sie\\\/event-aufenthalt-3\\\/#primaryimage\"},\"thumbnailUrl\":\"https:\\\/\\\/hotel-tante.dk\\\/wp-content\\\/uploads\\\/2026\\\/02\\\/Nordvestkysten-sommer-2020\u00a9FlyingOctober-2839-1600px.jpg\",\"datePublished\":\"2026-02-19T14:32:15+00:00\",\"dateModified\":\"2026-03-03T10:48:58+00:00\",\"breadcrumb\":{\"@id\":\"https:\\\/\\\/hotel-tante.dk\\\/de\\\/bleiben-sie\\\/event-aufenthalt-3\\\/#breadcrumb\"},\"inLanguage\":\"de\",\"potentialAction\":[{\"@type\":\"ReadAction\",\"target\":[\"https:\\\/\\\/hotel-tante.dk\\\/de\\\/bleiben-sie\\\/event-aufenthalt-3\\\/\"]}]},{\"@type\":\"ImageObject\",\"inLanguage\":\"de\",\"@id\":\"https:\\\/\\\/hotel-tante.dk\\\/de\\\/bleiben-sie\\\/event-aufenthalt-3\\\/#primaryimage\",\"url\":\"https:\\\/\\\/hotel-tante.dk\\\/wp-content\\\/uploads\\\/2026\\\/02\\\/Nordvestkysten-sommer-2020\u00a9FlyingOctober-2839-1600px.jpg\",\"contentUrl\":\"https:\\\/\\\/hotel-tante.dk\\\/wp-content\\\/uploads\\\/2026\\\/02\\\/Nordvestkysten-sommer-2020\u00a9FlyingOctober-2839-1600px.jpg\",\"width\":1600,\"height\":1067,\"caption\":\"Foto: VisitNordvestkysten\"},{\"@type\":\"BreadcrumbList\",\"@id\":\"https:\\\/\\\/hotel-tante.dk\\\/de\\\/bleiben-sie\\\/event-aufenthalt-3\\\/#breadcrumb\",\"itemListElement\":[{\"@type\":\"ListItem\",\"position\":1,\"name\":\"Forside\",\"item\":\"https:\\\/\\\/hotel-tante.dk\\\/de\\\/start\\\/\"},{\"@type\":\"ListItem\",\"position\":2,\"name\":\"Bleiben Sie\",\"item\":\"https:\\\/\\\/hotel-tante.dk\\\/de\\\/bleiben-sie\\\/\"},{\"@type\":\"ListItem\",\"position\":3,\"name\":\"Allt\u00e4gliches Leben\"}]},{\"@type\":\"WebSite\",\"@id\":\"https:\\\/\\\/hotel-tante.dk\\\/de\\\/#website\",\"url\":\"https:\\\/\\\/hotel-tante.dk\\\/de\\\/\",\"name\":\"TANTE Hotel &amp; Events\",\"description\":\"3-stjernet hotel i hjertet af Lemvig\",\"publisher\":{\"@id\":\"https:\\\/\\\/hotel-tante.dk\\\/de\\\/#organization\"},\"potentialAction\":[{\"@type\":\"SearchAction\",\"target\":{\"@type\":\"EntryPoint\",\"urlTemplate\":\"https:\\\/\\\/hotel-tante.dk\\\/de\\\/?s={search_term_string}\"},\"query-input\":{\"@type\":\"PropertyValueSpecification\",\"valueRequired\":true,\"valueName\":\"search_term_string\"}}],\"inLanguage\":\"de\"},{\"@type\":\"Organization\",\"@id\":\"https:\\\/\\\/hotel-tante.dk\\\/de\\\/#organization\",\"name\":\"TANTE Hotel &amp; Events\",\"url\":\"https:\\\/\\\/hotel-tante.dk\\\/de\\\/\",\"logo\":{\"@type\":\"ImageObject\",\"inLanguage\":\"de\",\"@id\":\"https:\\\/\\\/hotel-tante.dk\\\/de\\\/#\\\/schema\\\/logo\\\/image\\\/\",\"url\":\"https:\\\/\\\/hotel-tante.dk\\\/wp-content\\\/uploads\\\/2025\\\/09\\\/cropped-tante-logo_whitegold_CMYK-2-scaled-1.jpg\",\"contentUrl\":\"https:\\\/\\\/hotel-tante.dk\\\/wp-content\\\/uploads\\\/2025\\\/09\\\/cropped-tante-logo_whitegold_CMYK-2-scaled-1.jpg\",\"width\":2047,\"height\":829,\"caption\":\"TANTE Hotel &amp; Events\"},\"image\":{\"@id\":\"https:\\\/\\\/hotel-tante.dk\\\/de\\\/#\\\/schema\\\/logo\\\/image\\\/\"}}]}<\/script>\n<!-- \/ Yoast SEO plugin. -->","yoast_head_json":{"title":"Allt\u00e4gliches Leben | TANTE Hotel &amp; Events","robots":{"index":"index","follow":"follow","max-snippet":"max-snippet:-1","max-image-preview":"max-image-preview:large","max-video-preview":"max-video-preview:-1"},"canonical":"https:\/\/hotel-tante.dk\/de\/bleiben-sie\/event-aufenthalt-3\/","og_locale":"de_DE","og_type":"article","og_title":"Allt\u00e4gliches Leben | TANTE Hotel &amp; Events","og_description":"Tr\u00e4umen Sie von einem Wochenendaufenthalt in Westj\u00fctland oder einem gem\u00fctlichen Ausflug an die Nordsee? Im TANTE Hotel &amp; Events in Lemvig bieten wir Ihnen einen stimmungsvollen Aufenthalt unter der Woche, bei dem Sie das gleiche Erlebnis wie bei einem klassischen Wochenendaufenthalt haben &#8211; nur an Wochentagen und zu einem besonders attraktiven Preis. Wohnen Sie im ... Weiterlesen ...","og_url":"https:\/\/hotel-tante.dk\/de\/bleiben-sie\/event-aufenthalt-3\/","og_site_name":"TANTE Hotel &amp; Events","article_modified_time":"2026-03-03T10:48:58+00:00","og_image":[{"width":1600,"height":1067,"url":"https:\/\/hotel-tante.dk\/wp-content\/uploads\/2026\/02\/Nordvestkysten-sommer-2020\u00a9FlyingOctober-2839-1600px.jpg","type":"image\/jpeg"}],"twitter_card":"summary_large_image","twitter_misc":{"Gesch\u00e4tzte Lesezeit":"1\u00a0Minute"},"schema":{"@context":"https:\/\/schema.org","@graph":[{"@type":"WebPage","@id":"https:\/\/hotel-tante.dk\/de\/bleiben-sie\/event-aufenthalt-3\/","url":"https:\/\/hotel-tante.dk\/de\/bleiben-sie\/event-aufenthalt-3\/","name":"Allt\u00e4gliches Leben | TANTE Hotel &amp; Events","isPartOf":{"@id":"https:\/\/hotel-tante.dk\/de\/#website"},"primaryImageOfPage":{"@id":"https:\/\/hotel-tante.dk\/de\/bleiben-sie\/event-aufenthalt-3\/#primaryimage"},"image":{"@id":"https:\/\/hotel-tante.dk\/de\/bleiben-sie\/event-aufenthalt-3\/#primaryimage"},"thumbnailUrl":"https:\/\/hotel-tante.dk\/wp-content\/uploads\/2026\/02\/Nordvestkysten-sommer-2020\u00a9FlyingOctober-2839-1600px.jpg","datePublished":"2026-02-19T14:32:15+00:00","dateModified":"2026-03-03T10:48:58+00:00","breadcrumb":{"@id":"https:\/\/hotel-tante.dk\/de\/bleiben-sie\/event-aufenthalt-3\/#breadcrumb"},"inLanguage":"de","potentialAction":[{"@type":"ReadAction","target":["https:\/\/hotel-tante.dk\/de\/bleiben-sie\/event-aufenthalt-3\/"]}]},{"@type":"ImageObject","inLanguage":"de","@id":"https:\/\/hotel-tante.dk\/de\/bleiben-sie\/event-aufenthalt-3\/#primaryimage","url":"https:\/\/hotel-tante.dk\/wp-content\/uploads\/2026\/02\/Nordvestkysten-sommer-2020\u00a9FlyingOctober-2839-1600px.jpg","contentUrl":"https:\/\/hotel-tante.dk\/wp-content\/uploads\/2026\/02\/Nordvestkysten-sommer-2020\u00a9FlyingOctober-2839-1600px.jpg","width":1600,"height":1067,"caption":"Foto: VisitNordvestkysten"},{"@type":"BreadcrumbList","@id":"https:\/\/hotel-tante.dk\/de\/bleiben-sie\/event-aufenthalt-3\/#breadcrumb","itemListElement":[{"@type":"ListItem","position":1,"name":"Forside","item":"https:\/\/hotel-tante.dk\/de\/start\/"},{"@type":"ListItem","position":2,"name":"Bleiben Sie","item":"https:\/\/hotel-tante.dk\/de\/bleiben-sie\/"},{"@type":"ListItem","position":3,"name":"Allt\u00e4gliches Leben"}]},{"@type":"WebSite","@id":"https:\/\/hotel-tante.dk\/de\/#website","url":"https:\/\/hotel-tante.dk\/de\/","name":"TANTE Hotel &amp; Events","description":"3-stjernet hotel i hjertet af Lemvig","publisher":{"@id":"https:\/\/hotel-tante.dk\/de\/#organization"},"potentialAction":[{"@type":"SearchAction","target":{"@type":"EntryPoint","urlTemplate":"https:\/\/hotel-tante.dk\/de\/?s={search_term_string}"},"query-input":{"@type":"PropertyValueSpecification","valueRequired":true,"valueName":"search_term_string"}}],"inLanguage":"de"},{"@type":"Organization","@id":"https:\/\/hotel-tante.dk\/de\/#organization","name":"TANTE Hotel &amp; Events","url":"https:\/\/hotel-tante.dk\/de\/","logo":{"@type":"ImageObject","inLanguage":"de","@id":"https:\/\/hotel-tante.dk\/de\/#\/schema\/logo\/image\/","url":"https:\/\/hotel-tante.dk\/wp-content\/uploads\/2025\/09\/cropped-tante-logo_whitegold_CMYK-2-scaled-1.jpg","contentUrl":"https:\/\/hotel-tante.dk\/wp-content\/uploads\/2025\/09\/cropped-tante-logo_whitegold_CMYK-2-scaled-1.jpg","width":2047,"height":829,"caption":"TANTE Hotel &amp; Events"},"image":{"@id":"https:\/\/hotel-tante.dk\/de\/#\/schema\/logo\/image\/"}}]}},"_links":{"self":[{"href":"https:\/\/hotel-tante.dk\/de\/wp-json\/wp\/v2\/pages\/11755","targetHints":{"allow":["GET"]}}],"collection":[{"href":"https:\/\/hotel-tante.dk\/de\/wp-json\/wp\/v2\/pages"}],"about":[{"href":"https:\/\/hotel-tante.dk\/de\/wp-json\/wp\/v2\/types\/page"}],"author":[{"embeddable":true,"href":"https:\/\/hotel-tante.dk\/de\/wp-json\/wp\/v2\/users\/6"}],"replies":[{"embeddable":true,"href":"https:\/\/hotel-tante.dk\/de\/wp-json\/wp\/v2\/comments?post=11755"}],"version-history":[{"count":6,"href":"https:\/\/hotel-tante.dk\/de\/wp-json\/wp\/v2\/pages\/11755\/revisions"}],"predecessor-version":[{"id":12228,"href":"https:\/\/hotel-tante.dk\/de\/wp-json\/wp\/v2\/pages\/11755\/revisions\/12228"}],"up":[{"embeddable":true,"href":"https:\/\/hotel-tante.dk\/de\/wp-json\/wp\/v2\/pages\/12053"}],"wp:featuredmedia":[{"embeddable":true,"href":"https:\/\/hotel-tante.dk\/de\/wp-json\/wp\/v2\/media\/11761"}],"wp:attachment":[{"href":"https:\/\/hotel-tante.dk\/de\/wp-json\/wp\/v2\/media?parent=11755"}],"wp:term":[{"taxonomy":"category","embeddable":true,"href":"https:\/\/hotel-tante.dk\/de\/wp-json\/wp\/v2\/categories?post=11755"}],"curies":[{"name":"wp","href":"https:\/\/api.w.org\/{rel}","templated":true}]}}