{"id":11780,"date":"2026-02-20T08:55:42","date_gmt":"2026-02-20T07:55:42","guid":{"rendered":"https:\/\/hotel-tante.dk\/?page_id=11780"},"modified":"2026-03-03T11:48:48","modified_gmt":"2026-03-03T10:48:48","slug":"event-aufenthalt-4","status":"publish","type":"page","link":"https:\/\/hotel-tante.dk\/de\/event-aufenthalt-5\/event-aufenthalt-4\/","title":{"rendered":"Konferenz"},"content":{"rendered":"\t\t<div data-elementor-type=\"wp-page\" data-elementor-id=\"11780\" class=\"elementor elementor-11780 elementor-11779\" data-elementor-post-type=\"page\">\n\t\t\t\t<div class=\"elementor-element elementor-element-35412ef e-flex e-con-boxed e-con e-parent\" data-id=\"35412ef\" data-element_type=\"container\" data-e-type=\"container\">\n\t\t\t\t\t<div class=\"e-con-inner\">\n\t\t<div class=\"elementor-element elementor-element-75124f5 e-con-full e-flex e-con e-child\" data-id=\"75124f5\" data-element_type=\"container\" data-e-type=\"container\">\n\t\t\t\t<div class=\"elementor-element elementor-element-16c8f7b elementor-widget elementor-widget-image\" data-id=\"16c8f7b\" data-element_type=\"widget\" data-e-type=\"widget\" data-widget_type=\"image.default\">\n\t\t\t\t<div class=\"elementor-widget-container\">\n\t\t\t\t\t\t\t\t\t\t\t\t\t\t\t<img fetchpriority=\"high\" decoding=\"async\" width=\"1000\" height=\"611\" src=\"https:\/\/hotel-tante.dk\/wp-content\/uploads\/2026\/02\/pexels-notebook-1850613_1920-1000x611.jpg\" class=\"attachment-large size-large wp-image-11729\" alt=\"\" srcset=\"https:\/\/hotel-tante.dk\/wp-content\/uploads\/2026\/02\/pexels-notebook-1850613_1920-1000x611.jpg 1000w, https:\/\/hotel-tante.dk\/wp-content\/uploads\/2026\/02\/pexels-notebook-1850613_1920-500x306.jpg 500w, https:\/\/hotel-tante.dk\/wp-content\/uploads\/2026\/02\/pexels-notebook-1850613_1920-768x470.jpg 768w, https:\/\/hotel-tante.dk\/wp-content\/uploads\/2026\/02\/pexels-notebook-1850613_1920-1536x939.jpg 1536w, https:\/\/hotel-tante.dk\/wp-content\/uploads\/2026\/02\/pexels-notebook-1850613_1920.jpg 1920w\" sizes=\"(max-width: 1000px) 100vw, 1000px\" \/>\t\t\t\t\t\t\t\t\t\t\t\t\t\t\t<\/div>\n\t\t\t\t<\/div>\n\t\t\t\t<\/div>\n\t\t<div class=\"elementor-element elementor-element-ac9e37d e-con-full e-flex e-con e-child\" data-id=\"ac9e37d\" data-element_type=\"container\" data-e-type=\"container\">\n\t\t\t\t<div class=\"elementor-element elementor-element-a79326b elementor-widget elementor-widget-heading\" data-id=\"a79326b\" data-element_type=\"widget\" data-e-type=\"widget\" data-widget_type=\"heading.default\">\n\t\t\t\t<div class=\"elementor-widget-container\">\n\t\t\t\t\t<h2 class=\"elementor-heading-title elementor-size-default\">Konferenz<\/h2>\t\t\t\t<\/div>\n\t\t\t\t<\/div>\n\t\t\t\t<div class=\"elementor-element elementor-element-7ad65201 white elementor-widget elementor-widget-text-editor\" data-id=\"7ad65201\" data-element_type=\"widget\" data-e-type=\"widget\" data-widget_type=\"text-editor.default\">\n\t\t\t\t<div class=\"elementor-widget-container\">\n\t\t\t\t\t\t\t\t\t<h2>Professionelle Umgebung in Westj\u00fctland &#8211; nahe dem Limfjord und der Nordsee<\/h2><p>Im Tante Hotel &amp; Events in Lemvig bieten wir Konferenzen in ruhiger, inspirierender Umgebung im Herzen Westj\u00fctlands an. Hier kombinieren wir moderne Einrichtungen mit westj\u00fctl\u00e4ndischer Pr\u00e4senz und pers\u00f6nlichem Service. <\/p><p>Unsere Lage in der N\u00e4he des Limfjords und der Nordsee schafft eine besondere Atmosph\u00e4re &#8211; ideal f\u00fcr Kontemplation, strategische Entscheidungen und starke Gemeinschaften.<br>Wir sind ein Boutique-Konferenzhotel f\u00fcr Unternehmen, die mehr wollen als nur einen Tagungsraum.<\/p><h2>Warum eine Konferenz in Lemvig?<\/h2><p>Wenn Sie eine Konferenz in Lemvig veranstalten, erhalten Sie:<\/p><p>&#8211; Ruhe und Konzentration abseits der Ablenkungen der Stadt<br>&#8211; Landschaftlich reizvolle Umgebung am Limfjord<br>&#8211; N\u00e4he zur Nordsee<br>&#8211; Pers\u00f6nlicher Service und ein fester Ansprechpartner<br>&#8211; Unterkunftsm\u00f6glichkeiten an einem Ort<\/p><p>Sowohl Unternehmen aus Westj\u00fctland als auch aus dem \u00fcbrigen D\u00e4nemark w\u00e4hlen diese Kombination, wenn es darum geht, das Team zusammenzustellen und die Richtung vorzugeben.<\/p><h2>Konferenz mit \u00dcbernachtung<\/h2><p>Wir bieten sowohl Tageskonferenzen als auch Konferenzen mit \u00dcbernachtung in komfortablen Zimmern an.<\/p><p>Eine Rund-um-die-Uhr-Konferenz bietet Zeit f\u00fcr Reflexion, informelle Gespr\u00e4che beim Abendessen und st\u00e4rkere Beziehungen innerhalb des Teams.<\/p><p>Wir schneidern das Programm auf Ihre Bed\u00fcrfnisse zu &#8211; egal ob Sie ein Strategieseminar, ein Management-Meeting oder eine Fachkonferenz planen.<\/p><h2>Einrichtungen<\/h2><p>&#8211; Flexible Konferenzr\u00e4ume<br>&#8211; Moderne AV-Ausstattung<br>&#8211; Schnelles WiFi<br>&#8211; Catering mit Fokus auf Qualit\u00e4t<br>&#8211; Kostenlose Parkpl\u00e4tze<br>&#8211; Private Speisem\u00f6glichkeiten<\/p><p>Wir k\u00fcmmern uns um die Details, damit Sie sich auf den Inhalt konzentrieren k\u00f6nnen.<\/p><h2>Eine Konferenz mit Raum f\u00fcr Perspektiven<\/h2><p>Die Natur rund um Lemvig sorgt f\u00fcr eine frische Brise. Ein Spaziergang am Limfjord oder ein Besuch an der Nordsee kann neue Ideen und eine klare Richtung er\u00f6ffnen.<br>Bei Tante Hotel &amp; Events geht es bei Konferenzen nicht nur um das Programm &#8211; es geht um das Ganze. <\/p><h2>Planen Sie Ihre Konferenz in Westj\u00fctland<\/h2><p>M\u00f6chten Sie mehr \u00fcber Konferenzen in Lemvig erfahren? Kontaktieren Sie uns f\u00fcr ein unverbindliches Angebot. <\/p>\t\t\t\t\t\t\t\t<\/div>\n\t\t\t\t<\/div>\n\t\t\t\t<\/div>\n\t\t\t\t\t<\/div>\n\t\t\t\t<\/div>\n\t\t\t\t<\/div>\n\t\t","protected":false},"excerpt":{"rendered":"<p>Professionelle Umgebung in Westj\u00fctland &#8211; nahe dem Limfjord und der Nordsee Im Tante Hotel &amp; Events in Lemvig bieten wir Konferenzen in ruhiger, inspirierender Umgebung im Herzen Westj\u00fctlands an. Hier kombinieren wir moderne Einrichtungen mit westj\u00fctl\u00e4ndischer Pr\u00e4senz und pers\u00f6nlichem Service. Unsere Lage in der N\u00e4he des Limfjords und der Nordsee schafft eine besondere Atmosph\u00e4re &#8211; &#8230; <a title=\"Konferenz\" class=\"read-more\" href=\"https:\/\/hotel-tante.dk\/de\/event-aufenthalt-5\/event-aufenthalt-4\/\" aria-label=\"Mehr Informationen \u00fcber Konferenz\">Weiterlesen &#8230;<\/a><\/p>\n","protected":false},"author":6,"featured_media":11729,"parent":11798,"menu_order":0,"comment_status":"closed","ping_status":"closed","template":"","meta":{"_acf_changed":false,"footnotes":""},"categories":[],"class_list":["post-11780","page","type-page","status-publish","has-post-thumbnail"],"acf":[],"yoast_head":"<!-- This site is optimized with the Yoast SEO plugin v27.4 - https:\/\/yoast.com\/product\/yoast-seo-wordpress\/ -->\n<title>Konferenz | TANTE Hotel &amp; Events<\/title>\n<meta name=\"description\" content=\"Veranstalten Sie Ihre Konferenz in Lemvig im Tante Hotel &amp; Events. Professionelle Einrichtungen in Westj\u00fctland in der N\u00e4he des Limfjords und der Nordsee.\" \/>\n<meta name=\"robots\" content=\"index, follow, max-snippet:-1, max-image-preview:large, max-video-preview:-1\" \/>\n<link rel=\"canonical\" href=\"https:\/\/hotel-tante.dk\/de\/event-aufenthalt-5\/event-aufenthalt-4\/\" \/>\n<meta property=\"og:locale\" content=\"de_DE\" \/>\n<meta property=\"og:type\" content=\"article\" \/>\n<meta property=\"og:title\" content=\"Konferenz | TANTE Hotel &amp; Events\" \/>\n<meta property=\"og:description\" content=\"Veranstalten Sie Ihre Konferenz in Lemvig im Tante Hotel &amp; Events. Professionelle Einrichtungen in Westj\u00fctland in der N\u00e4he des Limfjords und der Nordsee.\" \/>\n<meta property=\"og:url\" content=\"https:\/\/hotel-tante.dk\/de\/event-aufenthalt-5\/event-aufenthalt-4\/\" \/>\n<meta property=\"og:site_name\" content=\"TANTE Hotel &amp; Events\" \/>\n<meta property=\"article:modified_time\" content=\"2026-03-03T10:48:48+00:00\" \/>\n<meta property=\"og:image\" content=\"https:\/\/hotel-tante.dk\/wp-content\/uploads\/2026\/02\/pexels-notebook-1850613_1920.jpg\" \/>\n\t<meta property=\"og:image:width\" content=\"1920\" \/>\n\t<meta property=\"og:image:height\" content=\"1174\" \/>\n\t<meta property=\"og:image:type\" content=\"image\/jpeg\" \/>\n<meta name=\"twitter:card\" content=\"summary_large_image\" \/>\n<meta name=\"twitter:label1\" content=\"Gesch\u00e4tzte Lesezeit\" \/>\n\t<meta name=\"twitter:data1\" content=\"2\u00a0Minuten\" \/>\n<script type=\"application\/ld+json\" class=\"yoast-schema-graph\">{\"@context\":\"https:\\\/\\\/schema.org\",\"@graph\":[{\"@type\":\"WebPage\",\"@id\":\"https:\\\/\\\/hotel-tante.dk\\\/de\\\/event-aufenthalt-5\\\/event-aufenthalt-4\\\/\",\"url\":\"https:\\\/\\\/hotel-tante.dk\\\/de\\\/event-aufenthalt-5\\\/event-aufenthalt-4\\\/\",\"name\":\"Konferenz | TANTE Hotel &amp; Events\",\"isPartOf\":{\"@id\":\"https:\\\/\\\/hotel-tante.dk\\\/de\\\/#website\"},\"primaryImageOfPage\":{\"@id\":\"https:\\\/\\\/hotel-tante.dk\\\/de\\\/event-aufenthalt-5\\\/event-aufenthalt-4\\\/#primaryimage\"},\"image\":{\"@id\":\"https:\\\/\\\/hotel-tante.dk\\\/de\\\/event-aufenthalt-5\\\/event-aufenthalt-4\\\/#primaryimage\"},\"thumbnailUrl\":\"https:\\\/\\\/hotel-tante.dk\\\/wp-content\\\/uploads\\\/2026\\\/02\\\/pexels-notebook-1850613_1920.jpg\",\"datePublished\":\"2026-02-20T07:55:42+00:00\",\"dateModified\":\"2026-03-03T10:48:48+00:00\",\"description\":\"Veranstalten Sie Ihre Konferenz in Lemvig im Tante Hotel & Events. Professionelle Einrichtungen in Westj\u00fctland in der N\u00e4he des Limfjords und der Nordsee.\",\"breadcrumb\":{\"@id\":\"https:\\\/\\\/hotel-tante.dk\\\/de\\\/event-aufenthalt-5\\\/event-aufenthalt-4\\\/#breadcrumb\"},\"inLanguage\":\"de\",\"potentialAction\":[{\"@type\":\"ReadAction\",\"target\":[\"https:\\\/\\\/hotel-tante.dk\\\/de\\\/event-aufenthalt-5\\\/event-aufenthalt-4\\\/\"]}]},{\"@type\":\"ImageObject\",\"inLanguage\":\"de\",\"@id\":\"https:\\\/\\\/hotel-tante.dk\\\/de\\\/event-aufenthalt-5\\\/event-aufenthalt-4\\\/#primaryimage\",\"url\":\"https:\\\/\\\/hotel-tante.dk\\\/wp-content\\\/uploads\\\/2026\\\/02\\\/pexels-notebook-1850613_1920.jpg\",\"contentUrl\":\"https:\\\/\\\/hotel-tante.dk\\\/wp-content\\\/uploads\\\/2026\\\/02\\\/pexels-notebook-1850613_1920.jpg\",\"width\":1920,\"height\":1174},{\"@type\":\"BreadcrumbList\",\"@id\":\"https:\\\/\\\/hotel-tante.dk\\\/de\\\/event-aufenthalt-5\\\/event-aufenthalt-4\\\/#breadcrumb\",\"itemListElement\":[{\"@type\":\"ListItem\",\"position\":1,\"name\":\"Forside\",\"item\":\"https:\\\/\\\/hotel-tante.dk\\\/de\\\/start\\\/\"},{\"@type\":\"ListItem\",\"position\":2,\"name\":\"Business\",\"item\":\"https:\\\/\\\/hotel-tante.dk\\\/de\\\/event-aufenthalt-5\\\/\"},{\"@type\":\"ListItem\",\"position\":3,\"name\":\"Konferenz\"}]},{\"@type\":\"WebSite\",\"@id\":\"https:\\\/\\\/hotel-tante.dk\\\/de\\\/#website\",\"url\":\"https:\\\/\\\/hotel-tante.dk\\\/de\\\/\",\"name\":\"TANTE Hotel &amp; Events\",\"description\":\"3-stjernet hotel i hjertet af Lemvig\",\"publisher\":{\"@id\":\"https:\\\/\\\/hotel-tante.dk\\\/de\\\/#organization\"},\"potentialAction\":[{\"@type\":\"SearchAction\",\"target\":{\"@type\":\"EntryPoint\",\"urlTemplate\":\"https:\\\/\\\/hotel-tante.dk\\\/de\\\/?s={search_term_string}\"},\"query-input\":{\"@type\":\"PropertyValueSpecification\",\"valueRequired\":true,\"valueName\":\"search_term_string\"}}],\"inLanguage\":\"de\"},{\"@type\":\"Organization\",\"@id\":\"https:\\\/\\\/hotel-tante.dk\\\/de\\\/#organization\",\"name\":\"TANTE Hotel &amp; Events\",\"url\":\"https:\\\/\\\/hotel-tante.dk\\\/de\\\/\",\"logo\":{\"@type\":\"ImageObject\",\"inLanguage\":\"de\",\"@id\":\"https:\\\/\\\/hotel-tante.dk\\\/de\\\/#\\\/schema\\\/logo\\\/image\\\/\",\"url\":\"https:\\\/\\\/hotel-tante.dk\\\/wp-content\\\/uploads\\\/2025\\\/09\\\/cropped-tante-logo_whitegold_CMYK-2-scaled-1.jpg\",\"contentUrl\":\"https:\\\/\\\/hotel-tante.dk\\\/wp-content\\\/uploads\\\/2025\\\/09\\\/cropped-tante-logo_whitegold_CMYK-2-scaled-1.jpg\",\"width\":2047,\"height\":829,\"caption\":\"TANTE Hotel &amp; Events\"},\"image\":{\"@id\":\"https:\\\/\\\/hotel-tante.dk\\\/de\\\/#\\\/schema\\\/logo\\\/image\\\/\"}}]}<\/script>\n<!-- \/ Yoast SEO plugin. -->","yoast_head_json":{"title":"Konferenz | TANTE Hotel &amp; Events","description":"Veranstalten Sie Ihre Konferenz in Lemvig im Tante Hotel & Events. Professionelle Einrichtungen in Westj\u00fctland in der N\u00e4he des Limfjords und der Nordsee.","robots":{"index":"index","follow":"follow","max-snippet":"max-snippet:-1","max-image-preview":"max-image-preview:large","max-video-preview":"max-video-preview:-1"},"canonical":"https:\/\/hotel-tante.dk\/de\/event-aufenthalt-5\/event-aufenthalt-4\/","og_locale":"de_DE","og_type":"article","og_title":"Konferenz | TANTE Hotel &amp; Events","og_description":"Veranstalten Sie Ihre Konferenz in Lemvig im Tante Hotel & Events. Professionelle Einrichtungen in Westj\u00fctland in der N\u00e4he des Limfjords und der Nordsee.","og_url":"https:\/\/hotel-tante.dk\/de\/event-aufenthalt-5\/event-aufenthalt-4\/","og_site_name":"TANTE Hotel &amp; Events","article_modified_time":"2026-03-03T10:48:48+00:00","og_image":[{"width":1920,"height":1174,"url":"https:\/\/hotel-tante.dk\/wp-content\/uploads\/2026\/02\/pexels-notebook-1850613_1920.jpg","type":"image\/jpeg"}],"twitter_card":"summary_large_image","twitter_misc":{"Gesch\u00e4tzte Lesezeit":"2\u00a0Minuten"},"schema":{"@context":"https:\/\/schema.org","@graph":[{"@type":"WebPage","@id":"https:\/\/hotel-tante.dk\/de\/event-aufenthalt-5\/event-aufenthalt-4\/","url":"https:\/\/hotel-tante.dk\/de\/event-aufenthalt-5\/event-aufenthalt-4\/","name":"Konferenz | TANTE Hotel &amp; Events","isPartOf":{"@id":"https:\/\/hotel-tante.dk\/de\/#website"},"primaryImageOfPage":{"@id":"https:\/\/hotel-tante.dk\/de\/event-aufenthalt-5\/event-aufenthalt-4\/#primaryimage"},"image":{"@id":"https:\/\/hotel-tante.dk\/de\/event-aufenthalt-5\/event-aufenthalt-4\/#primaryimage"},"thumbnailUrl":"https:\/\/hotel-tante.dk\/wp-content\/uploads\/2026\/02\/pexels-notebook-1850613_1920.jpg","datePublished":"2026-02-20T07:55:42+00:00","dateModified":"2026-03-03T10:48:48+00:00","description":"Veranstalten Sie Ihre Konferenz in Lemvig im Tante Hotel & Events. Professionelle Einrichtungen in Westj\u00fctland in der N\u00e4he des Limfjords und der Nordsee.","breadcrumb":{"@id":"https:\/\/hotel-tante.dk\/de\/event-aufenthalt-5\/event-aufenthalt-4\/#breadcrumb"},"inLanguage":"de","potentialAction":[{"@type":"ReadAction","target":["https:\/\/hotel-tante.dk\/de\/event-aufenthalt-5\/event-aufenthalt-4\/"]}]},{"@type":"ImageObject","inLanguage":"de","@id":"https:\/\/hotel-tante.dk\/de\/event-aufenthalt-5\/event-aufenthalt-4\/#primaryimage","url":"https:\/\/hotel-tante.dk\/wp-content\/uploads\/2026\/02\/pexels-notebook-1850613_1920.jpg","contentUrl":"https:\/\/hotel-tante.dk\/wp-content\/uploads\/2026\/02\/pexels-notebook-1850613_1920.jpg","width":1920,"height":1174},{"@type":"BreadcrumbList","@id":"https:\/\/hotel-tante.dk\/de\/event-aufenthalt-5\/event-aufenthalt-4\/#breadcrumb","itemListElement":[{"@type":"ListItem","position":1,"name":"Forside","item":"https:\/\/hotel-tante.dk\/de\/start\/"},{"@type":"ListItem","position":2,"name":"Business","item":"https:\/\/hotel-tante.dk\/de\/event-aufenthalt-5\/"},{"@type":"ListItem","position":3,"name":"Konferenz"}]},{"@type":"WebSite","@id":"https:\/\/hotel-tante.dk\/de\/#website","url":"https:\/\/hotel-tante.dk\/de\/","name":"TANTE Hotel &amp; Events","description":"3-stjernet hotel i hjertet af Lemvig","publisher":{"@id":"https:\/\/hotel-tante.dk\/de\/#organization"},"potentialAction":[{"@type":"SearchAction","target":{"@type":"EntryPoint","urlTemplate":"https:\/\/hotel-tante.dk\/de\/?s={search_term_string}"},"query-input":{"@type":"PropertyValueSpecification","valueRequired":true,"valueName":"search_term_string"}}],"inLanguage":"de"},{"@type":"Organization","@id":"https:\/\/hotel-tante.dk\/de\/#organization","name":"TANTE Hotel &amp; Events","url":"https:\/\/hotel-tante.dk\/de\/","logo":{"@type":"ImageObject","inLanguage":"de","@id":"https:\/\/hotel-tante.dk\/de\/#\/schema\/logo\/image\/","url":"https:\/\/hotel-tante.dk\/wp-content\/uploads\/2025\/09\/cropped-tante-logo_whitegold_CMYK-2-scaled-1.jpg","contentUrl":"https:\/\/hotel-tante.dk\/wp-content\/uploads\/2025\/09\/cropped-tante-logo_whitegold_CMYK-2-scaled-1.jpg","width":2047,"height":829,"caption":"TANTE Hotel &amp; Events"},"image":{"@id":"https:\/\/hotel-tante.dk\/de\/#\/schema\/logo\/image\/"}}]}},"_links":{"self":[{"href":"https:\/\/hotel-tante.dk\/de\/wp-json\/wp\/v2\/pages\/11780","targetHints":{"allow":["GET"]}}],"collection":[{"href":"https:\/\/hotel-tante.dk\/de\/wp-json\/wp\/v2\/pages"}],"about":[{"href":"https:\/\/hotel-tante.dk\/de\/wp-json\/wp\/v2\/types\/page"}],"author":[{"embeddable":true,"href":"https:\/\/hotel-tante.dk\/de\/wp-json\/wp\/v2\/users\/6"}],"replies":[{"embeddable":true,"href":"https:\/\/hotel-tante.dk\/de\/wp-json\/wp\/v2\/comments?post=11780"}],"version-history":[{"count":4,"href":"https:\/\/hotel-tante.dk\/de\/wp-json\/wp\/v2\/pages\/11780\/revisions"}],"predecessor-version":[{"id":12207,"href":"https:\/\/hotel-tante.dk\/de\/wp-json\/wp\/v2\/pages\/11780\/revisions\/12207"}],"up":[{"embeddable":true,"href":"https:\/\/hotel-tante.dk\/de\/wp-json\/wp\/v2\/pages\/11798"}],"wp:featuredmedia":[{"embeddable":true,"href":"https:\/\/hotel-tante.dk\/de\/wp-json\/wp\/v2\/media\/11729"}],"wp:attachment":[{"href":"https:\/\/hotel-tante.dk\/de\/wp-json\/wp\/v2\/media?parent=11780"}],"wp:term":[{"taxonomy":"category","embeddable":true,"href":"https:\/\/hotel-tante.dk\/de\/wp-json\/wp\/v2\/categories?post=11780"}],"curies":[{"name":"wp","href":"https:\/\/api.w.org\/{rel}","templated":true}]}}