{"id":11822,"date":"2026-02-20T09:23:12","date_gmt":"2026-02-20T08:23:12","guid":{"rendered":"https:\/\/hotel-tante.dk\/?page_id=11822"},"modified":"2026-03-03T11:49:30","modified_gmt":"2026-03-03T10:49:30","slug":"event-aufenthalt-2","status":"publish","type":"page","link":"https:\/\/hotel-tante.dk\/de\/event-aufenthalt-5\/event-aufenthalt-2\/","title":{"rendered":"Kurse"},"content":{"rendered":"\t\t<div data-elementor-type=\"wp-page\" data-elementor-id=\"11822\" class=\"elementor elementor-11822 elementor-11821\" data-elementor-post-type=\"page\">\n\t\t\t\t<div class=\"elementor-element elementor-element-35412ef e-flex e-con-boxed e-con e-parent\" data-id=\"35412ef\" data-element_type=\"container\" data-e-type=\"container\">\n\t\t\t\t\t<div class=\"e-con-inner\">\n\t\t<div class=\"elementor-element elementor-element-75124f5 e-con-full e-flex e-con e-child\" data-id=\"75124f5\" data-element_type=\"container\" data-e-type=\"container\">\n\t\t\t\t<div class=\"elementor-element elementor-element-16c8f7b elementor-widget elementor-widget-image\" data-id=\"16c8f7b\" data-element_type=\"widget\" data-e-type=\"widget\" data-widget_type=\"image.default\">\n\t\t\t\t<div class=\"elementor-widget-container\">\n\t\t\t\t\t\t\t\t\t\t\t\t\t\t\t<img fetchpriority=\"high\" decoding=\"async\" width=\"1000\" height=\"611\" src=\"https:\/\/hotel-tante.dk\/wp-content\/uploads\/2026\/02\/pexels-notebook-1850613_1920-1000x611.jpg\" class=\"attachment-large size-large wp-image-11729\" alt=\"\" srcset=\"https:\/\/hotel-tante.dk\/wp-content\/uploads\/2026\/02\/pexels-notebook-1850613_1920-1000x611.jpg 1000w, https:\/\/hotel-tante.dk\/wp-content\/uploads\/2026\/02\/pexels-notebook-1850613_1920-500x306.jpg 500w, https:\/\/hotel-tante.dk\/wp-content\/uploads\/2026\/02\/pexels-notebook-1850613_1920-768x470.jpg 768w, https:\/\/hotel-tante.dk\/wp-content\/uploads\/2026\/02\/pexels-notebook-1850613_1920-1536x939.jpg 1536w, https:\/\/hotel-tante.dk\/wp-content\/uploads\/2026\/02\/pexels-notebook-1850613_1920.jpg 1920w\" sizes=\"(max-width: 1000px) 100vw, 1000px\" \/>\t\t\t\t\t\t\t\t\t\t\t\t\t\t\t<\/div>\n\t\t\t\t<\/div>\n\t\t\t\t<\/div>\n\t\t<div class=\"elementor-element elementor-element-ac9e37d e-con-full e-flex e-con e-child\" data-id=\"ac9e37d\" data-element_type=\"container\" data-e-type=\"container\">\n\t\t\t\t<div class=\"elementor-element elementor-element-a79326b elementor-widget elementor-widget-heading\" data-id=\"a79326b\" data-element_type=\"widget\" data-e-type=\"widget\" data-widget_type=\"heading.default\">\n\t\t\t\t<div class=\"elementor-widget-container\">\n\t\t\t\t\t<h2 class=\"elementor-heading-title elementor-size-default\">Kurse in Lemvig<\/h2>\t\t\t\t<\/div>\n\t\t\t\t<\/div>\n\t\t\t\t<div class=\"elementor-element elementor-element-7ad65201 white elementor-widget elementor-widget-text-editor\" data-id=\"7ad65201\" data-element_type=\"widget\" data-e-type=\"widget\" data-widget_type=\"text-editor.default\">\n\t\t\t\t<div class=\"elementor-widget-container\">\n\t\t\t\t\t\t\t\t\t<h2 data-start=\"186\" data-end=\"222\">Lernen in malerischer Umgebung<\/h2><p data-start=\"231\" data-end=\"442\">Veranstalten Sie Kurse im Tante Hotel &amp; Events in Lemvig und geben Sie Ihren Teilnehmern Zeit, in sich zu gehen. Unsere Kursr\u00e4ume verbinden ein professionelles Ambiente mit westj\u00fctl\u00e4ndischer Pr\u00e4senz und sch\u00f6ner Natur in der N\u00e4he des Limfjords und der Nordsee. <\/p><p data-start=\"444\" data-end=\"633\">Unsere Einrichtungen k\u00f6nnen sowohl f\u00fcr kleine Gruppen als auch f\u00fcr gr\u00f6\u00dfere Klassen angepasst werden, und wir k\u00fcmmern uns um alle praktischen Dinge, damit Sie sich auf den Inhalt konzentrieren k\u00f6nnen. Perfekt f\u00fcr professionelle Kurse, Workshops und Schulungsprogramme. <\/p><h2 data-start=\"640\" data-end=\"675\">Warum sollten Sie einen Kurs in Lemvig w\u00e4hlen?<\/h2><ul data-start=\"684\" data-end=\"896\"><li data-start=\"684\" data-end=\"723\"><p data-start=\"686\" data-end=\"723\">Ruhige Umgebung f\u00fcr bessere Konzentration<\/p><\/li><li data-start=\"724\" data-end=\"760\"><p data-start=\"726\" data-end=\"760\">In der N\u00e4he des Limfjords und der Nordsee<\/p><\/li><li data-start=\"761\" data-end=\"804\"><p data-start=\"763\" data-end=\"804\">Flexible R\u00e4ume mit AV-Ausstattung und WiFi<\/p><\/li><li data-start=\"805\" data-end=\"846\"><p data-start=\"807\" data-end=\"846\">Mittagessen, Snacks und Kaffee erh\u00e4ltlich<\/p><\/li><li data-start=\"847\" data-end=\"896\"><p data-start=\"849\" data-end=\"896\">Unterkunft am selben Ort bei mehrt\u00e4gigen Kursen<\/p><\/li><\/ul><p data-start=\"898\" data-end=\"983\">Unser Ziel ist es, den Wert zu maximieren und den Teilnehmern ein au\u00dfergew\u00f6hnliches Erlebnis zu bieten.<\/p><h2 data-start=\"990\" data-end=\"1021\">Unterkunft und Verpflegung<\/h2><p data-start=\"1030\" data-end=\"1104\">Wir bieten mehrt\u00e4gige Kurse mit Unterkunft und individueller Verpflegung an:<\/p><ul data-start=\"1106\" data-end=\"1224\"><li data-start=\"1106\" data-end=\"1142\"><p data-start=\"1108\" data-end=\"1142\">Komfortable Zimmer im Hotel<\/p><\/li><li data-start=\"1143\" data-end=\"1183\"><p data-start=\"1145\" data-end=\"1183\">Mittagessen und Snacks mit lokalen Produkten<\/p><\/li><li data-start=\"1184\" data-end=\"1224\"><p data-start=\"1186\" data-end=\"1224\">Abendessen Option im Private Dining<\/p><\/li><\/ul><p data-start=\"1226\" data-end=\"1309\">Alles wird auf Ihr Programm zugeschnitten, damit der Kurs sowohl effektiv als auch inspirierend ist.<\/p><h2 data-start=\"1316\" data-end=\"1355\">Planen Sie Ihren Kurs in Westj\u00fctland<\/h2><p data-start=\"1364\" data-end=\"1399\">M\u00f6chten Sie mehr \u00fcber Kurse in Lemvig erfahren?<\/p><p data-start=\"1401\" data-end=\"1517\">Kontaktieren Sie uns f\u00fcr ein unverbindliches Angebot. Wir helfen Ihnen, ein optimales Umfeld in der sch\u00f6nen westj\u00fctl\u00e4ndischen Umgebung zu schaffen. <\/p>\t\t\t\t\t\t\t\t<\/div>\n\t\t\t\t<\/div>\n\t\t\t\t<\/div>\n\t\t\t\t\t<\/div>\n\t\t\t\t<\/div>\n\t\t\t\t<\/div>\n\t\t","protected":false},"excerpt":{"rendered":"<p>Kurse in Lemvig Lernen in malerischer Umgebung Veranstalten Sie Kurse im Tante Hotel &amp; Events in Lemvig und geben Sie Ihren Teilnehmern Zeit, in sich zu gehen. Unsere Kursr\u00e4ume verbinden ein professionelles Ambiente mit westj\u00fctl\u00e4ndischer Pr\u00e4senz und sch\u00f6ner Natur in der N\u00e4he des Limfjords und der Nordsee. Unsere Einrichtungen k\u00f6nnen sowohl f\u00fcr kleine Gruppen als &#8230; <a title=\"Kurse\" class=\"read-more\" href=\"https:\/\/hotel-tante.dk\/de\/event-aufenthalt-5\/event-aufenthalt-2\/\" aria-label=\"Mehr Informationen \u00fcber Kurse\">Weiterlesen &#8230;<\/a><\/p>\n","protected":false},"author":6,"featured_media":11729,"parent":11798,"menu_order":0,"comment_status":"closed","ping_status":"closed","template":"","meta":{"_acf_changed":false,"footnotes":""},"categories":[],"class_list":["post-11822","page","type-page","status-publish","has-post-thumbnail"],"acf":[],"yoast_head":"<!-- This site is optimized with the Yoast SEO plugin v27.4 - https:\/\/yoast.com\/product\/yoast-seo-wordpress\/ -->\n<title>Kurse | TANTE Hotel &amp; Events<\/title>\n<meta name=\"description\" content=\"Veranstalten Sie einen Kurs in Lemvig im Tante Hotel &amp; Events. Flexible R\u00e4ume, AV-Ausstattung und eine ruhige Umgebung in der N\u00e4he des Limfjords und der Nordsee.\" \/>\n<meta name=\"robots\" content=\"index, follow, max-snippet:-1, max-image-preview:large, max-video-preview:-1\" \/>\n<link rel=\"canonical\" href=\"https:\/\/hotel-tante.dk\/de\/event-aufenthalt-5\/event-aufenthalt-2\/\" \/>\n<meta property=\"og:locale\" content=\"de_DE\" \/>\n<meta property=\"og:type\" content=\"article\" \/>\n<meta property=\"og:title\" content=\"Kurse | TANTE Hotel &amp; Events\" \/>\n<meta property=\"og:description\" content=\"Veranstalten Sie einen Kurs in Lemvig im Tante Hotel &amp; Events. Flexible R\u00e4ume, AV-Ausstattung und eine ruhige Umgebung in der N\u00e4he des Limfjords und der Nordsee.\" \/>\n<meta property=\"og:url\" content=\"https:\/\/hotel-tante.dk\/de\/event-aufenthalt-5\/event-aufenthalt-2\/\" \/>\n<meta property=\"og:site_name\" content=\"TANTE Hotel &amp; Events\" \/>\n<meta property=\"article:modified_time\" content=\"2026-03-03T10:49:30+00:00\" \/>\n<meta property=\"og:image\" content=\"https:\/\/hotel-tante.dk\/wp-content\/uploads\/2026\/02\/pexels-notebook-1850613_1920.jpg\" \/>\n\t<meta property=\"og:image:width\" content=\"1920\" \/>\n\t<meta property=\"og:image:height\" content=\"1174\" \/>\n\t<meta property=\"og:image:type\" content=\"image\/jpeg\" \/>\n<meta name=\"twitter:card\" content=\"summary_large_image\" \/>\n<meta name=\"twitter:label1\" content=\"Gesch\u00e4tzte Lesezeit\" \/>\n\t<meta name=\"twitter:data1\" content=\"1\u00a0Minute\" \/>\n<script type=\"application\/ld+json\" class=\"yoast-schema-graph\">{\"@context\":\"https:\\\/\\\/schema.org\",\"@graph\":[{\"@type\":\"WebPage\",\"@id\":\"https:\\\/\\\/hotel-tante.dk\\\/de\\\/event-aufenthalt-5\\\/event-aufenthalt-2\\\/\",\"url\":\"https:\\\/\\\/hotel-tante.dk\\\/de\\\/event-aufenthalt-5\\\/event-aufenthalt-2\\\/\",\"name\":\"Kurse | TANTE Hotel &amp; Events\",\"isPartOf\":{\"@id\":\"https:\\\/\\\/hotel-tante.dk\\\/de\\\/#website\"},\"primaryImageOfPage\":{\"@id\":\"https:\\\/\\\/hotel-tante.dk\\\/de\\\/event-aufenthalt-5\\\/event-aufenthalt-2\\\/#primaryimage\"},\"image\":{\"@id\":\"https:\\\/\\\/hotel-tante.dk\\\/de\\\/event-aufenthalt-5\\\/event-aufenthalt-2\\\/#primaryimage\"},\"thumbnailUrl\":\"https:\\\/\\\/hotel-tante.dk\\\/wp-content\\\/uploads\\\/2026\\\/02\\\/pexels-notebook-1850613_1920.jpg\",\"datePublished\":\"2026-02-20T08:23:12+00:00\",\"dateModified\":\"2026-03-03T10:49:30+00:00\",\"description\":\"Veranstalten Sie einen Kurs in Lemvig im Tante Hotel & Events. Flexible R\u00e4ume, AV-Ausstattung und eine ruhige Umgebung in der N\u00e4he des Limfjords und der Nordsee.\",\"breadcrumb\":{\"@id\":\"https:\\\/\\\/hotel-tante.dk\\\/de\\\/event-aufenthalt-5\\\/event-aufenthalt-2\\\/#breadcrumb\"},\"inLanguage\":\"de\",\"potentialAction\":[{\"@type\":\"ReadAction\",\"target\":[\"https:\\\/\\\/hotel-tante.dk\\\/de\\\/event-aufenthalt-5\\\/event-aufenthalt-2\\\/\"]}]},{\"@type\":\"ImageObject\",\"inLanguage\":\"de\",\"@id\":\"https:\\\/\\\/hotel-tante.dk\\\/de\\\/event-aufenthalt-5\\\/event-aufenthalt-2\\\/#primaryimage\",\"url\":\"https:\\\/\\\/hotel-tante.dk\\\/wp-content\\\/uploads\\\/2026\\\/02\\\/pexels-notebook-1850613_1920.jpg\",\"contentUrl\":\"https:\\\/\\\/hotel-tante.dk\\\/wp-content\\\/uploads\\\/2026\\\/02\\\/pexels-notebook-1850613_1920.jpg\",\"width\":1920,\"height\":1174},{\"@type\":\"BreadcrumbList\",\"@id\":\"https:\\\/\\\/hotel-tante.dk\\\/de\\\/event-aufenthalt-5\\\/event-aufenthalt-2\\\/#breadcrumb\",\"itemListElement\":[{\"@type\":\"ListItem\",\"position\":1,\"name\":\"Forside\",\"item\":\"https:\\\/\\\/hotel-tante.dk\\\/de\\\/start\\\/\"},{\"@type\":\"ListItem\",\"position\":2,\"name\":\"Business\",\"item\":\"https:\\\/\\\/hotel-tante.dk\\\/de\\\/event-aufenthalt-5\\\/\"},{\"@type\":\"ListItem\",\"position\":3,\"name\":\"Kurse\"}]},{\"@type\":\"WebSite\",\"@id\":\"https:\\\/\\\/hotel-tante.dk\\\/de\\\/#website\",\"url\":\"https:\\\/\\\/hotel-tante.dk\\\/de\\\/\",\"name\":\"TANTE Hotel &amp; Events\",\"description\":\"3-stjernet hotel i hjertet af Lemvig\",\"publisher\":{\"@id\":\"https:\\\/\\\/hotel-tante.dk\\\/de\\\/#organization\"},\"potentialAction\":[{\"@type\":\"SearchAction\",\"target\":{\"@type\":\"EntryPoint\",\"urlTemplate\":\"https:\\\/\\\/hotel-tante.dk\\\/de\\\/?s={search_term_string}\"},\"query-input\":{\"@type\":\"PropertyValueSpecification\",\"valueRequired\":true,\"valueName\":\"search_term_string\"}}],\"inLanguage\":\"de\"},{\"@type\":\"Organization\",\"@id\":\"https:\\\/\\\/hotel-tante.dk\\\/de\\\/#organization\",\"name\":\"TANTE Hotel &amp; Events\",\"url\":\"https:\\\/\\\/hotel-tante.dk\\\/de\\\/\",\"logo\":{\"@type\":\"ImageObject\",\"inLanguage\":\"de\",\"@id\":\"https:\\\/\\\/hotel-tante.dk\\\/de\\\/#\\\/schema\\\/logo\\\/image\\\/\",\"url\":\"https:\\\/\\\/hotel-tante.dk\\\/wp-content\\\/uploads\\\/2025\\\/09\\\/cropped-tante-logo_whitegold_CMYK-2-scaled-1.jpg\",\"contentUrl\":\"https:\\\/\\\/hotel-tante.dk\\\/wp-content\\\/uploads\\\/2025\\\/09\\\/cropped-tante-logo_whitegold_CMYK-2-scaled-1.jpg\",\"width\":2047,\"height\":829,\"caption\":\"TANTE Hotel &amp; Events\"},\"image\":{\"@id\":\"https:\\\/\\\/hotel-tante.dk\\\/de\\\/#\\\/schema\\\/logo\\\/image\\\/\"}}]}<\/script>\n<!-- \/ Yoast SEO plugin. -->","yoast_head_json":{"title":"Kurse | TANTE Hotel &amp; Events","description":"Veranstalten Sie einen Kurs in Lemvig im Tante Hotel & Events. Flexible R\u00e4ume, AV-Ausstattung und eine ruhige Umgebung in der N\u00e4he des Limfjords und der Nordsee.","robots":{"index":"index","follow":"follow","max-snippet":"max-snippet:-1","max-image-preview":"max-image-preview:large","max-video-preview":"max-video-preview:-1"},"canonical":"https:\/\/hotel-tante.dk\/de\/event-aufenthalt-5\/event-aufenthalt-2\/","og_locale":"de_DE","og_type":"article","og_title":"Kurse | TANTE Hotel &amp; Events","og_description":"Veranstalten Sie einen Kurs in Lemvig im Tante Hotel & Events. Flexible R\u00e4ume, AV-Ausstattung und eine ruhige Umgebung in der N\u00e4he des Limfjords und der Nordsee.","og_url":"https:\/\/hotel-tante.dk\/de\/event-aufenthalt-5\/event-aufenthalt-2\/","og_site_name":"TANTE Hotel &amp; Events","article_modified_time":"2026-03-03T10:49:30+00:00","og_image":[{"width":1920,"height":1174,"url":"https:\/\/hotel-tante.dk\/wp-content\/uploads\/2026\/02\/pexels-notebook-1850613_1920.jpg","type":"image\/jpeg"}],"twitter_card":"summary_large_image","twitter_misc":{"Gesch\u00e4tzte Lesezeit":"1\u00a0Minute"},"schema":{"@context":"https:\/\/schema.org","@graph":[{"@type":"WebPage","@id":"https:\/\/hotel-tante.dk\/de\/event-aufenthalt-5\/event-aufenthalt-2\/","url":"https:\/\/hotel-tante.dk\/de\/event-aufenthalt-5\/event-aufenthalt-2\/","name":"Kurse | TANTE Hotel &amp; Events","isPartOf":{"@id":"https:\/\/hotel-tante.dk\/de\/#website"},"primaryImageOfPage":{"@id":"https:\/\/hotel-tante.dk\/de\/event-aufenthalt-5\/event-aufenthalt-2\/#primaryimage"},"image":{"@id":"https:\/\/hotel-tante.dk\/de\/event-aufenthalt-5\/event-aufenthalt-2\/#primaryimage"},"thumbnailUrl":"https:\/\/hotel-tante.dk\/wp-content\/uploads\/2026\/02\/pexels-notebook-1850613_1920.jpg","datePublished":"2026-02-20T08:23:12+00:00","dateModified":"2026-03-03T10:49:30+00:00","description":"Veranstalten Sie einen Kurs in Lemvig im Tante Hotel & Events. Flexible R\u00e4ume, AV-Ausstattung und eine ruhige Umgebung in der N\u00e4he des Limfjords und der Nordsee.","breadcrumb":{"@id":"https:\/\/hotel-tante.dk\/de\/event-aufenthalt-5\/event-aufenthalt-2\/#breadcrumb"},"inLanguage":"de","potentialAction":[{"@type":"ReadAction","target":["https:\/\/hotel-tante.dk\/de\/event-aufenthalt-5\/event-aufenthalt-2\/"]}]},{"@type":"ImageObject","inLanguage":"de","@id":"https:\/\/hotel-tante.dk\/de\/event-aufenthalt-5\/event-aufenthalt-2\/#primaryimage","url":"https:\/\/hotel-tante.dk\/wp-content\/uploads\/2026\/02\/pexels-notebook-1850613_1920.jpg","contentUrl":"https:\/\/hotel-tante.dk\/wp-content\/uploads\/2026\/02\/pexels-notebook-1850613_1920.jpg","width":1920,"height":1174},{"@type":"BreadcrumbList","@id":"https:\/\/hotel-tante.dk\/de\/event-aufenthalt-5\/event-aufenthalt-2\/#breadcrumb","itemListElement":[{"@type":"ListItem","position":1,"name":"Forside","item":"https:\/\/hotel-tante.dk\/de\/start\/"},{"@type":"ListItem","position":2,"name":"Business","item":"https:\/\/hotel-tante.dk\/de\/event-aufenthalt-5\/"},{"@type":"ListItem","position":3,"name":"Kurse"}]},{"@type":"WebSite","@id":"https:\/\/hotel-tante.dk\/de\/#website","url":"https:\/\/hotel-tante.dk\/de\/","name":"TANTE Hotel &amp; Events","description":"3-stjernet hotel i hjertet af Lemvig","publisher":{"@id":"https:\/\/hotel-tante.dk\/de\/#organization"},"potentialAction":[{"@type":"SearchAction","target":{"@type":"EntryPoint","urlTemplate":"https:\/\/hotel-tante.dk\/de\/?s={search_term_string}"},"query-input":{"@type":"PropertyValueSpecification","valueRequired":true,"valueName":"search_term_string"}}],"inLanguage":"de"},{"@type":"Organization","@id":"https:\/\/hotel-tante.dk\/de\/#organization","name":"TANTE Hotel &amp; Events","url":"https:\/\/hotel-tante.dk\/de\/","logo":{"@type":"ImageObject","inLanguage":"de","@id":"https:\/\/hotel-tante.dk\/de\/#\/schema\/logo\/image\/","url":"https:\/\/hotel-tante.dk\/wp-content\/uploads\/2025\/09\/cropped-tante-logo_whitegold_CMYK-2-scaled-1.jpg","contentUrl":"https:\/\/hotel-tante.dk\/wp-content\/uploads\/2025\/09\/cropped-tante-logo_whitegold_CMYK-2-scaled-1.jpg","width":2047,"height":829,"caption":"TANTE Hotel &amp; Events"},"image":{"@id":"https:\/\/hotel-tante.dk\/de\/#\/schema\/logo\/image\/"}}]}},"_links":{"self":[{"href":"https:\/\/hotel-tante.dk\/de\/wp-json\/wp\/v2\/pages\/11822","targetHints":{"allow":["GET"]}}],"collection":[{"href":"https:\/\/hotel-tante.dk\/de\/wp-json\/wp\/v2\/pages"}],"about":[{"href":"https:\/\/hotel-tante.dk\/de\/wp-json\/wp\/v2\/types\/page"}],"author":[{"embeddable":true,"href":"https:\/\/hotel-tante.dk\/de\/wp-json\/wp\/v2\/users\/6"}],"replies":[{"embeddable":true,"href":"https:\/\/hotel-tante.dk\/de\/wp-json\/wp\/v2\/comments?post=11822"}],"version-history":[{"count":3,"href":"https:\/\/hotel-tante.dk\/de\/wp-json\/wp\/v2\/pages\/11822\/revisions"}],"predecessor-version":[{"id":12268,"href":"https:\/\/hotel-tante.dk\/de\/wp-json\/wp\/v2\/pages\/11822\/revisions\/12268"}],"up":[{"embeddable":true,"href":"https:\/\/hotel-tante.dk\/de\/wp-json\/wp\/v2\/pages\/11798"}],"wp:featuredmedia":[{"embeddable":true,"href":"https:\/\/hotel-tante.dk\/de\/wp-json\/wp\/v2\/media\/11729"}],"wp:attachment":[{"href":"https:\/\/hotel-tante.dk\/de\/wp-json\/wp\/v2\/media?parent=11822"}],"wp:term":[{"taxonomy":"category","embeddable":true,"href":"https:\/\/hotel-tante.dk\/de\/wp-json\/wp\/v2\/categories?post=11822"}],"curies":[{"name":"wp","href":"https:\/\/api.w.org\/{rel}","templated":true}]}}