{"id":11831,"date":"2026-02-20T09:27:44","date_gmt":"2026-02-20T08:27:44","guid":{"rendered":"https:\/\/hotel-tante.dk\/?page_id=11831"},"modified":"2026-03-03T11:45:58","modified_gmt":"2026-03-03T10:45:58","slug":"event-aufenthalt-3","status":"publish","type":"page","link":"https:\/\/hotel-tante.dk\/de\/event-aufenthalt-5\/event-aufenthalt-3\/","title":{"rendered":"Privat dinieren"},"content":{"rendered":"\t\t<div data-elementor-type=\"wp-page\" data-elementor-id=\"11831\" class=\"elementor elementor-11831 elementor-11830\" data-elementor-post-type=\"page\">\n\t\t\t\t<div class=\"elementor-element elementor-element-35412ef e-flex e-con-boxed e-con e-parent\" data-id=\"35412ef\" data-element_type=\"container\" data-e-type=\"container\">\n\t\t\t\t\t<div class=\"e-con-inner\">\n\t\t<div class=\"elementor-element elementor-element-75124f5 e-con-full e-flex e-con e-child\" data-id=\"75124f5\" data-element_type=\"container\" data-e-type=\"container\">\n\t\t\t\t<div class=\"elementor-element elementor-element-16c8f7b elementor-widget elementor-widget-image\" data-id=\"16c8f7b\" data-element_type=\"widget\" data-e-type=\"widget\" data-widget_type=\"image.default\">\n\t\t\t\t<div class=\"elementor-widget-container\">\n\t\t\t\t\t\t\t\t\t\t\t\t\t\t\t<img fetchpriority=\"high\" decoding=\"async\" width=\"1000\" height=\"611\" src=\"https:\/\/hotel-tante.dk\/wp-content\/uploads\/2026\/02\/pexels-notebook-1850613_1920-1000x611.jpg\" class=\"attachment-large size-large wp-image-11729\" alt=\"\" srcset=\"https:\/\/hotel-tante.dk\/wp-content\/uploads\/2026\/02\/pexels-notebook-1850613_1920-1000x611.jpg 1000w, https:\/\/hotel-tante.dk\/wp-content\/uploads\/2026\/02\/pexels-notebook-1850613_1920-500x306.jpg 500w, https:\/\/hotel-tante.dk\/wp-content\/uploads\/2026\/02\/pexels-notebook-1850613_1920-768x470.jpg 768w, https:\/\/hotel-tante.dk\/wp-content\/uploads\/2026\/02\/pexels-notebook-1850613_1920-1536x939.jpg 1536w, https:\/\/hotel-tante.dk\/wp-content\/uploads\/2026\/02\/pexels-notebook-1850613_1920.jpg 1920w\" sizes=\"(max-width: 1000px) 100vw, 1000px\" \/>\t\t\t\t\t\t\t\t\t\t\t\t\t\t\t<\/div>\n\t\t\t\t<\/div>\n\t\t\t\t<\/div>\n\t\t<div class=\"elementor-element elementor-element-ac9e37d e-con-full e-flex e-con e-child\" data-id=\"ac9e37d\" data-element_type=\"container\" data-e-type=\"container\">\n\t\t\t\t<div class=\"elementor-element elementor-element-a79326b elementor-widget elementor-widget-heading\" data-id=\"a79326b\" data-element_type=\"widget\" data-e-type=\"widget\" data-widget_type=\"heading.default\">\n\t\t\t\t<div class=\"elementor-widget-container\">\n\t\t\t\t\t<h2 class=\"elementor-heading-title elementor-size-default\">Privat dinieren in Lemvig<\/h2>\t\t\t\t<\/div>\n\t\t\t\t<\/div>\n\t\t\t\t<div class=\"elementor-element elementor-element-7ad65201 white elementor-widget elementor-widget-text-editor\" data-id=\"7ad65201\" data-element_type=\"widget\" data-e-type=\"widget\" data-widget_type=\"text-editor.default\">\n\t\t\t\t<div class=\"elementor-widget-container\">\n\t\t\t\t\t\t\t\t\t<p data-start=\"268\" data-end=\"525\">Im Tante Hotel &amp; Events in Lemvig bieten wir Private Dining f\u00fcr Unternehmen, Manager und Teams, die ein intimes und exklusives Erlebnis w\u00fcnschen. Unser Boutique-Ambiente kombiniert professionellen Service mit der Ruhe Westj\u00fctlands und der wundersch\u00f6nen Natur in der N\u00e4he des Limfjords und der Nordsee. <\/p><p data-start=\"527\" data-end=\"672\">Private Dining ist ideal f\u00fcr Kundenessen, Vorstandssitzungen oder kleinere Firmenveranstaltungen, bei denen Qualit\u00e4t, Pr\u00e4senz und die pers\u00f6nliche Note im Vordergrund stehen.<\/p><h2 data-start=\"679\" data-end=\"720\">Warum sollten Sie sich f\u00fcr ein Private Dining bei uns entscheiden?<\/h2><ul data-start=\"729\" data-end=\"943\"><li data-start=\"729\" data-end=\"780\"><p data-start=\"731\" data-end=\"780\">Exklusive Atmosph\u00e4re abseits von Hektik und Alltagsstress<\/p><\/li><li data-start=\"781\" data-end=\"821\"><p data-start=\"783\" data-end=\"821\">Sch\u00f6ne R\u00e4umlichkeiten mit einer Boutique-Atmosph\u00e4re<\/p><\/li><li data-start=\"822\" data-end=\"858\"><p data-start=\"824\" data-end=\"858\">In der N\u00e4he des Limfjords und der Nordsee<\/p><\/li><li data-start=\"859\" data-end=\"899\"><p data-start=\"861\" data-end=\"899\">Ma\u00dfgeschneidertes Men\u00fc mit Zutaten aus der Region<\/p><\/li><li data-start=\"900\" data-end=\"943\"><p data-start=\"902\" data-end=\"943\">Pers\u00f6nlicher Service und ein pers\u00f6nlicher Ansprechpartner<\/p><\/li><\/ul><p data-start=\"945\" data-end=\"1016\">Wir sorgen daf\u00fcr, dass Ihr Abendessen sowohl professionell als auch unvergesslich ist.<\/p><h2 data-start=\"1023\" data-end=\"1047\">Men\u00fc und Catering<\/h2><p data-start=\"1056\" data-end=\"1114\">Wir passen das Men\u00fc nach Ihren W\u00fcnschen an und k\u00f6nnen es mit einbeziehen:<\/p><ul data-start=\"1116\" data-end=\"1284\"><li data-start=\"1116\" data-end=\"1145\"><p data-start=\"1118\" data-end=\"1145\">3-5-G\u00e4nge-Men\u00fcs<\/p><\/li><li data-start=\"1146\" data-end=\"1195\"><p data-start=\"1148\" data-end=\"1195\">Lokale Spezialit\u00e4ten und saisonale Zutaten<\/p><\/li><li data-start=\"1196\" data-end=\"1231\"><p data-start=\"1198\" data-end=\"1231\">Weinempfehlungen und Getr\u00e4nkepakete<\/p><\/li><li data-start=\"1232\" data-end=\"1284\"><p data-start=\"1234\" data-end=\"1284\">M\u00f6glichkeit zur Kombination mit einem Meeting oder Workshop<\/p><\/li><\/ul><p data-start=\"1286\" data-end=\"1366\">Alles wird auf Ihre Bed\u00fcrfnisse und den Zweck der Veranstaltung abgestimmt.<\/p><h2 data-start=\"1373\" data-end=\"1420\">Planen Sie Ihr Private Dining in Westj\u00fctland<\/h2><p data-start=\"1429\" data-end=\"1474\">M\u00f6chten Sie mehr \u00fcber Private Dining in Lemvig erfahren?<\/p><p data-start=\"1476\" data-end=\"1612\">Kontaktieren Sie uns f\u00fcr ein unverbindliches Angebot. Wir helfen Ihnen, ein pers\u00f6nliches und exklusives Erlebnis in der sch\u00f6nen westj\u00fctl\u00e4ndischen Umgebung zu schaffen. <\/p>\t\t\t\t\t\t\t\t<\/div>\n\t\t\t\t<\/div>\n\t\t\t\t<\/div>\n\t\t\t\t\t<\/div>\n\t\t\t\t<\/div>\n\t\t\t\t<\/div>\n\t\t","protected":false},"excerpt":{"rendered":"<p>Privat dinieren in Lemvig Im Tante Hotel &amp; Events in Lemvig bieten wir Private Dining f\u00fcr Unternehmen, Manager und Teams, die ein intimes und exklusives Erlebnis w\u00fcnschen. Unser Boutique-Ambiente kombiniert professionellen Service mit der Ruhe Westj\u00fctlands und der wundersch\u00f6nen Natur in der N\u00e4he des Limfjords und der Nordsee. Private Dining ist ideal f\u00fcr Kundenessen, Vorstandssitzungen &#8230; <a title=\"Privat dinieren\" class=\"read-more\" href=\"https:\/\/hotel-tante.dk\/de\/event-aufenthalt-5\/event-aufenthalt-3\/\" aria-label=\"Mehr Informationen \u00fcber Privat dinieren\">Weiterlesen &#8230;<\/a><\/p>\n","protected":false},"author":6,"featured_media":11729,"parent":11798,"menu_order":0,"comment_status":"closed","ping_status":"closed","template":"","meta":{"_acf_changed":false,"footnotes":""},"categories":[],"class_list":["post-11831","page","type-page","status-publish","has-post-thumbnail"],"acf":[],"yoast_head":"<!-- This site is optimized with the Yoast SEO plugin v27.4 - https:\/\/yoast.com\/product\/yoast-seo-wordpress\/ -->\n<title>Privat dinieren | TANTE Hotel &amp; Events<\/title>\n<meta name=\"description\" content=\"Veranstalten Sie ein privates Abendessen im Tante Hotel &amp; Events in Lemvig. Boutique-Ambiente und pers\u00f6nlicher Service in der N\u00e4he des Limfjords und der Nordsee.\" \/>\n<meta name=\"robots\" content=\"index, follow, max-snippet:-1, max-image-preview:large, max-video-preview:-1\" \/>\n<link rel=\"canonical\" href=\"https:\/\/hotel-tante.dk\/de\/event-aufenthalt-5\/event-aufenthalt-3\/\" \/>\n<meta property=\"og:locale\" content=\"de_DE\" \/>\n<meta property=\"og:type\" content=\"article\" \/>\n<meta property=\"og:title\" content=\"Privat dinieren | TANTE Hotel &amp; Events\" \/>\n<meta property=\"og:description\" content=\"Veranstalten Sie ein privates Abendessen im Tante Hotel &amp; Events in Lemvig. Boutique-Ambiente und pers\u00f6nlicher Service in der N\u00e4he des Limfjords und der Nordsee.\" \/>\n<meta property=\"og:url\" content=\"https:\/\/hotel-tante.dk\/de\/event-aufenthalt-5\/event-aufenthalt-3\/\" \/>\n<meta property=\"og:site_name\" content=\"TANTE Hotel &amp; Events\" \/>\n<meta property=\"article:modified_time\" content=\"2026-03-03T10:45:58+00:00\" \/>\n<meta property=\"og:image\" content=\"https:\/\/hotel-tante.dk\/wp-content\/uploads\/2026\/02\/pexels-notebook-1850613_1920.jpg\" \/>\n\t<meta property=\"og:image:width\" content=\"1920\" \/>\n\t<meta property=\"og:image:height\" content=\"1174\" \/>\n\t<meta property=\"og:image:type\" content=\"image\/jpeg\" \/>\n<meta name=\"twitter:card\" content=\"summary_large_image\" \/>\n<meta name=\"twitter:label1\" content=\"Gesch\u00e4tzte Lesezeit\" \/>\n\t<meta name=\"twitter:data1\" content=\"1\u00a0Minute\" \/>\n<script type=\"application\/ld+json\" class=\"yoast-schema-graph\">{\"@context\":\"https:\\\/\\\/schema.org\",\"@graph\":[{\"@type\":\"WebPage\",\"@id\":\"https:\\\/\\\/hotel-tante.dk\\\/de\\\/event-aufenthalt-5\\\/event-aufenthalt-3\\\/\",\"url\":\"https:\\\/\\\/hotel-tante.dk\\\/de\\\/event-aufenthalt-5\\\/event-aufenthalt-3\\\/\",\"name\":\"Privat dinieren | TANTE Hotel &amp; Events\",\"isPartOf\":{\"@id\":\"https:\\\/\\\/hotel-tante.dk\\\/de\\\/#website\"},\"primaryImageOfPage\":{\"@id\":\"https:\\\/\\\/hotel-tante.dk\\\/de\\\/event-aufenthalt-5\\\/event-aufenthalt-3\\\/#primaryimage\"},\"image\":{\"@id\":\"https:\\\/\\\/hotel-tante.dk\\\/de\\\/event-aufenthalt-5\\\/event-aufenthalt-3\\\/#primaryimage\"},\"thumbnailUrl\":\"https:\\\/\\\/hotel-tante.dk\\\/wp-content\\\/uploads\\\/2026\\\/02\\\/pexels-notebook-1850613_1920.jpg\",\"datePublished\":\"2026-02-20T08:27:44+00:00\",\"dateModified\":\"2026-03-03T10:45:58+00:00\",\"description\":\"Veranstalten Sie ein privates Abendessen im Tante Hotel & Events in Lemvig. Boutique-Ambiente und pers\u00f6nlicher Service in der N\u00e4he des Limfjords und der Nordsee.\",\"breadcrumb\":{\"@id\":\"https:\\\/\\\/hotel-tante.dk\\\/de\\\/event-aufenthalt-5\\\/event-aufenthalt-3\\\/#breadcrumb\"},\"inLanguage\":\"de\",\"potentialAction\":[{\"@type\":\"ReadAction\",\"target\":[\"https:\\\/\\\/hotel-tante.dk\\\/de\\\/event-aufenthalt-5\\\/event-aufenthalt-3\\\/\"]}]},{\"@type\":\"ImageObject\",\"inLanguage\":\"de\",\"@id\":\"https:\\\/\\\/hotel-tante.dk\\\/de\\\/event-aufenthalt-5\\\/event-aufenthalt-3\\\/#primaryimage\",\"url\":\"https:\\\/\\\/hotel-tante.dk\\\/wp-content\\\/uploads\\\/2026\\\/02\\\/pexels-notebook-1850613_1920.jpg\",\"contentUrl\":\"https:\\\/\\\/hotel-tante.dk\\\/wp-content\\\/uploads\\\/2026\\\/02\\\/pexels-notebook-1850613_1920.jpg\",\"width\":1920,\"height\":1174},{\"@type\":\"BreadcrumbList\",\"@id\":\"https:\\\/\\\/hotel-tante.dk\\\/de\\\/event-aufenthalt-5\\\/event-aufenthalt-3\\\/#breadcrumb\",\"itemListElement\":[{\"@type\":\"ListItem\",\"position\":1,\"name\":\"Forside\",\"item\":\"https:\\\/\\\/hotel-tante.dk\\\/de\\\/start\\\/\"},{\"@type\":\"ListItem\",\"position\":2,\"name\":\"Business\",\"item\":\"https:\\\/\\\/hotel-tante.dk\\\/de\\\/event-aufenthalt-5\\\/\"},{\"@type\":\"ListItem\",\"position\":3,\"name\":\"Privat dinieren\"}]},{\"@type\":\"WebSite\",\"@id\":\"https:\\\/\\\/hotel-tante.dk\\\/de\\\/#website\",\"url\":\"https:\\\/\\\/hotel-tante.dk\\\/de\\\/\",\"name\":\"TANTE Hotel &amp; Events\",\"description\":\"3-stjernet hotel i hjertet af Lemvig\",\"publisher\":{\"@id\":\"https:\\\/\\\/hotel-tante.dk\\\/de\\\/#organization\"},\"potentialAction\":[{\"@type\":\"SearchAction\",\"target\":{\"@type\":\"EntryPoint\",\"urlTemplate\":\"https:\\\/\\\/hotel-tante.dk\\\/de\\\/?s={search_term_string}\"},\"query-input\":{\"@type\":\"PropertyValueSpecification\",\"valueRequired\":true,\"valueName\":\"search_term_string\"}}],\"inLanguage\":\"de\"},{\"@type\":\"Organization\",\"@id\":\"https:\\\/\\\/hotel-tante.dk\\\/de\\\/#organization\",\"name\":\"TANTE Hotel &amp; Events\",\"url\":\"https:\\\/\\\/hotel-tante.dk\\\/de\\\/\",\"logo\":{\"@type\":\"ImageObject\",\"inLanguage\":\"de\",\"@id\":\"https:\\\/\\\/hotel-tante.dk\\\/de\\\/#\\\/schema\\\/logo\\\/image\\\/\",\"url\":\"https:\\\/\\\/hotel-tante.dk\\\/wp-content\\\/uploads\\\/2025\\\/09\\\/cropped-tante-logo_whitegold_CMYK-2-scaled-1.jpg\",\"contentUrl\":\"https:\\\/\\\/hotel-tante.dk\\\/wp-content\\\/uploads\\\/2025\\\/09\\\/cropped-tante-logo_whitegold_CMYK-2-scaled-1.jpg\",\"width\":2047,\"height\":829,\"caption\":\"TANTE Hotel &amp; Events\"},\"image\":{\"@id\":\"https:\\\/\\\/hotel-tante.dk\\\/de\\\/#\\\/schema\\\/logo\\\/image\\\/\"}}]}<\/script>\n<!-- \/ Yoast SEO plugin. -->","yoast_head_json":{"title":"Privat dinieren | TANTE Hotel &amp; Events","description":"Veranstalten Sie ein privates Abendessen im Tante Hotel & Events in Lemvig. Boutique-Ambiente und pers\u00f6nlicher Service in der N\u00e4he des Limfjords und der Nordsee.","robots":{"index":"index","follow":"follow","max-snippet":"max-snippet:-1","max-image-preview":"max-image-preview:large","max-video-preview":"max-video-preview:-1"},"canonical":"https:\/\/hotel-tante.dk\/de\/event-aufenthalt-5\/event-aufenthalt-3\/","og_locale":"de_DE","og_type":"article","og_title":"Privat dinieren | TANTE Hotel &amp; Events","og_description":"Veranstalten Sie ein privates Abendessen im Tante Hotel & Events in Lemvig. Boutique-Ambiente und pers\u00f6nlicher Service in der N\u00e4he des Limfjords und der Nordsee.","og_url":"https:\/\/hotel-tante.dk\/de\/event-aufenthalt-5\/event-aufenthalt-3\/","og_site_name":"TANTE Hotel &amp; Events","article_modified_time":"2026-03-03T10:45:58+00:00","og_image":[{"width":1920,"height":1174,"url":"https:\/\/hotel-tante.dk\/wp-content\/uploads\/2026\/02\/pexels-notebook-1850613_1920.jpg","type":"image\/jpeg"}],"twitter_card":"summary_large_image","twitter_misc":{"Gesch\u00e4tzte Lesezeit":"1\u00a0Minute"},"schema":{"@context":"https:\/\/schema.org","@graph":[{"@type":"WebPage","@id":"https:\/\/hotel-tante.dk\/de\/event-aufenthalt-5\/event-aufenthalt-3\/","url":"https:\/\/hotel-tante.dk\/de\/event-aufenthalt-5\/event-aufenthalt-3\/","name":"Privat dinieren | TANTE Hotel &amp; Events","isPartOf":{"@id":"https:\/\/hotel-tante.dk\/de\/#website"},"primaryImageOfPage":{"@id":"https:\/\/hotel-tante.dk\/de\/event-aufenthalt-5\/event-aufenthalt-3\/#primaryimage"},"image":{"@id":"https:\/\/hotel-tante.dk\/de\/event-aufenthalt-5\/event-aufenthalt-3\/#primaryimage"},"thumbnailUrl":"https:\/\/hotel-tante.dk\/wp-content\/uploads\/2026\/02\/pexels-notebook-1850613_1920.jpg","datePublished":"2026-02-20T08:27:44+00:00","dateModified":"2026-03-03T10:45:58+00:00","description":"Veranstalten Sie ein privates Abendessen im Tante Hotel & Events in Lemvig. Boutique-Ambiente und pers\u00f6nlicher Service in der N\u00e4he des Limfjords und der Nordsee.","breadcrumb":{"@id":"https:\/\/hotel-tante.dk\/de\/event-aufenthalt-5\/event-aufenthalt-3\/#breadcrumb"},"inLanguage":"de","potentialAction":[{"@type":"ReadAction","target":["https:\/\/hotel-tante.dk\/de\/event-aufenthalt-5\/event-aufenthalt-3\/"]}]},{"@type":"ImageObject","inLanguage":"de","@id":"https:\/\/hotel-tante.dk\/de\/event-aufenthalt-5\/event-aufenthalt-3\/#primaryimage","url":"https:\/\/hotel-tante.dk\/wp-content\/uploads\/2026\/02\/pexels-notebook-1850613_1920.jpg","contentUrl":"https:\/\/hotel-tante.dk\/wp-content\/uploads\/2026\/02\/pexels-notebook-1850613_1920.jpg","width":1920,"height":1174},{"@type":"BreadcrumbList","@id":"https:\/\/hotel-tante.dk\/de\/event-aufenthalt-5\/event-aufenthalt-3\/#breadcrumb","itemListElement":[{"@type":"ListItem","position":1,"name":"Forside","item":"https:\/\/hotel-tante.dk\/de\/start\/"},{"@type":"ListItem","position":2,"name":"Business","item":"https:\/\/hotel-tante.dk\/de\/event-aufenthalt-5\/"},{"@type":"ListItem","position":3,"name":"Privat dinieren"}]},{"@type":"WebSite","@id":"https:\/\/hotel-tante.dk\/de\/#website","url":"https:\/\/hotel-tante.dk\/de\/","name":"TANTE Hotel &amp; Events","description":"3-stjernet hotel i hjertet af Lemvig","publisher":{"@id":"https:\/\/hotel-tante.dk\/de\/#organization"},"potentialAction":[{"@type":"SearchAction","target":{"@type":"EntryPoint","urlTemplate":"https:\/\/hotel-tante.dk\/de\/?s={search_term_string}"},"query-input":{"@type":"PropertyValueSpecification","valueRequired":true,"valueName":"search_term_string"}}],"inLanguage":"de"},{"@type":"Organization","@id":"https:\/\/hotel-tante.dk\/de\/#organization","name":"TANTE Hotel &amp; Events","url":"https:\/\/hotel-tante.dk\/de\/","logo":{"@type":"ImageObject","inLanguage":"de","@id":"https:\/\/hotel-tante.dk\/de\/#\/schema\/logo\/image\/","url":"https:\/\/hotel-tante.dk\/wp-content\/uploads\/2025\/09\/cropped-tante-logo_whitegold_CMYK-2-scaled-1.jpg","contentUrl":"https:\/\/hotel-tante.dk\/wp-content\/uploads\/2025\/09\/cropped-tante-logo_whitegold_CMYK-2-scaled-1.jpg","width":2047,"height":829,"caption":"TANTE Hotel &amp; Events"},"image":{"@id":"https:\/\/hotel-tante.dk\/de\/#\/schema\/logo\/image\/"}}]}},"_links":{"self":[{"href":"https:\/\/hotel-tante.dk\/de\/wp-json\/wp\/v2\/pages\/11831","targetHints":{"allow":["GET"]}}],"collection":[{"href":"https:\/\/hotel-tante.dk\/de\/wp-json\/wp\/v2\/pages"}],"about":[{"href":"https:\/\/hotel-tante.dk\/de\/wp-json\/wp\/v2\/types\/page"}],"author":[{"embeddable":true,"href":"https:\/\/hotel-tante.dk\/de\/wp-json\/wp\/v2\/users\/6"}],"replies":[{"embeddable":true,"href":"https:\/\/hotel-tante.dk\/de\/wp-json\/wp\/v2\/comments?post=11831"}],"version-history":[{"count":4,"href":"https:\/\/hotel-tante.dk\/de\/wp-json\/wp\/v2\/pages\/11831\/revisions"}],"predecessor-version":[{"id":12107,"href":"https:\/\/hotel-tante.dk\/de\/wp-json\/wp\/v2\/pages\/11831\/revisions\/12107"}],"up":[{"embeddable":true,"href":"https:\/\/hotel-tante.dk\/de\/wp-json\/wp\/v2\/pages\/11798"}],"wp:featuredmedia":[{"embeddable":true,"href":"https:\/\/hotel-tante.dk\/de\/wp-json\/wp\/v2\/media\/11729"}],"wp:attachment":[{"href":"https:\/\/hotel-tante.dk\/de\/wp-json\/wp\/v2\/media?parent=11831"}],"wp:term":[{"taxonomy":"category","embeddable":true,"href":"https:\/\/hotel-tante.dk\/de\/wp-json\/wp\/v2\/categories?post=11831"}],"curies":[{"name":"wp","href":"https:\/\/api.w.org\/{rel}","templated":true}]}}