{"id":12030,"date":"2026-02-11T13:04:26","date_gmt":"2026-02-11T12:04:26","guid":{"rendered":"https:\/\/hotel-tante.dk\/gesellschaften\/gedenkveranstaltung-und-beerdigungskaffee\/"},"modified":"2026-03-03T11:32:18","modified_gmt":"2026-03-03T10:32:18","slug":"gedenkveranstaltung-und-beerdigungskaffee","status":"publish","type":"page","link":"https:\/\/hotel-tante.dk\/de\/gesellschaften\/gedenkveranstaltung-und-beerdigungskaffee\/","title":{"rendered":"Gedenkveranstaltung und Beerdigungskaffee"},"content":{"rendered":"\t\t<div data-elementor-type=\"wp-page\" data-elementor-id=\"12030\" class=\"elementor elementor-12030 elementor-11286\" data-elementor-post-type=\"page\">\n\t\t\t\t<div class=\"elementor-element elementor-element-52cae7bb e-flex e-con-boxed e-con e-parent\" data-id=\"52cae7bb\" data-element_type=\"container\" data-e-type=\"container\">\n\t\t\t\t\t<div class=\"e-con-inner\">\n\t\t<div class=\"elementor-element elementor-element-6f81bd93 e-con-full e-flex e-con e-child\" data-id=\"6f81bd93\" data-element_type=\"container\" data-e-type=\"container\">\n\t\t\t\t<div class=\"elementor-element elementor-element-134f9ca4 elementor-widget elementor-widget-image\" data-id=\"134f9ca4\" data-element_type=\"widget\" data-e-type=\"widget\" data-widget_type=\"image.default\">\n\t\t\t\t<div class=\"elementor-widget-container\">\n\t\t\t\t\t\t\t\t\t\t\t\t\t\t\t<img fetchpriority=\"high\" decoding=\"async\" width=\"1000\" height=\"667\" src=\"https:\/\/hotel-tante.dk\/wp-content\/uploads\/2025\/05\/DSC00550-1000x667.jpg\" class=\"attachment-large size-large wp-image-10881\" alt=\"\" srcset=\"https:\/\/hotel-tante.dk\/wp-content\/uploads\/2025\/05\/DSC00550-1000x667.jpg 1000w, https:\/\/hotel-tante.dk\/wp-content\/uploads\/2025\/05\/DSC00550-500x333.jpg 500w, https:\/\/hotel-tante.dk\/wp-content\/uploads\/2025\/05\/DSC00550-768x512.jpg 768w, https:\/\/hotel-tante.dk\/wp-content\/uploads\/2025\/05\/DSC00550-1536x1024.jpg 1536w, https:\/\/hotel-tante.dk\/wp-content\/uploads\/2025\/05\/DSC00550-scaled.jpg 2048w\" sizes=\"(max-width: 1000px) 100vw, 1000px\" \/>\t\t\t\t\t\t\t\t\t\t\t\t\t\t\t<\/div>\n\t\t\t\t<\/div>\n\t\t\t\t<\/div>\n\t\t<div class=\"elementor-element elementor-element-7c51acdc e-con-full e-flex e-con e-child\" data-id=\"7c51acdc\" data-element_type=\"container\" data-e-type=\"container\">\n\t\t\t\t<div class=\"elementor-element elementor-element-e0045dc elementor-widget elementor-widget-heading\" data-id=\"e0045dc\" data-element_type=\"widget\" data-e-type=\"widget\" data-widget_type=\"heading.default\">\n\t\t\t\t<div class=\"elementor-widget-container\">\n\t\t\t\t\t<h2 class=\"elementor-heading-title elementor-size-default\">Gedenkveranstaltung und Beerdigungskaffee<\/h2>\t\t\t\t<\/div>\n\t\t\t\t<\/div>\n\t\t\t\t<div class=\"elementor-element elementor-element-69e4284f elementor-widget elementor-widget-text-editor\" data-id=\"69e4284f\" data-element_type=\"widget\" data-e-type=\"widget\" data-widget_type=\"text-editor.default\">\n\t\t\t\t<div class=\"elementor-widget-container\">\n\t\t\t\t\t\t\t\t\t<p>Nach einer <strong>Beerdigung oder einem Begr\u00e4bnis <\/strong>kann es eine gro\u00dfe Erleichterung sein, sich in der N\u00e4he der Kirche in einer ruhigen und sicheren Umgebung versammeln zu k\u00f6nnen. Unser Hotel befindet sich <strong>direkt neben der Lemvig-Kirche<\/strong>, so dass Sie den Tag ohne Transport und unn\u00f6tige Unterbrechungen mit einem <strong>Gedenkgottesdienst<\/strong> fortsetzen k\u00f6nnen. Hier gibt es Raum f\u00fcr Pr\u00e4senz, Besinnung und Gemeinschaft f\u00fcr Familie und Freunde.  <\/p><h2><span style=\"color: #ffffff;\">Trauerkaffee, Totenwache und Gedenkfeier<\/span><\/h2><p>Wir verf\u00fcgen \u00fcber umfangreiche Erfahrung in der Organisation von <strong>Trauerfeiern, Trauerkaffees und Totenwachen<\/strong> und helfen Ihnen gerne dabei, eine Veranstaltung zusammenzustellen, die Ihren W\u00fcnschen und Bed\u00fcrfnissen entspricht. Die M\u00f6glichkeiten k\u00f6nnen unter anderem Folgendes umfassen: <\/p><ul><li>Klassischer <strong>Beerdigungskaffee<\/strong> mit Kaffee, Tee und Kuchen<\/li><li>Sandwiches oder leichtes Mittagessen<\/li><li>Warme Gerichte oder Buffet<\/li><li><strong>Grav Bier<\/strong> mit Bier, Wein und alkoholfreien Alternativen<\/li><\/ul><h2><span style=\"color: #ffffff;\">Men\u00fcvorschl\u00e4ge<\/span><\/h2><p>Wir k\u00f6nnen das Men\u00fc nach Ihren W\u00fcnschen anpassen und dabei Allergien, Di\u00e4ten und Sonderw\u00fcnsche ber\u00fccksichtigen, so dass sich alle G\u00e4ste willkommen f\u00fchlen k\u00f6nnen. Hier sind einige Men\u00fcvorschl\u00e4ge:   <\/p><p style=\"text-align: center;\">&#8211; o &#8211;<\/p><p style=\"text-align: center;\">Hausgemachte Br\u00f6tchen mit Aufschnitt und K\u00e4se, gefolgt von Kaffee, Tee und Brezeln.<\/p><p style=\"text-align: center;\">145 kr.<\/p><p style=\"text-align: center;\">Drei oder vier Canap\u00e9s\/Hand-Sandwiches, gefolgt von Kaffee, Tee und Brezeln.<\/p><p style=\"text-align: center;\">185 kr.<\/p><p style=\"text-align: center;\">&#8211; o &#8211;<\/p><p><strong>Optionale Extras: <\/strong><br>Schichtkuchen anstelle von Brezeln: Aufpreis von DKK 20 pro Person.<br>Hausgemachte Kekse: DKK 15 pro Person.<\/p><p><strong>Getr\u00e4nke:<\/strong><br>Flaschenbier (Tuborg oder Classic): DKK 35<br>Softdrinks: DKK 25<br>Hauswein: DKK 295<\/p><h2><span style=\"color: #ffffff;\">Ruhige Umgebung und diskreter Service<\/span><\/h2><p>Unsere Mitarbeiter werden Sie mit Respekt, Sorgfalt und Diskretion behandeln. Wir wissen, dass ein Tag der <strong>Beerdigung<\/strong> Ruhe und Energie erfordert. Deshalb sorgen wir daf\u00fcr, dass alle praktischen Dinge organisiert sind, damit Sie in diesem Moment pr\u00e4sent sein k\u00f6nnen. <\/p><p>Die Lage des Hotels direkt an der <strong>Lemvig-Kirche<\/strong> schafft einen nat\u00fcrlichen und koh\u00e4renten \u00dcbergang von der Zeremonie zur <strong>Gedenkfeier<\/strong> und macht den Tag einfacher und w\u00fcrdevoller. Au\u00dferdem verf\u00fcgen wir \u00fcber Erfahrung und arbeiten mit <strong>lokalen Bestattungsunternehmen<\/strong> zusammen, so dass der gesamte Prozess mit Vertrauen und Professionalit\u00e4t geplant werden kann. <\/p><h2><span style=\"color: #ffffff;\">Kontaktieren Sie uns<\/span><\/h2><p>Wenn Sie mehr \u00fcber <strong>eine Trauerfeier, einen Beerdigungskaffee, eine Totenwache oder einen Gedenkgottesdienst<\/strong> erfahren m\u00f6chten, k\u00f6nnen Sie uns gerne kontaktieren. Wir helfen Ihnen gerne bei der Planung und sorgen f\u00fcr einen w\u00fcrdevollen und ruhigen Ausklang des Tages. <\/p><p>Telefon: <a class=\"custom11\" href=\"tel:+45%2023%2044%2080%2088\" data-cmp-ab=\"2\">+45 23 44 80 88<\/a><br>E-Mail: <a class=\"custom11\" title=\"Schreiben Sie an info@hotel-tante.dk\" href=\"mailto:info@hotel-tante.dk\" data-cmp-ab=\"2\">info@hotel-tante.dk<\/a><\/p><h2><span style=\"color: #ffffff;\">Praktische Informationen<\/span><\/h2><p>Tante befindet sich auf Torvet, direkt neben der Lemvig Kirche. Wenn die Beerdigung oder das Begr\u00e4bnis woanders stattfindet, m\u00fcssen Sie die Fahrzeit berechnen und einen Parkplatz in Lemvig finden. In der Regel gibt es gute M\u00f6glichkeiten, am Torvet, beim Rathaus, auf Engen bei Kvickly oder am Hafen kostenlos zu parken. Hier sehen Sie die empfohlenen Fahrzeiten von Kirchen in der Lemvig Provsti:   <\/p><table border=\"0\" width=\"368\"><tbody><tr><td width=\"184\"><strong>Kirche<\/strong><\/td><td width=\"184\"><strong>Fahrzeit<\/strong><\/td><\/tr><tr><td>B\u00f8vling Kirche<\/td><td>20 Minuten<\/td><\/tr><tr><td>B\u00f8vling Kongregationskirche<\/td><td>20 Minuten<\/td><\/tr><tr><td>Kirche von Dybe<\/td><td>15 Minuten<\/td><\/tr><tr><td>Engbjerg Kirche<\/td><td>14 Minuten<\/td><\/tr><tr><td>Fabjerg Kirche<\/td><td>12 Minuten<\/td><\/tr><tr><td>Ferring Kirche<\/td><td>17 Minuten<\/td><\/tr><tr><td>Fjaltring Kirche<\/td><td>20 Minuten<\/td><\/tr><tr><td>Flynder Kirche<\/td><td>13 Minuten<\/td><\/tr><tr><td>Gudum Kirche<\/td><td>13 Minuten<\/td><\/tr><tr><td>Harbo\u00f8re Kirche<\/td><td>16 Minuten<\/td><\/tr><tr><td>Heldum Kirche<\/td><td>5 Minuten<\/td><\/tr><tr><td>Hove Kirche<\/td><td>9 Minuten<\/td><\/tr><tr><td>Hygum Kirche<\/td><td>15 Minuten<\/td><\/tr><tr><td>Lemvig Kirche<\/td><td>0 Minuten<\/td><\/tr><tr><td>Friedhofskapelle Lemvig<\/td><td>4 Minuten<\/td><\/tr><tr><td>Lemvig Valgmenighedskirke Kirche<\/td><td>3 Minuten<\/td><\/tr><tr><td>Lomborg Kirche<\/td><td>11 Minuten<\/td><\/tr><tr><td>M\u00f8borg Kirche<\/td><td>20 Minuten<\/td><\/tr><tr><td>Nees Kirche<\/td><td>22 Minuten<\/td><\/tr><tr><td>N\u00f8rlem Kirche<\/td><td>5 Minuten<\/td><\/tr><tr><td>N\u00f8rre Nissum Kirche<\/td><td>11 Minuten entfernt<\/td><\/tr><tr><td>Ramme Kirche<\/td><td>15 Minuten<\/td><\/tr><tr><td>Rom Kirche<\/td><td>7 Minuten<\/td><\/tr><tr><td>Thybor\u00f8n Kirche<\/td><td>24 Minuten<\/td><\/tr><tr><td>Trans-Kirche<\/td><td>21 Minuten<\/td><\/tr><tr><td>T\u00f8rring Kirche<\/td><td>8 Minuten<\/td><\/tr><tr><td>Vandborg Kirche<\/td><td>12 Minuten<\/td><\/tr><\/tbody><\/table>\t\t\t\t\t\t\t\t<\/div>\n\t\t\t\t<\/div>\n\t\t\t\t<\/div>\n\t\t\t\t\t<\/div>\n\t\t\t\t<\/div>\n\t\t\t\t<\/div>\n\t\t","protected":false},"excerpt":{"rendered":"<p>Veranstalten Sie Ihre Firmenweihnachtsfeier im Tante Hotel &amp; Events in Lemvig &#8211; gutes Essen, tolle Atmosph\u00e4re, Live-Musik und Tanz.<\/p>\n","protected":false},"author":6,"featured_media":10881,"parent":11024,"menu_order":0,"comment_status":"closed","ping_status":"closed","template":"","meta":{"_acf_changed":false,"footnotes":""},"categories":[],"class_list":["post-12030","page","type-page","status-publish","has-post-thumbnail"],"acf":[],"yoast_head":"<!-- This site is optimized with the Yoast SEO plugin v27.4 - https:\/\/yoast.com\/product\/yoast-seo-wordpress\/ -->\n<title>Gedenkveranstaltung und Beerdigungskaffee | TANTE Hotel &amp; Events<\/title>\n<meta name=\"robots\" content=\"index, follow, max-snippet:-1, max-image-preview:large, max-video-preview:-1\" \/>\n<link rel=\"canonical\" href=\"https:\/\/hotel-tante.dk\/de\/gesellschaften\/gedenkveranstaltung-und-beerdigungskaffee\/\" \/>\n<meta property=\"og:locale\" content=\"de_DE\" \/>\n<meta property=\"og:type\" content=\"article\" \/>\n<meta property=\"og:title\" content=\"Gedenkveranstaltung und Beerdigungskaffee | TANTE Hotel &amp; Events\" \/>\n<meta property=\"og:description\" content=\"Veranstalten Sie Ihre Firmenweihnachtsfeier im Tante Hotel &amp; Events in Lemvig - gutes Essen, tolle Atmosph\u00e4re, Live-Musik und Tanz.\" \/>\n<meta property=\"og:url\" content=\"https:\/\/hotel-tante.dk\/de\/gesellschaften\/gedenkveranstaltung-und-beerdigungskaffee\/\" \/>\n<meta property=\"og:site_name\" content=\"TANTE Hotel &amp; Events\" \/>\n<meta property=\"article:modified_time\" content=\"2026-03-03T10:32:18+00:00\" \/>\n<meta property=\"og:image\" content=\"https:\/\/hotel-tante.dk\/wp-content\/uploads\/2025\/05\/DSC00550-scaled.jpg\" \/>\n\t<meta property=\"og:image:width\" content=\"2048\" \/>\n\t<meta property=\"og:image:height\" content=\"1365\" \/>\n\t<meta property=\"og:image:type\" content=\"image\/jpeg\" \/>\n<meta name=\"twitter:card\" content=\"summary_large_image\" \/>\n<meta name=\"twitter:label1\" content=\"Gesch\u00e4tzte Lesezeit\" \/>\n\t<meta name=\"twitter:data1\" content=\"3\u00a0Minuten\" \/>\n<script type=\"application\/ld+json\" class=\"yoast-schema-graph\">{\"@context\":\"https:\\\/\\\/schema.org\",\"@graph\":[{\"@type\":\"WebPage\",\"@id\":\"https:\\\/\\\/hotel-tante.dk\\\/de\\\/gesellschaften\\\/gedenkveranstaltung-und-beerdigungskaffee\\\/\",\"url\":\"https:\\\/\\\/hotel-tante.dk\\\/de\\\/gesellschaften\\\/gedenkveranstaltung-und-beerdigungskaffee\\\/\",\"name\":\"Gedenkveranstaltung und Beerdigungskaffee | TANTE Hotel &amp; Events\",\"isPartOf\":{\"@id\":\"https:\\\/\\\/hotel-tante.dk\\\/de\\\/#website\"},\"primaryImageOfPage\":{\"@id\":\"https:\\\/\\\/hotel-tante.dk\\\/de\\\/gesellschaften\\\/gedenkveranstaltung-und-beerdigungskaffee\\\/#primaryimage\"},\"image\":{\"@id\":\"https:\\\/\\\/hotel-tante.dk\\\/de\\\/gesellschaften\\\/gedenkveranstaltung-und-beerdigungskaffee\\\/#primaryimage\"},\"thumbnailUrl\":\"https:\\\/\\\/hotel-tante.dk\\\/wp-content\\\/uploads\\\/2025\\\/05\\\/DSC00550-scaled.jpg\",\"datePublished\":\"2026-02-11T12:04:26+00:00\",\"dateModified\":\"2026-03-03T10:32:18+00:00\",\"breadcrumb\":{\"@id\":\"https:\\\/\\\/hotel-tante.dk\\\/de\\\/gesellschaften\\\/gedenkveranstaltung-und-beerdigungskaffee\\\/#breadcrumb\"},\"inLanguage\":\"de\",\"potentialAction\":[{\"@type\":\"ReadAction\",\"target\":[\"https:\\\/\\\/hotel-tante.dk\\\/de\\\/gesellschaften\\\/gedenkveranstaltung-und-beerdigungskaffee\\\/\"]}]},{\"@type\":\"ImageObject\",\"inLanguage\":\"de\",\"@id\":\"https:\\\/\\\/hotel-tante.dk\\\/de\\\/gesellschaften\\\/gedenkveranstaltung-und-beerdigungskaffee\\\/#primaryimage\",\"url\":\"https:\\\/\\\/hotel-tante.dk\\\/wp-content\\\/uploads\\\/2025\\\/05\\\/DSC00550-scaled.jpg\",\"contentUrl\":\"https:\\\/\\\/hotel-tante.dk\\\/wp-content\\\/uploads\\\/2025\\\/05\\\/DSC00550-scaled.jpg\",\"width\":2048,\"height\":1365},{\"@type\":\"BreadcrumbList\",\"@id\":\"https:\\\/\\\/hotel-tante.dk\\\/de\\\/gesellschaften\\\/gedenkveranstaltung-und-beerdigungskaffee\\\/#breadcrumb\",\"itemListElement\":[{\"@type\":\"ListItem\",\"position\":1,\"name\":\"Forside\",\"item\":\"https:\\\/\\\/hotel-tante.dk\\\/de\\\/start\\\/\"},{\"@type\":\"ListItem\",\"position\":2,\"name\":\"Unternehmen\",\"item\":\"https:\\\/\\\/hotel-tante.dk\\\/de\\\/gesellschaften\\\/\"},{\"@type\":\"ListItem\",\"position\":3,\"name\":\"Gedenkveranstaltung und Beerdigungskaffee\"}]},{\"@type\":\"WebSite\",\"@id\":\"https:\\\/\\\/hotel-tante.dk\\\/de\\\/#website\",\"url\":\"https:\\\/\\\/hotel-tante.dk\\\/de\\\/\",\"name\":\"TANTE Hotel &amp; Events\",\"description\":\"3-stjernet hotel i hjertet af Lemvig\",\"publisher\":{\"@id\":\"https:\\\/\\\/hotel-tante.dk\\\/de\\\/#organization\"},\"potentialAction\":[{\"@type\":\"SearchAction\",\"target\":{\"@type\":\"EntryPoint\",\"urlTemplate\":\"https:\\\/\\\/hotel-tante.dk\\\/de\\\/?s={search_term_string}\"},\"query-input\":{\"@type\":\"PropertyValueSpecification\",\"valueRequired\":true,\"valueName\":\"search_term_string\"}}],\"inLanguage\":\"de\"},{\"@type\":\"Organization\",\"@id\":\"https:\\\/\\\/hotel-tante.dk\\\/de\\\/#organization\",\"name\":\"TANTE Hotel &amp; Events\",\"url\":\"https:\\\/\\\/hotel-tante.dk\\\/de\\\/\",\"logo\":{\"@type\":\"ImageObject\",\"inLanguage\":\"de\",\"@id\":\"https:\\\/\\\/hotel-tante.dk\\\/de\\\/#\\\/schema\\\/logo\\\/image\\\/\",\"url\":\"https:\\\/\\\/hotel-tante.dk\\\/wp-content\\\/uploads\\\/2025\\\/09\\\/cropped-tante-logo_whitegold_CMYK-2-scaled-1.jpg\",\"contentUrl\":\"https:\\\/\\\/hotel-tante.dk\\\/wp-content\\\/uploads\\\/2025\\\/09\\\/cropped-tante-logo_whitegold_CMYK-2-scaled-1.jpg\",\"width\":2047,\"height\":829,\"caption\":\"TANTE Hotel &amp; Events\"},\"image\":{\"@id\":\"https:\\\/\\\/hotel-tante.dk\\\/de\\\/#\\\/schema\\\/logo\\\/image\\\/\"}}]}<\/script>\n<!-- \/ Yoast SEO plugin. -->","yoast_head_json":{"title":"Gedenkveranstaltung und Beerdigungskaffee | TANTE Hotel &amp; Events","robots":{"index":"index","follow":"follow","max-snippet":"max-snippet:-1","max-image-preview":"max-image-preview:large","max-video-preview":"max-video-preview:-1"},"canonical":"https:\/\/hotel-tante.dk\/de\/gesellschaften\/gedenkveranstaltung-und-beerdigungskaffee\/","og_locale":"de_DE","og_type":"article","og_title":"Gedenkveranstaltung und Beerdigungskaffee | TANTE Hotel &amp; Events","og_description":"Veranstalten Sie Ihre Firmenweihnachtsfeier im Tante Hotel &amp; Events in Lemvig - gutes Essen, tolle Atmosph\u00e4re, Live-Musik und Tanz.","og_url":"https:\/\/hotel-tante.dk\/de\/gesellschaften\/gedenkveranstaltung-und-beerdigungskaffee\/","og_site_name":"TANTE Hotel &amp; Events","article_modified_time":"2026-03-03T10:32:18+00:00","og_image":[{"width":2048,"height":1365,"url":"https:\/\/hotel-tante.dk\/wp-content\/uploads\/2025\/05\/DSC00550-scaled.jpg","type":"image\/jpeg"}],"twitter_card":"summary_large_image","twitter_misc":{"Gesch\u00e4tzte Lesezeit":"3\u00a0Minuten"},"schema":{"@context":"https:\/\/schema.org","@graph":[{"@type":"WebPage","@id":"https:\/\/hotel-tante.dk\/de\/gesellschaften\/gedenkveranstaltung-und-beerdigungskaffee\/","url":"https:\/\/hotel-tante.dk\/de\/gesellschaften\/gedenkveranstaltung-und-beerdigungskaffee\/","name":"Gedenkveranstaltung und Beerdigungskaffee | TANTE Hotel &amp; Events","isPartOf":{"@id":"https:\/\/hotel-tante.dk\/de\/#website"},"primaryImageOfPage":{"@id":"https:\/\/hotel-tante.dk\/de\/gesellschaften\/gedenkveranstaltung-und-beerdigungskaffee\/#primaryimage"},"image":{"@id":"https:\/\/hotel-tante.dk\/de\/gesellschaften\/gedenkveranstaltung-und-beerdigungskaffee\/#primaryimage"},"thumbnailUrl":"https:\/\/hotel-tante.dk\/wp-content\/uploads\/2025\/05\/DSC00550-scaled.jpg","datePublished":"2026-02-11T12:04:26+00:00","dateModified":"2026-03-03T10:32:18+00:00","breadcrumb":{"@id":"https:\/\/hotel-tante.dk\/de\/gesellschaften\/gedenkveranstaltung-und-beerdigungskaffee\/#breadcrumb"},"inLanguage":"de","potentialAction":[{"@type":"ReadAction","target":["https:\/\/hotel-tante.dk\/de\/gesellschaften\/gedenkveranstaltung-und-beerdigungskaffee\/"]}]},{"@type":"ImageObject","inLanguage":"de","@id":"https:\/\/hotel-tante.dk\/de\/gesellschaften\/gedenkveranstaltung-und-beerdigungskaffee\/#primaryimage","url":"https:\/\/hotel-tante.dk\/wp-content\/uploads\/2025\/05\/DSC00550-scaled.jpg","contentUrl":"https:\/\/hotel-tante.dk\/wp-content\/uploads\/2025\/05\/DSC00550-scaled.jpg","width":2048,"height":1365},{"@type":"BreadcrumbList","@id":"https:\/\/hotel-tante.dk\/de\/gesellschaften\/gedenkveranstaltung-und-beerdigungskaffee\/#breadcrumb","itemListElement":[{"@type":"ListItem","position":1,"name":"Forside","item":"https:\/\/hotel-tante.dk\/de\/start\/"},{"@type":"ListItem","position":2,"name":"Unternehmen","item":"https:\/\/hotel-tante.dk\/de\/gesellschaften\/"},{"@type":"ListItem","position":3,"name":"Gedenkveranstaltung und Beerdigungskaffee"}]},{"@type":"WebSite","@id":"https:\/\/hotel-tante.dk\/de\/#website","url":"https:\/\/hotel-tante.dk\/de\/","name":"TANTE Hotel &amp; Events","description":"3-stjernet hotel i hjertet af Lemvig","publisher":{"@id":"https:\/\/hotel-tante.dk\/de\/#organization"},"potentialAction":[{"@type":"SearchAction","target":{"@type":"EntryPoint","urlTemplate":"https:\/\/hotel-tante.dk\/de\/?s={search_term_string}"},"query-input":{"@type":"PropertyValueSpecification","valueRequired":true,"valueName":"search_term_string"}}],"inLanguage":"de"},{"@type":"Organization","@id":"https:\/\/hotel-tante.dk\/de\/#organization","name":"TANTE Hotel &amp; Events","url":"https:\/\/hotel-tante.dk\/de\/","logo":{"@type":"ImageObject","inLanguage":"de","@id":"https:\/\/hotel-tante.dk\/de\/#\/schema\/logo\/image\/","url":"https:\/\/hotel-tante.dk\/wp-content\/uploads\/2025\/09\/cropped-tante-logo_whitegold_CMYK-2-scaled-1.jpg","contentUrl":"https:\/\/hotel-tante.dk\/wp-content\/uploads\/2025\/09\/cropped-tante-logo_whitegold_CMYK-2-scaled-1.jpg","width":2047,"height":829,"caption":"TANTE Hotel &amp; Events"},"image":{"@id":"https:\/\/hotel-tante.dk\/de\/#\/schema\/logo\/image\/"}}]}},"_links":{"self":[{"href":"https:\/\/hotel-tante.dk\/de\/wp-json\/wp\/v2\/pages\/12030","targetHints":{"allow":["GET"]}}],"collection":[{"href":"https:\/\/hotel-tante.dk\/de\/wp-json\/wp\/v2\/pages"}],"about":[{"href":"https:\/\/hotel-tante.dk\/de\/wp-json\/wp\/v2\/types\/page"}],"author":[{"embeddable":true,"href":"https:\/\/hotel-tante.dk\/de\/wp-json\/wp\/v2\/users\/6"}],"replies":[{"embeddable":true,"href":"https:\/\/hotel-tante.dk\/de\/wp-json\/wp\/v2\/comments?post=12030"}],"version-history":[{"count":1,"href":"https:\/\/hotel-tante.dk\/de\/wp-json\/wp\/v2\/pages\/12030\/revisions"}],"predecessor-version":[{"id":12031,"href":"https:\/\/hotel-tante.dk\/de\/wp-json\/wp\/v2\/pages\/12030\/revisions\/12031"}],"up":[{"embeddable":true,"href":"https:\/\/hotel-tante.dk\/de\/wp-json\/wp\/v2\/pages\/11024"}],"wp:featuredmedia":[{"embeddable":true,"href":"https:\/\/hotel-tante.dk\/de\/wp-json\/wp\/v2\/media\/10881"}],"wp:attachment":[{"href":"https:\/\/hotel-tante.dk\/de\/wp-json\/wp\/v2\/media?parent=12030"}],"wp:term":[{"taxonomy":"category","embeddable":true,"href":"https:\/\/hotel-tante.dk\/de\/wp-json\/wp\/v2\/categories?post=12030"}],"curies":[{"name":"wp","href":"https:\/\/api.w.org\/{rel}","templated":true}]}}